{"id":1876,"date":"2015-04-23T12:38:18","date_gmt":"2015-04-23T10:38:18","guid":{"rendered":"https:\/\/www.transordizia.com\/wp\/autobuses-2\/"},"modified":"2021-06-18T11:57:47","modified_gmt":"2021-06-18T09:57:47","slug":"autobus","status":"publish","type":"page","link":"https:\/\/www.transordizia.com\/it\/servizi\/autobus\/","title":{"rendered":"Autobus"},"content":{"rendered":"<div id=\"pl-1876\"  class=\"panel-layout\" ><div id=\"pg-1876-0\"  class=\"panel-grid panel-no-style\" ><div id=\"pgc-1876-0-0\"  class=\"panel-grid-cell\" ><div id=\"panel-1876-0-0-0\" class=\"so-panel widget widget_black-studio-tinymce widget_black_studio_tinymce panel-first-child panel-last-child\" data-index=\"0\" ><div class=\"textwidget\"><p>TRANSORDIZIA High and Heavy \u00e8 orgogliosa del proprio ruolo di leader di riferimento nel settore dei trasporti di autobus, sia per quanto riguarda i telai che i veicoli provvisti di carrozzeria, compresi gli autobus urbani articolati. Pu\u00f2 contare sul supporto dei pi\u00f9 moderni rimorchi per veicoli e degli autisti pi\u00f9 qualificati per questo tipo di trasporto, offrendo una garanzia di soddisfazione per i propri clienti, i principali produttori di autobus e carrozzerie a livello europeo.<\/p>\n<\/div><\/div><\/div><\/div><div id=\"pg-1876-1\"  class=\"panel-grid panel-no-style\" ><div id=\"pgc-1876-1-0\"  class=\"panel-grid-cell\" ><div id=\"panel-1876-1-0-0\" class=\"so-panel widget widget_media_image panel-first-child panel-last-child\" data-index=\"1\" ><img width=\"1024\" height=\"601\" src=\"https:\/\/www.transordizia.com\/wp-content\/uploads\/2021\/05\/IMG-20190920-WA0009-e1620034248920.jpg\" class=\"image wp-image-1388  attachment-full size-full\" alt=\"\" loading=\"lazy\" style=\"max-width: 100%; height: auto;\" srcset=\"https:\/\/www.transordizia.com\/wp-content\/uploads\/2021\/05\/IMG-20190920-WA0009-e1620034248920.jpg 1024w, https:\/\/www.transordizia.com\/wp-content\/uploads\/2021\/05\/IMG-20190920-WA0009-e1620034248920-300x176.jpg 300w, https:\/\/www.transordizia.com\/wp-content\/uploads\/2021\/05\/IMG-20190920-WA0009-e1620034248920-768x451.jpg 768w\" sizes=\"(max-width: 1024px) 100vw, 1024px\" \/><\/div><\/div><div id=\"pgc-1876-1-1\"  class=\"panel-grid-cell\" ><div id=\"panel-1876-1-1-0\" class=\"so-panel widget widget_media_image panel-first-child panel-last-child\" data-index=\"2\" ><img width=\"2560\" height=\"1513\" src=\"https:\/\/www.transordizia.com\/wp-content\/uploads\/2021\/04\/15-scaled.jpg\" class=\"image wp-image-793  attachment-full size-full\" alt=\"\" loading=\"lazy\" style=\"max-width: 100%; height: auto;\" srcset=\"https:\/\/www.transordizia.com\/wp-content\/uploads\/2021\/04\/15-scaled.jpg 2560w, https:\/\/www.transordizia.com\/wp-content\/uploads\/2021\/04\/15-300x177.jpg 300w, https:\/\/www.transordizia.com\/wp-content\/uploads\/2021\/04\/15-1024x605.jpg 1024w, https:\/\/www.transordizia.com\/wp-content\/uploads\/2021\/04\/15-768x454.jpg 768w, https:\/\/www.transordizia.com\/wp-content\/uploads\/2021\/04\/15-1536x908.jpg 1536w, https:\/\/www.transordizia.com\/wp-content\/uploads\/2021\/04\/15-2048x1211.jpg 2048w\" sizes=\"(max-width: 2560px) 100vw, 2560px\" \/><\/div><\/div><\/div><div id=\"pg-1876-2\"  class=\"panel-grid panel-no-style\" ><div id=\"pgc-1876-2-0\"  class=\"panel-grid-cell\" ><div id=\"panel-1876-2-0-0\" class=\"so-panel widget widget_media_image panel-first-child panel-last-child\" data-index=\"3\" ><img width=\"1024\" height=\"576\" src=\"https:\/\/www.transordizia.com\/wp-content\/uploads\/2021\/05\/5-mayo-iveco-1024x576.jpg\" class=\"image wp-image-1389  attachment-large size-large\" alt=\"\" loading=\"lazy\" style=\"max-width: 100%; height: auto;\" srcset=\"https:\/\/www.transordizia.com\/wp-content\/uploads\/2021\/05\/5-mayo-iveco-1024x576.jpg 1024w, https:\/\/www.transordizia.com\/wp-content\/uploads\/2021\/05\/5-mayo-iveco-300x169.jpg 300w, https:\/\/www.transordizia.com\/wp-content\/uploads\/2021\/05\/5-mayo-iveco-768x432.jpg 768w, https:\/\/www.transordizia.com\/wp-content\/uploads\/2021\/05\/5-mayo-iveco-1536x864.jpg 1536w, https:\/\/www.transordizia.com\/wp-content\/uploads\/2021\/05\/5-mayo-iveco-360x204.jpg 360w, https:\/\/www.transordizia.com\/wp-content\/uploads\/2021\/05\/5-mayo-iveco.jpg 1600w\" sizes=\"(max-width: 1024px) 100vw, 1024px\" \/><\/div><\/div><\/div><\/div>","protected":false},"excerpt":{"rendered":"<p>TRANSORDIZIA High and Heavy \u00e8 orgogliosa del proprio ruolo di leader di riferimento nel settore dei trasporti di autobus, sia per quanto riguarda i telai che i veicoli provvisti di carrozzeria, compresi gli autobus urbani articolati. Pu\u00f2 contare sul supporto dei pi\u00f9 moderni rimorchi per veicoli e degli autisti pi\u00f9 qualificati per questo tipo di &hellip;<\/p>\n","protected":false},"author":1,"featured_media":1490,"parent":1890,"menu_order":0,"comment_status":"closed","ping_status":"open","template":"","meta":{"_links_to":"","_links_to_target":""},"acf":[],"yoast_head":"<!-- This site is optimized with the Yoast SEO plugin v18.5.1 - https:\/\/yoast.com\/wordpress\/plugins\/seo\/ -->\n<title>Autobus - Transordizia High &amp; Heavy<\/title>\n<meta name=\"robots\" content=\"index, follow, max-snippet:-1, max-image-preview:large, max-video-preview:-1\" \/>\n<link rel=\"canonical\" href=\"https:\/\/www.transordizia.com\/it\/servizi\/autobus\/\" \/>\n<meta property=\"og:locale\" content=\"it_IT\" \/>\n<meta property=\"og:type\" content=\"article\" \/>\n<meta property=\"og:title\" content=\"Autobus - Transordizia High &amp; Heavy\" \/>\n<meta property=\"og:description\" content=\"TRANSORDIZIA High and Heavy \u00e8 orgogliosa del proprio ruolo di leader di riferimento nel settore dei trasporti di autobus, sia per quanto riguarda i telai che i veicoli provvisti di carrozzeria, compresi gli autobus urbani articolati. Pu\u00f2 contare sul supporto dei pi\u00f9 moderni rimorchi per veicoli e degli autisti pi\u00f9 qualificati per questo tipo di &hellip;\" \/>\n<meta property=\"og:url\" content=\"https:\/\/www.transordizia.com\/it\/servizi\/autobus\/\" \/>\n<meta property=\"og:site_name\" content=\"Transordizia High &amp; Heavy\" \/>\n<meta property=\"article:modified_time\" content=\"2021-06-18T09:57:47+00:00\" \/>\n<meta property=\"og:image\" content=\"https:\/\/www.transordizia.com\/wp-content\/uploads\/2021\/04\/15-scaled.jpg\" \/>\n\t<meta property=\"og:image:width\" content=\"2560\" \/>\n\t<meta property=\"og:image:height\" content=\"1513\" \/>\n\t<meta property=\"og:image:type\" content=\"image\/jpeg\" \/>\n<meta name=\"twitter:card\" content=\"summary_large_image\" \/>\n<meta name=\"twitter:label1\" content=\"Tempo di lettura stimato\" \/>\n\t<meta name=\"twitter:data1\" content=\"1 minuto\" \/>\n<script type=\"application\/ld+json\" class=\"yoast-schema-graph\">{\"@context\":\"https:\/\/schema.org\",\"@graph\":[{\"@type\":\"Organization\",\"@id\":\"https:\/\/www.transordizia.com\/#organization\",\"name\":\"TRANSORDIZIA High and Heavy\",\"url\":\"https:\/\/www.transordizia.com\/\",\"sameAs\":[],\"logo\":{\"@type\":\"ImageObject\",\"@id\":\"https:\/\/www.transordizia.com\/#logo\",\"inLanguage\":\"it-IT\",\"url\":\"https:\/\/www.transordizia.com\/wp-content\/uploads\/2021\/06\/TRANSORDIZA-LOGISTIC-GROUP_page-0001-e1624349996162.jpg\",\"contentUrl\":\"https:\/\/www.transordizia.com\/wp-content\/uploads\/2021\/06\/TRANSORDIZA-LOGISTIC-GROUP_page-0001-e1624349996162.jpg\",\"width\":2481,\"height\":1754,\"caption\":\"TRANSORDIZIA High and Heavy\"},\"image\":{\"@id\":\"https:\/\/www.transordizia.com\/#logo\"}},{\"@type\":\"WebSite\",\"@id\":\"https:\/\/www.transordizia.com\/#website\",\"url\":\"https:\/\/www.transordizia.com\/\",\"name\":\"Transordizia High &amp; Heavy\",\"description\":\"\",\"publisher\":{\"@id\":\"https:\/\/www.transordizia.com\/#organization\"},\"potentialAction\":[{\"@type\":\"SearchAction\",\"target\":{\"@type\":\"EntryPoint\",\"urlTemplate\":\"https:\/\/www.transordizia.com\/?s={search_term_string}\"},\"query-input\":\"required name=search_term_string\"}],\"inLanguage\":\"it-IT\"},{\"@type\":\"ImageObject\",\"@id\":\"https:\/\/www.transordizia.com\/it\/servizi\/autobus\/#primaryimage\",\"inLanguage\":\"it-IT\",\"url\":\"https:\/\/www.transordizia.com\/wp-content\/uploads\/2021\/04\/15-scaled.jpg\",\"contentUrl\":\"https:\/\/www.transordizia.com\/wp-content\/uploads\/2021\/04\/15-scaled.jpg\",\"width\":2560,\"height\":1513},{\"@type\":\"WebPage\",\"@id\":\"https:\/\/www.transordizia.com\/it\/servizi\/autobus\/#webpage\",\"url\":\"https:\/\/www.transordizia.com\/it\/servizi\/autobus\/\",\"name\":\"Autobus - Transordizia High &amp; Heavy\",\"isPartOf\":{\"@id\":\"https:\/\/www.transordizia.com\/#website\"},\"primaryImageOfPage\":{\"@id\":\"https:\/\/www.transordizia.com\/it\/servizi\/autobus\/#primaryimage\"},\"datePublished\":\"2015-04-23T10:38:18+00:00\",\"dateModified\":\"2021-06-18T09:57:47+00:00\",\"breadcrumb\":{\"@id\":\"https:\/\/www.transordizia.com\/it\/servizi\/autobus\/#breadcrumb\"},\"inLanguage\":\"it-IT\",\"potentialAction\":[{\"@type\":\"ReadAction\",\"target\":[\"https:\/\/www.transordizia.com\/it\/servizi\/autobus\/\"]}]},{\"@type\":\"BreadcrumbList\",\"@id\":\"https:\/\/www.transordizia.com\/it\/servizi\/autobus\/#breadcrumb\",\"itemListElement\":[{\"@type\":\"ListItem\",\"position\":1,\"name\":\"Portada\",\"item\":\"https:\/\/www.transordizia.com\/it\/\"},{\"@type\":\"ListItem\",\"position\":2,\"name\":\"Servizi\",\"item\":\"https:\/\/www.transordizia.com\/it\/servizi\/\"},{\"@type\":\"ListItem\",\"position\":3,\"name\":\"Autobus\"}]}]}<\/script>\n<!-- \/ Yoast SEO plugin. -->","yoast_head_json":{"title":"Autobus - Transordizia High &amp; Heavy","robots":{"index":"index","follow":"follow","max-snippet":"max-snippet:-1","max-image-preview":"max-image-preview:large","max-video-preview":"max-video-preview:-1"},"canonical":"https:\/\/www.transordizia.com\/it\/servizi\/autobus\/","og_locale":"it_IT","og_type":"article","og_title":"Autobus - Transordizia High &amp; Heavy","og_description":"TRANSORDIZIA High and Heavy \u00e8 orgogliosa del proprio ruolo di leader di riferimento nel settore dei trasporti di autobus, sia per quanto riguarda i telai che i veicoli provvisti di carrozzeria, compresi gli autobus urbani articolati. Pu\u00f2 contare sul supporto dei pi\u00f9 moderni rimorchi per veicoli e degli autisti pi\u00f9 qualificati per questo tipo di &hellip;","og_url":"https:\/\/www.transordizia.com\/it\/servizi\/autobus\/","og_site_name":"Transordizia High &amp; Heavy","article_modified_time":"2021-06-18T09:57:47+00:00","og_image":[{"width":2560,"height":1513,"url":"https:\/\/www.transordizia.com\/wp-content\/uploads\/2021\/04\/15-scaled.jpg","type":"image\/jpeg"}],"twitter_card":"summary_large_image","twitter_misc":{"Tempo di lettura stimato":"1 minuto"},"schema":{"@context":"https:\/\/schema.org","@graph":[{"@type":"Organization","@id":"https:\/\/www.transordizia.com\/#organization","name":"TRANSORDIZIA High and Heavy","url":"https:\/\/www.transordizia.com\/","sameAs":[],"logo":{"@type":"ImageObject","@id":"https:\/\/www.transordizia.com\/#logo","inLanguage":"it-IT","url":"https:\/\/www.transordizia.com\/wp-content\/uploads\/2021\/06\/TRANSORDIZA-LOGISTIC-GROUP_page-0001-e1624349996162.jpg","contentUrl":"https:\/\/www.transordizia.com\/wp-content\/uploads\/2021\/06\/TRANSORDIZA-LOGISTIC-GROUP_page-0001-e1624349996162.jpg","width":2481,"height":1754,"caption":"TRANSORDIZIA High and Heavy"},"image":{"@id":"https:\/\/www.transordizia.com\/#logo"}},{"@type":"WebSite","@id":"https:\/\/www.transordizia.com\/#website","url":"https:\/\/www.transordizia.com\/","name":"Transordizia High &amp; Heavy","description":"","publisher":{"@id":"https:\/\/www.transordizia.com\/#organization"},"potentialAction":[{"@type":"SearchAction","target":{"@type":"EntryPoint","urlTemplate":"https:\/\/www.transordizia.com\/?s={search_term_string}"},"query-input":"required name=search_term_string"}],"inLanguage":"it-IT"},{"@type":"ImageObject","@id":"https:\/\/www.transordizia.com\/it\/servizi\/autobus\/#primaryimage","inLanguage":"it-IT","url":"https:\/\/www.transordizia.com\/wp-content\/uploads\/2021\/04\/15-scaled.jpg","contentUrl":"https:\/\/www.transordizia.com\/wp-content\/uploads\/2021\/04\/15-scaled.jpg","width":2560,"height":1513},{"@type":"WebPage","@id":"https:\/\/www.transordizia.com\/it\/servizi\/autobus\/#webpage","url":"https:\/\/www.transordizia.com\/it\/servizi\/autobus\/","name":"Autobus - Transordizia High &amp; Heavy","isPartOf":{"@id":"https:\/\/www.transordizia.com\/#website"},"primaryImageOfPage":{"@id":"https:\/\/www.transordizia.com\/it\/servizi\/autobus\/#primaryimage"},"datePublished":"2015-04-23T10:38:18+00:00","dateModified":"2021-06-18T09:57:47+00:00","breadcrumb":{"@id":"https:\/\/www.transordizia.com\/it\/servizi\/autobus\/#breadcrumb"},"inLanguage":"it-IT","potentialAction":[{"@type":"ReadAction","target":["https:\/\/www.transordizia.com\/it\/servizi\/autobus\/"]}]},{"@type":"BreadcrumbList","@id":"https:\/\/www.transordizia.com\/it\/servizi\/autobus\/#breadcrumb","itemListElement":[{"@type":"ListItem","position":1,"name":"Portada","item":"https:\/\/www.transordizia.com\/it\/"},{"@type":"ListItem","position":2,"name":"Servizi","item":"https:\/\/www.transordizia.com\/it\/servizi\/"},{"@type":"ListItem","position":3,"name":"Autobus"}]}]}},"_links":{"self":[{"href":"https:\/\/www.transordizia.com\/it\/wp-json\/wp\/v2\/pages\/1876"}],"collection":[{"href":"https:\/\/www.transordizia.com\/it\/wp-json\/wp\/v2\/pages"}],"about":[{"href":"https:\/\/www.transordizia.com\/it\/wp-json\/wp\/v2\/types\/page"}],"author":[{"embeddable":true,"href":"https:\/\/www.transordizia.com\/it\/wp-json\/wp\/v2\/users\/1"}],"replies":[{"embeddable":true,"href":"https:\/\/www.transordizia.com\/it\/wp-json\/wp\/v2\/comments?post=1876"}],"version-history":[{"count":3,"href":"https:\/\/www.transordizia.com\/it\/wp-json\/wp\/v2\/pages\/1876\/revisions"}],"predecessor-version":[{"id":2226,"href":"https:\/\/www.transordizia.com\/it\/wp-json\/wp\/v2\/pages\/1876\/revisions\/2226"}],"up":[{"embeddable":true,"href":"https:\/\/www.transordizia.com\/it\/wp-json\/wp\/v2\/pages\/1890"}],"wp:featuredmedia":[{"embeddable":true,"href":"https:\/\/www.transordizia.com\/it\/wp-json\/wp\/v2\/media\/1490"}],"wp:attachment":[{"href":"https:\/\/www.transordizia.com\/it\/wp-json\/wp\/v2\/media?parent=1876"}],"curies":[{"name":"wp","href":"https:\/\/api.w.org\/{rel}","templated":true}]}}