{"id":1872,"date":"2015-04-23T12:39:15","date_gmt":"2015-04-23T10:39:15","guid":{"rendered":"https:\/\/www.transordizia.com\/wp\/vehiculos-industriales-2\/"},"modified":"2021-06-18T11:58:03","modified_gmt":"2021-06-18T09:58:03","slug":"veicoli-industriali","status":"publish","type":"page","link":"https:\/\/www.transordizia.com\/it\/servizi\/veicoli-industriali\/","title":{"rendered":"Veicoli industriali"},"content":{"rendered":"<div id=\"pl-1872\"  class=\"panel-layout\" ><div id=\"pg-1872-0\"  class=\"panel-grid panel-no-style\" ><div id=\"pgc-1872-0-0\"  class=\"panel-grid-cell\" ><div id=\"panel-1872-0-0-0\" class=\"so-panel widget widget_black-studio-tinymce widget_black_studio_tinymce panel-first-child panel-last-child\" data-index=\"0\" ><div class=\"textwidget\"><p>TRANSORDIZIA High and Heavy si occupa del trasporto, per la distribuzione internazionale, di veicoli industriali dei principali produttori (Man, Iveco, Scania, Volvo Turcks, Renault e Mercedes-Benz) in tutta Europa.<\/p>\n<p>Nel 2020 ha distribuito 25.000 unit\u00e0, con oltre 15 milioni di chilometri percorsi<\/p>\n<p>Sia le motrici che i rimorchi porta-veicoli che compongono la nostra flotta sono dotati delle ultime innovazioni tecnologiche e sono continuamente sottoposti a processi di rinnovamento e modernizzazione.<\/p>\n<p>La flotta di TRANSORDIZIA High and Heavy con rimorchi delle aziende FMS e Rolfo soddisfano i pi\u00f9 recenti ed esigenti requisiti tecnici conformi ai pi\u00f9 elevati standard di qualit\u00e0 del trasporto internazionale<\/p>\n<p>La sicurezza nei processi di carico, l'utilizzo di attrezzature adeguate, nonch\u00e9 il nostro impegno per la sicurezza stradale, sono qualit\u00e0 proprie dell'azienda, che la rendono un punto di riferimento nel settore.<\/p>\n<p>Il gruppo fa propria questa sfida nell'ambito del mercato High &amp; Heavy grazie al supporto tecnico del dispositivo di carica di sicurezza offerto da T\u00dcV-S\u00dcD Auto Service GmbH<\/p>\n<p>In qualit\u00e0 di partner nel processo di sicurezza nel fissaggio del carico, gli specialisti di T\u00dcV S\u00dcD garantiscono l'ottimizzazione delle tecniche di sicurezza delle operazioni di carico e del know-how tecnico attraverso una consulenza competente e un supporto costante<\/p>\n<p>Offriamo servizi logistici di stoccaggio nei nostri diversi centri di consolidamento sia in Spagna (Ir\u00fan) che in Germania (Fritz-Rinderspacher-Stra\u00dfe 17 Lahr).<\/p>\n<\/div><\/div><\/div><\/div><div id=\"pg-1872-1\"  class=\"panel-grid panel-no-style\" ><div id=\"pgc-1872-1-0\"  class=\"panel-grid-cell\" ><div id=\"panel-1872-1-0-0\" class=\"so-panel widget widget_media_image panel-first-child panel-last-child\" data-index=\"1\" ><img width=\"1024\" height=\"768\" src=\"https:\/\/www.transordizia.com\/wp-content\/uploads\/2021\/05\/10-octubre-renault-1024x768.jpeg\" class=\"image wp-image-1397  attachment-large size-large\" alt=\"\" loading=\"lazy\" style=\"max-width: 100%; height: auto;\" srcset=\"https:\/\/www.transordizia.com\/wp-content\/uploads\/2021\/05\/10-octubre-renault-1024x768.jpeg 1024w, https:\/\/www.transordizia.com\/wp-content\/uploads\/2021\/05\/10-octubre-renault-300x225.jpeg 300w, https:\/\/www.transordizia.com\/wp-content\/uploads\/2021\/05\/10-octubre-renault-768x576.jpeg 768w, https:\/\/www.transordizia.com\/wp-content\/uploads\/2021\/05\/10-octubre-renault.jpeg 1280w\" sizes=\"(max-width: 1024px) 100vw, 1024px\" \/><\/div><\/div><div id=\"pgc-1872-1-1\"  class=\"panel-grid-cell\" ><div id=\"panel-1872-1-1-0\" class=\"so-panel widget widget_media_image panel-first-child panel-last-child\" data-index=\"2\" ><img width=\"1024\" height=\"768\" src=\"https:\/\/www.transordizia.com\/wp-content\/uploads\/2021\/05\/IMG_7222-1024x768.jpg\" class=\"image wp-image-1398  attachment-large size-large\" alt=\"\" loading=\"lazy\" style=\"max-width: 100%; height: auto;\" srcset=\"https:\/\/www.transordizia.com\/wp-content\/uploads\/2021\/05\/IMG_7222-1024x768.jpg 1024w, https:\/\/www.transordizia.com\/wp-content\/uploads\/2021\/05\/IMG_7222-300x225.jpg 300w, https:\/\/www.transordizia.com\/wp-content\/uploads\/2021\/05\/IMG_7222-768x576.jpg 768w, https:\/\/www.transordizia.com\/wp-content\/uploads\/2021\/05\/IMG_7222-1536x1152.jpg 1536w, https:\/\/www.transordizia.com\/wp-content\/uploads\/2021\/05\/IMG_7222-2048x1536.jpg 2048w\" sizes=\"(max-width: 1024px) 100vw, 1024px\" \/><\/div><\/div><\/div><div id=\"pg-1872-2\"  class=\"panel-grid panel-no-style\" ><div id=\"pgc-1872-2-0\"  class=\"panel-grid-cell\" ><div id=\"panel-1872-2-0-0\" class=\"so-panel widget widget_media_image panel-first-child panel-last-child\" data-index=\"3\" ><img width=\"1024\" height=\"683\" src=\"https:\/\/www.transordizia.com\/wp-content\/uploads\/2021\/05\/03-min-1024x683.jpg\" class=\"image wp-image-1400  attachment-large size-large\" alt=\"\" loading=\"lazy\" style=\"max-width: 100%; height: auto;\" srcset=\"https:\/\/www.transordizia.com\/wp-content\/uploads\/2021\/05\/03-min-1024x683.jpg 1024w, https:\/\/www.transordizia.com\/wp-content\/uploads\/2021\/05\/03-min-300x200.jpg 300w, https:\/\/www.transordizia.com\/wp-content\/uploads\/2021\/05\/03-min-768x512.jpg 768w, https:\/\/www.transordizia.com\/wp-content\/uploads\/2021\/05\/03-min-1536x1024.jpg 1536w, https:\/\/www.transordizia.com\/wp-content\/uploads\/2021\/05\/03-min-2048x1365.jpg 2048w, https:\/\/www.transordizia.com\/wp-content\/uploads\/2021\/05\/03-min-360x240.jpg 360w, https:\/\/www.transordizia.com\/wp-content\/uploads\/2021\/05\/03-min-272x182.jpg 272w\" sizes=\"(max-width: 1024px) 100vw, 1024px\" \/><\/div><\/div><div id=\"pgc-1872-2-1\"  class=\"panel-grid-cell\" ><div id=\"panel-1872-2-1-0\" class=\"so-panel widget widget_media_image panel-first-child panel-last-child\" data-index=\"4\" ><img width=\"1024\" height=\"683\" src=\"https:\/\/www.transordizia.com\/wp-content\/uploads\/2021\/05\/02-min-1024x683.jpg\" class=\"image wp-image-1425  attachment-large size-large\" alt=\"\" loading=\"lazy\" style=\"max-width: 100%; height: auto;\" srcset=\"https:\/\/www.transordizia.com\/wp-content\/uploads\/2021\/05\/02-min-1024x683.jpg 1024w, https:\/\/www.transordizia.com\/wp-content\/uploads\/2021\/05\/02-min-300x200.jpg 300w, https:\/\/www.transordizia.com\/wp-content\/uploads\/2021\/05\/02-min-768x512.jpg 768w, https:\/\/www.transordizia.com\/wp-content\/uploads\/2021\/05\/02-min-1536x1024.jpg 1536w, https:\/\/www.transordizia.com\/wp-content\/uploads\/2021\/05\/02-min-2048x1365.jpg 2048w, https:\/\/www.transordizia.com\/wp-content\/uploads\/2021\/05\/02-min-360x240.jpg 360w, https:\/\/www.transordizia.com\/wp-content\/uploads\/2021\/05\/02-min-272x182.jpg 272w\" sizes=\"(max-width: 1024px) 100vw, 1024px\" \/><\/div><\/div><\/div><\/div>","protected":false},"excerpt":{"rendered":"<p>TRANSORDIZIA High and Heavy si occupa del trasporto, per la distribuzione internazionale, di veicoli industriali dei principali produttori (Man, Iveco, Scania, Volvo Turcks, Renault e Mercedes-Benz) in tutta Europa. Nel 2020 ha distribuito 25.000 unit\u00e0, con oltre 15 milioni di chilometri percorsi Sia le motrici che i rimorchi porta-veicoli che compongono la nostra flotta sono &hellip;<\/p>\n","protected":false},"author":1,"featured_media":1494,"parent":1890,"menu_order":0,"comment_status":"closed","ping_status":"open","template":"","meta":{"_links_to":"","_links_to_target":""},"acf":[],"yoast_head":"<!-- This site is optimized with the Yoast SEO plugin v18.5.1 - https:\/\/yoast.com\/wordpress\/plugins\/seo\/ -->\n<title>Veicoli industriali - Transordizia High &amp; Heavy<\/title>\n<meta name=\"robots\" content=\"index, follow, max-snippet:-1, max-image-preview:large, max-video-preview:-1\" \/>\n<link rel=\"canonical\" href=\"https:\/\/www.transordizia.com\/it\/servizi\/veicoli-industriali\/\" \/>\n<meta property=\"og:locale\" content=\"it_IT\" \/>\n<meta property=\"og:type\" content=\"article\" \/>\n<meta property=\"og:title\" content=\"Veicoli industriali - Transordizia High &amp; Heavy\" \/>\n<meta property=\"og:description\" content=\"TRANSORDIZIA High and Heavy si occupa del trasporto, per la distribuzione internazionale, di veicoli industriali dei principali produttori (Man, Iveco, Scania, Volvo Turcks, Renault e Mercedes-Benz) in tutta Europa. Nel 2020 ha distribuito 25.000 unit\u00e0, con oltre 15 milioni di chilometri percorsi Sia le motrici che i rimorchi porta-veicoli che compongono la nostra flotta sono &hellip;\" \/>\n<meta property=\"og:url\" content=\"https:\/\/www.transordizia.com\/it\/servizi\/veicoli-industriali\/\" \/>\n<meta property=\"og:site_name\" content=\"Transordizia High &amp; Heavy\" \/>\n<meta property=\"article:modified_time\" content=\"2021-06-18T09:58:03+00:00\" \/>\n<meta property=\"og:image\" content=\"https:\/\/www.transordizia.com\/wp-content\/uploads\/2021\/05\/03-min-scaled.jpg\" \/>\n\t<meta property=\"og:image:width\" content=\"2560\" \/>\n\t<meta property=\"og:image:height\" content=\"1707\" \/>\n\t<meta property=\"og:image:type\" content=\"image\/jpeg\" \/>\n<meta name=\"twitter:card\" content=\"summary_large_image\" \/>\n<meta name=\"twitter:label1\" content=\"Tempo di lettura stimato\" \/>\n\t<meta name=\"twitter:data1\" content=\"1 minuto\" \/>\n<script type=\"application\/ld+json\" class=\"yoast-schema-graph\">{\"@context\":\"https:\/\/schema.org\",\"@graph\":[{\"@type\":\"Organization\",\"@id\":\"https:\/\/www.transordizia.com\/#organization\",\"name\":\"TRANSORDIZIA High and Heavy\",\"url\":\"https:\/\/www.transordizia.com\/\",\"sameAs\":[],\"logo\":{\"@type\":\"ImageObject\",\"@id\":\"https:\/\/www.transordizia.com\/#logo\",\"inLanguage\":\"it-IT\",\"url\":\"https:\/\/www.transordizia.com\/wp-content\/uploads\/2021\/06\/TRANSORDIZA-LOGISTIC-GROUP_page-0001-e1624349996162.jpg\",\"contentUrl\":\"https:\/\/www.transordizia.com\/wp-content\/uploads\/2021\/06\/TRANSORDIZA-LOGISTIC-GROUP_page-0001-e1624349996162.jpg\",\"width\":2481,\"height\":1754,\"caption\":\"TRANSORDIZIA High and Heavy\"},\"image\":{\"@id\":\"https:\/\/www.transordizia.com\/#logo\"}},{\"@type\":\"WebSite\",\"@id\":\"https:\/\/www.transordizia.com\/#website\",\"url\":\"https:\/\/www.transordizia.com\/\",\"name\":\"Transordizia High &amp; Heavy\",\"description\":\"\",\"publisher\":{\"@id\":\"https:\/\/www.transordizia.com\/#organization\"},\"potentialAction\":[{\"@type\":\"SearchAction\",\"target\":{\"@type\":\"EntryPoint\",\"urlTemplate\":\"https:\/\/www.transordizia.com\/?s={search_term_string}\"},\"query-input\":\"required name=search_term_string\"}],\"inLanguage\":\"it-IT\"},{\"@type\":\"ImageObject\",\"@id\":\"https:\/\/www.transordizia.com\/it\/servizi\/veicoli-industriali\/#primaryimage\",\"inLanguage\":\"it-IT\",\"url\":\"https:\/\/www.transordizia.com\/wp-content\/uploads\/2021\/05\/03-min-scaled.jpg\",\"contentUrl\":\"https:\/\/www.transordizia.com\/wp-content\/uploads\/2021\/05\/03-min-scaled.jpg\",\"width\":2560,\"height\":1707},{\"@type\":\"WebPage\",\"@id\":\"https:\/\/www.transordizia.com\/it\/servizi\/veicoli-industriali\/#webpage\",\"url\":\"https:\/\/www.transordizia.com\/it\/servizi\/veicoli-industriali\/\",\"name\":\"Veicoli industriali - Transordizia High &amp; Heavy\",\"isPartOf\":{\"@id\":\"https:\/\/www.transordizia.com\/#website\"},\"primaryImageOfPage\":{\"@id\":\"https:\/\/www.transordizia.com\/it\/servizi\/veicoli-industriali\/#primaryimage\"},\"datePublished\":\"2015-04-23T10:39:15+00:00\",\"dateModified\":\"2021-06-18T09:58:03+00:00\",\"breadcrumb\":{\"@id\":\"https:\/\/www.transordizia.com\/it\/servizi\/veicoli-industriali\/#breadcrumb\"},\"inLanguage\":\"it-IT\",\"potentialAction\":[{\"@type\":\"ReadAction\",\"target\":[\"https:\/\/www.transordizia.com\/it\/servizi\/veicoli-industriali\/\"]}]},{\"@type\":\"BreadcrumbList\",\"@id\":\"https:\/\/www.transordizia.com\/it\/servizi\/veicoli-industriali\/#breadcrumb\",\"itemListElement\":[{\"@type\":\"ListItem\",\"position\":1,\"name\":\"Portada\",\"item\":\"https:\/\/www.transordizia.com\/it\/\"},{\"@type\":\"ListItem\",\"position\":2,\"name\":\"Servizi\",\"item\":\"https:\/\/www.transordizia.com\/it\/servizi\/\"},{\"@type\":\"ListItem\",\"position\":3,\"name\":\"Veicoli industriali\"}]}]}<\/script>\n<!-- \/ Yoast SEO plugin. -->","yoast_head_json":{"title":"Veicoli industriali - Transordizia High &amp; Heavy","robots":{"index":"index","follow":"follow","max-snippet":"max-snippet:-1","max-image-preview":"max-image-preview:large","max-video-preview":"max-video-preview:-1"},"canonical":"https:\/\/www.transordizia.com\/it\/servizi\/veicoli-industriali\/","og_locale":"it_IT","og_type":"article","og_title":"Veicoli industriali - Transordizia High &amp; Heavy","og_description":"TRANSORDIZIA High and Heavy si occupa del trasporto, per la distribuzione internazionale, di veicoli industriali dei principali produttori (Man, Iveco, Scania, Volvo Turcks, Renault e Mercedes-Benz) in tutta Europa. Nel 2020 ha distribuito 25.000 unit\u00e0, con oltre 15 milioni di chilometri percorsi Sia le motrici che i rimorchi porta-veicoli che compongono la nostra flotta sono &hellip;","og_url":"https:\/\/www.transordizia.com\/it\/servizi\/veicoli-industriali\/","og_site_name":"Transordizia High &amp; Heavy","article_modified_time":"2021-06-18T09:58:03+00:00","og_image":[{"width":2560,"height":1707,"url":"https:\/\/www.transordizia.com\/wp-content\/uploads\/2021\/05\/03-min-scaled.jpg","type":"image\/jpeg"}],"twitter_card":"summary_large_image","twitter_misc":{"Tempo di lettura stimato":"1 minuto"},"schema":{"@context":"https:\/\/schema.org","@graph":[{"@type":"Organization","@id":"https:\/\/www.transordizia.com\/#organization","name":"TRANSORDIZIA High and Heavy","url":"https:\/\/www.transordizia.com\/","sameAs":[],"logo":{"@type":"ImageObject","@id":"https:\/\/www.transordizia.com\/#logo","inLanguage":"it-IT","url":"https:\/\/www.transordizia.com\/wp-content\/uploads\/2021\/06\/TRANSORDIZA-LOGISTIC-GROUP_page-0001-e1624349996162.jpg","contentUrl":"https:\/\/www.transordizia.com\/wp-content\/uploads\/2021\/06\/TRANSORDIZA-LOGISTIC-GROUP_page-0001-e1624349996162.jpg","width":2481,"height":1754,"caption":"TRANSORDIZIA High and Heavy"},"image":{"@id":"https:\/\/www.transordizia.com\/#logo"}},{"@type":"WebSite","@id":"https:\/\/www.transordizia.com\/#website","url":"https:\/\/www.transordizia.com\/","name":"Transordizia High &amp; Heavy","description":"","publisher":{"@id":"https:\/\/www.transordizia.com\/#organization"},"potentialAction":[{"@type":"SearchAction","target":{"@type":"EntryPoint","urlTemplate":"https:\/\/www.transordizia.com\/?s={search_term_string}"},"query-input":"required name=search_term_string"}],"inLanguage":"it-IT"},{"@type":"ImageObject","@id":"https:\/\/www.transordizia.com\/it\/servizi\/veicoli-industriali\/#primaryimage","inLanguage":"it-IT","url":"https:\/\/www.transordizia.com\/wp-content\/uploads\/2021\/05\/03-min-scaled.jpg","contentUrl":"https:\/\/www.transordizia.com\/wp-content\/uploads\/2021\/05\/03-min-scaled.jpg","width":2560,"height":1707},{"@type":"WebPage","@id":"https:\/\/www.transordizia.com\/it\/servizi\/veicoli-industriali\/#webpage","url":"https:\/\/www.transordizia.com\/it\/servizi\/veicoli-industriali\/","name":"Veicoli industriali - Transordizia High &amp; Heavy","isPartOf":{"@id":"https:\/\/www.transordizia.com\/#website"},"primaryImageOfPage":{"@id":"https:\/\/www.transordizia.com\/it\/servizi\/veicoli-industriali\/#primaryimage"},"datePublished":"2015-04-23T10:39:15+00:00","dateModified":"2021-06-18T09:58:03+00:00","breadcrumb":{"@id":"https:\/\/www.transordizia.com\/it\/servizi\/veicoli-industriali\/#breadcrumb"},"inLanguage":"it-IT","potentialAction":[{"@type":"ReadAction","target":["https:\/\/www.transordizia.com\/it\/servizi\/veicoli-industriali\/"]}]},{"@type":"BreadcrumbList","@id":"https:\/\/www.transordizia.com\/it\/servizi\/veicoli-industriali\/#breadcrumb","itemListElement":[{"@type":"ListItem","position":1,"name":"Portada","item":"https:\/\/www.transordizia.com\/it\/"},{"@type":"ListItem","position":2,"name":"Servizi","item":"https:\/\/www.transordizia.com\/it\/servizi\/"},{"@type":"ListItem","position":3,"name":"Veicoli industriali"}]}]}},"_links":{"self":[{"href":"https:\/\/www.transordizia.com\/it\/wp-json\/wp\/v2\/pages\/1872"}],"collection":[{"href":"https:\/\/www.transordizia.com\/it\/wp-json\/wp\/v2\/pages"}],"about":[{"href":"https:\/\/www.transordizia.com\/it\/wp-json\/wp\/v2\/types\/page"}],"author":[{"embeddable":true,"href":"https:\/\/www.transordizia.com\/it\/wp-json\/wp\/v2\/users\/1"}],"replies":[{"embeddable":true,"href":"https:\/\/www.transordizia.com\/it\/wp-json\/wp\/v2\/comments?post=1872"}],"version-history":[{"count":3,"href":"https:\/\/www.transordizia.com\/it\/wp-json\/wp\/v2\/pages\/1872\/revisions"}],"predecessor-version":[{"id":2238,"href":"https:\/\/www.transordizia.com\/it\/wp-json\/wp\/v2\/pages\/1872\/revisions\/2238"}],"up":[{"embeddable":true,"href":"https:\/\/www.transordizia.com\/it\/wp-json\/wp\/v2\/pages\/1890"}],"wp:featuredmedia":[{"embeddable":true,"href":"https:\/\/www.transordizia.com\/it\/wp-json\/wp\/v2\/media\/1494"}],"wp:attachment":[{"href":"https:\/\/www.transordizia.com\/it\/wp-json\/wp\/v2\/media?parent=1872"}],"curies":[{"name":"wp","href":"https:\/\/api.w.org\/{rel}","templated":true}]}}