{"id":1435,"date":"2021-04-28T13:09:50","date_gmt":"2021-04-28T11:09:50","guid":{"rendered":"https:\/\/www.transordizia.com\/wp\/ambiente\/"},"modified":"2021-06-18T11:58:11","modified_gmt":"2021-06-18T09:58:11","slug":"ambiente","status":"publish","type":"page","link":"https:\/\/www.transordizia.com\/it\/ambiente\/","title":{"rendered":"Ambiente"},"content":{"rendered":"<div id=\"pl-1435\"  class=\"panel-layout\" ><div id=\"pg-1435-0\"  class=\"panel-grid panel-no-style\" ><div id=\"pgc-1435-0-0\"  class=\"panel-grid-cell\" ><div id=\"panel-1435-0-0-0\" class=\"so-panel widget widget_black-studio-tinymce widget_black_studio_tinymce panel-first-child panel-last-child\" data-index=\"0\" ><div class=\"textwidget\"><p>Da 7 anni Transordizia High and Heavy \u00e8 entrata nel mondo dei veicoli alimentati a gas naturale. \u201cPer noi il gas \u00e8 il futuro immediato per il trasporto sostenibile. \u00c8 pi\u00f9 economico e riduce i consumi. E' vero che il camion \u00e8 pi\u00f9 costoso, ma comunque il costo viene ammortizzato\u201d, spiega Fran, il precursore del gas nella flotta aziendale. Sta di fatto che attualmente su 110 camion, vi sono gi\u00e0 37 veicoli a gas naturale liquefatto.<\/p>\n<p>Come se non bastasse, le strutture dell'azienda ospitano la prima stazione di servizio con serbatoio interrato in Europa, con un serbatoio di 80 metri cubi di capacit\u00e0.<\/p>\n<p>Si scommette quindi su energie sostenibili e rispettose dell'ambiente, che riducono l'impatto delle emissioni inquinanti rispetto ai combustibili fossili.<\/p>\n<\/div><\/div><\/div><\/div><div id=\"pg-1435-1\"  class=\"panel-grid panel-no-style\" ><div id=\"pgc-1435-1-0\"  class=\"panel-grid-cell\" ><div id=\"panel-1435-1-0-0\" class=\"so-panel widget widget_media_image panel-first-child panel-last-child\" data-index=\"1\" ><img width=\"1024\" height=\"768\" src=\"https:\/\/www.transordizia.com\/wp-content\/uploads\/2021\/05\/05-1024x768.jpg\" class=\"image wp-image-1380  attachment-large size-large\" alt=\"\" loading=\"lazy\" style=\"max-width: 100%; height: auto;\" srcset=\"https:\/\/www.transordizia.com\/wp-content\/uploads\/2021\/05\/05-1024x768.jpg 1024w, https:\/\/www.transordizia.com\/wp-content\/uploads\/2021\/05\/05-300x225.jpg 300w, https:\/\/www.transordizia.com\/wp-content\/uploads\/2021\/05\/05-768x576.jpg 768w, https:\/\/www.transordizia.com\/wp-content\/uploads\/2021\/05\/05-1536x1152.jpg 1536w, https:\/\/www.transordizia.com\/wp-content\/uploads\/2021\/05\/05-2048x1536.jpg 2048w\" sizes=\"(max-width: 1024px) 100vw, 1024px\" \/><\/div><\/div><div id=\"pgc-1435-1-1\"  class=\"panel-grid-cell\" ><div id=\"panel-1435-1-1-0\" class=\"so-panel widget widget_media_image panel-first-child panel-last-child\" data-index=\"2\" ><img width=\"1024\" height=\"768\" src=\"https:\/\/www.transordizia.com\/wp-content\/uploads\/2021\/05\/IMG_5340-1024x768.jpg\" class=\"image wp-image-1381  attachment-large size-large\" alt=\"\" loading=\"lazy\" style=\"max-width: 100%; height: auto;\" srcset=\"https:\/\/www.transordizia.com\/wp-content\/uploads\/2021\/05\/IMG_5340-1024x768.jpg 1024w, https:\/\/www.transordizia.com\/wp-content\/uploads\/2021\/05\/IMG_5340-300x225.jpg 300w, https:\/\/www.transordizia.com\/wp-content\/uploads\/2021\/05\/IMG_5340-768x576.jpg 768w, https:\/\/www.transordizia.com\/wp-content\/uploads\/2021\/05\/IMG_5340-1536x1152.jpg 1536w, https:\/\/www.transordizia.com\/wp-content\/uploads\/2021\/05\/IMG_5340-2048x1536.jpg 2048w\" sizes=\"(max-width: 1024px) 100vw, 1024px\" \/><\/div><\/div><\/div><\/div>","protected":false},"excerpt":{"rendered":"<p>Da 7 anni Transordizia High and Heavy \u00e8 entrata nel mondo dei veicoli alimentati a gas naturale. \u201cPer noi il gas \u00e8 il futuro immediato per il trasporto sostenibile. \u00c8 pi\u00f9 economico e riduce i consumi. E&#8217; vero che il camion \u00e8 pi\u00f9 costoso, ma comunque il costo viene ammortizzato\u201d, spiega Fran, il precursore del &hellip;<\/p>\n","protected":false},"author":1,"featured_media":0,"parent":0,"menu_order":0,"comment_status":"closed","ping_status":"closed","template":"","meta":{"_links_to":"","_links_to_target":""},"acf":[],"yoast_head":"<!-- This site is optimized with the Yoast SEO plugin v18.5.1 - https:\/\/yoast.com\/wordpress\/plugins\/seo\/ -->\n<title>Ambiente - Transordizia High &amp; Heavy<\/title>\n<meta name=\"robots\" content=\"index, follow, max-snippet:-1, max-image-preview:large, max-video-preview:-1\" \/>\n<link rel=\"canonical\" href=\"https:\/\/www.transordizia.com\/it\/ambiente\/\" \/>\n<meta property=\"og:locale\" content=\"it_IT\" \/>\n<meta property=\"og:type\" content=\"article\" \/>\n<meta property=\"og:title\" content=\"Ambiente - Transordizia High &amp; Heavy\" \/>\n<meta property=\"og:description\" content=\"Da 7 anni Transordizia High and Heavy \u00e8 entrata nel mondo dei veicoli alimentati a gas naturale. \u201cPer noi il gas \u00e8 il futuro immediato per il trasporto sostenibile. \u00c8 pi\u00f9 economico e riduce i consumi. E&#039; vero che il camion \u00e8 pi\u00f9 costoso, ma comunque il costo viene ammortizzato\u201d, spiega Fran, il precursore del &hellip;\" \/>\n<meta property=\"og:url\" content=\"https:\/\/www.transordizia.com\/it\/ambiente\/\" \/>\n<meta property=\"og:site_name\" content=\"Transordizia High &amp; Heavy\" \/>\n<meta property=\"article:modified_time\" content=\"2021-06-18T09:58:11+00:00\" \/>\n<meta name=\"twitter:card\" content=\"summary_large_image\" \/>\n<meta name=\"twitter:label1\" content=\"Tempo di lettura stimato\" \/>\n\t<meta name=\"twitter:data1\" content=\"1 minuto\" \/>\n<script type=\"application\/ld+json\" class=\"yoast-schema-graph\">{\"@context\":\"https:\/\/schema.org\",\"@graph\":[{\"@type\":\"Organization\",\"@id\":\"https:\/\/www.transordizia.com\/#organization\",\"name\":\"TRANSORDIZIA High and Heavy\",\"url\":\"https:\/\/www.transordizia.com\/\",\"sameAs\":[],\"logo\":{\"@type\":\"ImageObject\",\"@id\":\"https:\/\/www.transordizia.com\/#logo\",\"inLanguage\":\"it-IT\",\"url\":\"https:\/\/www.transordizia.com\/wp-content\/uploads\/2021\/06\/TRANSORDIZA-LOGISTIC-GROUP_page-0001-e1624349996162.jpg\",\"contentUrl\":\"https:\/\/www.transordizia.com\/wp-content\/uploads\/2021\/06\/TRANSORDIZA-LOGISTIC-GROUP_page-0001-e1624349996162.jpg\",\"width\":2481,\"height\":1754,\"caption\":\"TRANSORDIZIA High and Heavy\"},\"image\":{\"@id\":\"https:\/\/www.transordizia.com\/#logo\"}},{\"@type\":\"WebSite\",\"@id\":\"https:\/\/www.transordizia.com\/#website\",\"url\":\"https:\/\/www.transordizia.com\/\",\"name\":\"Transordizia High &amp; Heavy\",\"description\":\"\",\"publisher\":{\"@id\":\"https:\/\/www.transordizia.com\/#organization\"},\"potentialAction\":[{\"@type\":\"SearchAction\",\"target\":{\"@type\":\"EntryPoint\",\"urlTemplate\":\"https:\/\/www.transordizia.com\/?s={search_term_string}\"},\"query-input\":\"required name=search_term_string\"}],\"inLanguage\":\"it-IT\"},{\"@type\":\"WebPage\",\"@id\":\"https:\/\/www.transordizia.com\/it\/ambiente\/#webpage\",\"url\":\"https:\/\/www.transordizia.com\/it\/ambiente\/\",\"name\":\"Ambiente - Transordizia High &amp; Heavy\",\"isPartOf\":{\"@id\":\"https:\/\/www.transordizia.com\/#website\"},\"datePublished\":\"2021-04-28T11:09:50+00:00\",\"dateModified\":\"2021-06-18T09:58:11+00:00\",\"breadcrumb\":{\"@id\":\"https:\/\/www.transordizia.com\/it\/ambiente\/#breadcrumb\"},\"inLanguage\":\"it-IT\",\"potentialAction\":[{\"@type\":\"ReadAction\",\"target\":[\"https:\/\/www.transordizia.com\/it\/ambiente\/\"]}]},{\"@type\":\"BreadcrumbList\",\"@id\":\"https:\/\/www.transordizia.com\/it\/ambiente\/#breadcrumb\",\"itemListElement\":[{\"@type\":\"ListItem\",\"position\":1,\"name\":\"Portada\",\"item\":\"https:\/\/www.transordizia.com\/it\/\"},{\"@type\":\"ListItem\",\"position\":2,\"name\":\"Ambiente\"}]}]}<\/script>\n<!-- \/ Yoast SEO plugin. -->","yoast_head_json":{"title":"Ambiente - Transordizia High &amp; Heavy","robots":{"index":"index","follow":"follow","max-snippet":"max-snippet:-1","max-image-preview":"max-image-preview:large","max-video-preview":"max-video-preview:-1"},"canonical":"https:\/\/www.transordizia.com\/it\/ambiente\/","og_locale":"it_IT","og_type":"article","og_title":"Ambiente - Transordizia High &amp; Heavy","og_description":"Da 7 anni Transordizia High and Heavy \u00e8 entrata nel mondo dei veicoli alimentati a gas naturale. \u201cPer noi il gas \u00e8 il futuro immediato per il trasporto sostenibile. \u00c8 pi\u00f9 economico e riduce i consumi. E' vero che il camion \u00e8 pi\u00f9 costoso, ma comunque il costo viene ammortizzato\u201d, spiega Fran, il precursore del &hellip;","og_url":"https:\/\/www.transordizia.com\/it\/ambiente\/","og_site_name":"Transordizia High &amp; Heavy","article_modified_time":"2021-06-18T09:58:11+00:00","twitter_card":"summary_large_image","twitter_misc":{"Tempo di lettura stimato":"1 minuto"},"schema":{"@context":"https:\/\/schema.org","@graph":[{"@type":"Organization","@id":"https:\/\/www.transordizia.com\/#organization","name":"TRANSORDIZIA High and Heavy","url":"https:\/\/www.transordizia.com\/","sameAs":[],"logo":{"@type":"ImageObject","@id":"https:\/\/www.transordizia.com\/#logo","inLanguage":"it-IT","url":"https:\/\/www.transordizia.com\/wp-content\/uploads\/2021\/06\/TRANSORDIZA-LOGISTIC-GROUP_page-0001-e1624349996162.jpg","contentUrl":"https:\/\/www.transordizia.com\/wp-content\/uploads\/2021\/06\/TRANSORDIZA-LOGISTIC-GROUP_page-0001-e1624349996162.jpg","width":2481,"height":1754,"caption":"TRANSORDIZIA High and Heavy"},"image":{"@id":"https:\/\/www.transordizia.com\/#logo"}},{"@type":"WebSite","@id":"https:\/\/www.transordizia.com\/#website","url":"https:\/\/www.transordizia.com\/","name":"Transordizia High &amp; Heavy","description":"","publisher":{"@id":"https:\/\/www.transordizia.com\/#organization"},"potentialAction":[{"@type":"SearchAction","target":{"@type":"EntryPoint","urlTemplate":"https:\/\/www.transordizia.com\/?s={search_term_string}"},"query-input":"required name=search_term_string"}],"inLanguage":"it-IT"},{"@type":"WebPage","@id":"https:\/\/www.transordizia.com\/it\/ambiente\/#webpage","url":"https:\/\/www.transordizia.com\/it\/ambiente\/","name":"Ambiente - Transordizia High &amp; Heavy","isPartOf":{"@id":"https:\/\/www.transordizia.com\/#website"},"datePublished":"2021-04-28T11:09:50+00:00","dateModified":"2021-06-18T09:58:11+00:00","breadcrumb":{"@id":"https:\/\/www.transordizia.com\/it\/ambiente\/#breadcrumb"},"inLanguage":"it-IT","potentialAction":[{"@type":"ReadAction","target":["https:\/\/www.transordizia.com\/it\/ambiente\/"]}]},{"@type":"BreadcrumbList","@id":"https:\/\/www.transordizia.com\/it\/ambiente\/#breadcrumb","itemListElement":[{"@type":"ListItem","position":1,"name":"Portada","item":"https:\/\/www.transordizia.com\/it\/"},{"@type":"ListItem","position":2,"name":"Ambiente"}]}]}},"_links":{"self":[{"href":"https:\/\/www.transordizia.com\/it\/wp-json\/wp\/v2\/pages\/1435"}],"collection":[{"href":"https:\/\/www.transordizia.com\/it\/wp-json\/wp\/v2\/pages"}],"about":[{"href":"https:\/\/www.transordizia.com\/it\/wp-json\/wp\/v2\/types\/page"}],"author":[{"embeddable":true,"href":"https:\/\/www.transordizia.com\/it\/wp-json\/wp\/v2\/users\/1"}],"replies":[{"embeddable":true,"href":"https:\/\/www.transordizia.com\/it\/wp-json\/wp\/v2\/comments?post=1435"}],"version-history":[{"count":11,"href":"https:\/\/www.transordizia.com\/it\/wp-json\/wp\/v2\/pages\/1435\/revisions"}],"predecessor-version":[{"id":2343,"href":"https:\/\/www.transordizia.com\/it\/wp-json\/wp\/v2\/pages\/1435\/revisions\/2343"}],"wp:attachment":[{"href":"https:\/\/www.transordizia.com\/it\/wp-json\/wp\/v2\/media?parent=1435"}],"curies":[{"name":"wp","href":"https:\/\/api.w.org\/{rel}","templated":true}]}}