{"id":1902,"date":"2015-04-14T10:13:09","date_gmt":"2015-04-14T10:13:09","guid":{"rendered":"https:\/\/www.transordizia.com\/wp\/home-2\/"},"modified":"2024-02-01T13:14:44","modified_gmt":"2024-02-01T12:14:44","slug":"home-2","status":"publish","type":"page","link":"https:\/\/www.transordizia.com\/fr\/","title":{"rendered":"Inicio"},"content":{"rendered":"<div id=\"pl-1902\"  class=\"panel-layout\" ><div id=\"pg-1902-0\"  class=\"panel-grid panel-no-style\" ><div id=\"pgc-1902-0-0\"  class=\"panel-grid-cell panel-grid-cell-empty\" ><\/div><\/div><div id=\"pg-1902-1\"  class=\"panel-grid panel-no-style\" ><div id=\"pgc-1902-1-0\"  class=\"panel-grid-cell panel-grid-cell-empty\" ><\/div><\/div><div id=\"pg-1902-2\"  class=\"panel-grid panel-has-style\" ><div class=\"jumbotron-overlap panel-row-style panel-row-style-for-1902-2\" ><div id=\"pgc-1902-2-0\"  class=\"panel-grid-cell\" ><div id=\"panel-1902-2-0-0\" class=\"so-panel widget widget_black-studio-tinymce widget_black_studio_tinymce panel-first-child panel-last-child\" data-index=\"0\" ><div class=\"featured-widget panel-widget-style panel-widget-style-for-1902-2-0-0\" ><h3 class=\"widget-title\"><span class=\"widget-title__inline\">TRANSORDIZIA<\/span><\/h3><div class=\"textwidget\"><p>Depuis 1989, le groupe Transordizia High and Heavy se consacre \u00e0 la distribution logistique internationale de v\u00e9hicules industriels et d\u2019autobus sur l\u2019ensemble du territoire europ\u00e9en. Parmi ses clients, il faut souligner les principaux fabricants et carrossiers d\u2019Europe.<\/p>\n<p><a class=\"read-more\" href=\"\/fr\/entreprise\/\">Continuer \u00e0 lire<\/a><\/p>\n<\/div><\/div><\/div><\/div><div id=\"pgc-1902-2-1\"  class=\"panel-grid-cell\" ><div id=\"panel-1902-2-1-0\" class=\"so-panel widget widget_pw_featured_page widget-featured-page panel-first-child panel-last-child\" data-index=\"1\" >\n\n\t<div class=\"page-box  page-box--block\">\n\t\t\t<a class=\"page-box__picture\" href=\"https:\/\/www.transordizia.com\/fr\/services\/vehicules-industriels\/\"><img src=\"https:\/\/www.transordizia.com\/wp-content\/uploads\/2021\/05\/03-min-360x240.jpg\" width=\"360\" height=\"240\" srcset=\"https:\/\/www.transordizia.com\/wp-content\/uploads\/2021\/05\/03-min-360x240.jpg 360w, https:\/\/www.transordizia.com\/wp-content\/uploads\/2021\/05\/03-min-scaled.jpg 2560w\" sizes=\"(min-width: 992px) 360px, calc(100vw - 30px)\" class=\"wp-post-image\" alt=\"V\u00e9hicules Industriels\"><\/a>\n\t\t<div class=\"page-box__content\">\n\t\t\t<h5 class=\"page-box__title  text-uppercase\"><a href=\"https:\/\/www.transordizia.com\/fr\/services\/vehicules-industriels\/\">V\u00e9hicules Industriels<\/a><\/h5>\n\t\t\t<p>TRANSORDIZIA High and Heavy transporte, pour sa distribution internationale, des v\u00e9hicules industriels des principaux fabricants (Man, Iveco, Scania, Volvo Turcks, Renault et Mercedes-Benz) dans toute l\u2019Europe. En 2020, la compagnie a distribu\u00e9 &hellip;<\/p>\n\t\t\t\t<p><a href=\"https:\/\/www.transordizia.com\/fr\/services\/vehicules-industriels\/\" class=\"read-more  read-more--page-box\">Continuer \u00e0 lire<\/a><\/p>\n\t\t<\/div>\n\t<\/div>\n\n<\/div><\/div><div id=\"pgc-1902-2-2\"  class=\"panel-grid-cell\" ><div id=\"panel-1902-2-2-0\" class=\"so-panel widget widget_pw_featured_page widget-featured-page panel-first-child panel-last-child\" data-index=\"2\" >\n\n\t<div class=\"page-box  page-box--block\">\n\t\t\t<a class=\"page-box__picture\" href=\"https:\/\/www.transordizia.com\/fr\/services\/autobus\/\"><img src=\"https:\/\/www.transordizia.com\/wp-content\/uploads\/2021\/04\/15-360x240.jpg\" width=\"360\" height=\"240\" srcset=\"https:\/\/www.transordizia.com\/wp-content\/uploads\/2021\/04\/15-360x240.jpg 360w, https:\/\/www.transordizia.com\/wp-content\/uploads\/2021\/04\/15-scaled.jpg 2560w\" sizes=\"(min-width: 992px) 360px, calc(100vw - 30px)\" class=\"wp-post-image\" alt=\"Autobus\"><\/a>\n\t\t<div class=\"page-box__content\">\n\t\t\t<h5 class=\"page-box__title  text-uppercase\"><a href=\"https:\/\/www.transordizia.com\/fr\/services\/autobus\/\">Autobus<\/a><\/h5>\n\t\t\t<p>TRANSORDIZIA High and Heavy fi\u00e8re d\u2019\u00eatre devenue une r\u00e9f\u00e9rence dans le transport d\u2019autobus, qu\u2019il s\u2019agisse de ch\u00e2ssis ou de v\u00e9hicules carross\u00e9s, y compris les autobus urbains articul\u00e9s. La compagnie dispose pour cela des remorques &hellip;<\/p>\n\t\t\t\t<p><a href=\"https:\/\/www.transordizia.com\/fr\/services\/autobus\/\" class=\"read-more  read-more--page-box\">Continuer \u00e0 lire<\/a><\/p>\n\t\t<\/div>\n\t<\/div>\n\n<\/div><\/div><div id=\"pgc-1902-2-3\"  class=\"panel-grid-cell\" ><div id=\"panel-1902-2-3-0\" class=\"so-panel widget widget_pw_featured_page widget-featured-page panel-first-child panel-last-child\" data-index=\"3\" >\n\n\t<div class=\"page-box  page-box--block\">\n\t\t\t<a class=\"page-box__picture\" href=\"https:\/\/www.transordizia.com\/fr\/services\/maintenance-vehicules-industriels\/\"><img src=\"https:\/\/www.transordizia.com\/wp-content\/uploads\/2021\/06\/portabask-Instalaciones-3_web-1-360x240.jpg\" width=\"360\" height=\"240\" srcset=\"https:\/\/www.transordizia.com\/wp-content\/uploads\/2021\/06\/portabask-Instalaciones-3_web-1-360x240.jpg 360w, https:\/\/www.transordizia.com\/wp-content\/uploads\/2021\/06\/portabask-Instalaciones-3_web-1.jpg 800w\" sizes=\"(min-width: 992px) 360px, calc(100vw - 30px)\" class=\"wp-post-image\" alt=\"Maintenance de v\u00e9hicules industriels\"><\/a>\n\t\t<div class=\"page-box__content\">\n\t\t\t<h5 class=\"page-box__title  text-uppercase\"><a href=\"https:\/\/www.transordizia.com\/fr\/services\/maintenance-vehicules-industriels\/\">Maintenance de v\u00e9hicules industriels<\/a><\/h5>\n\t\t\t<p>Le groupe dispose de son propre atelier avec des installations neuves et modernes pour l\u2019entretien de sa flotte et les travaux ext\u00e9rieurs. Tout comme l\u2019entreprise de logistique, ses installations se situent \u00e0 ZAISA\u00a0III, centre de services &hellip;<\/p>\n\t\t\t\t<p><a href=\"https:\/\/www.transordizia.com\/fr\/services\/maintenance-vehicules-industriels\/\" class=\"read-more  read-more--page-box\">Continuer \u00e0 lire<\/a><\/p>\n\t\t<\/div>\n\t<\/div>\n\n<\/div><\/div><\/div><\/div><div id=\"pg-1902-3\"  class=\"panel-grid panel-has-style\" ><div class=\"siteorigin-panels-stretch panel-row-style panel-row-style-for-1902-3\" data-stretch-type=\"full\" ><div id=\"pgc-1902-3-0\"  class=\"panel-grid-cell\" ><div id=\"panel-1902-3-0-0\" class=\"so-panel widget widget_pw_latest_news widget-latest-news panel-first-child panel-last-child\" data-index=\"4\" >\n\n\t\t\t<a href=\"https:\/\/www.scania.com\/es\/es\/home\/experience-scania\/news-and-events\/News\/archive\/2020\/06\/primer-Scania-portavehiculos-GNL-transordizia.html\" class=\"latest-news  latest-news--block\">\n\t\t\t\t<div class=\"latest-news__date\">\n\t\t\t\t\t<div class=\"latest-news__date__month\">\n\t\t\t\t\t\tMai\n\t\t\t\t\t<\/div>\n\t\t\t\t\t<div class=\"latest-news__date__day\">\n\t\t\t\t\t\t3\n\t\t\t\t\t<\/div>\n\t\t\t\t<\/div>\n\t\t\t\t<div class=\"latest-news__image\">\n\t\t\t\t\t<img src=\"https:\/\/www.transordizia.com\/wp-content\/uploads\/2021\/05\/scania-360x204.png\" width=\"360\" height=\"204\" srcset=\"https:\/\/www.transordizia.com\/wp-content\/uploads\/2021\/05\/scania-360x204.png 360w, https:\/\/www.transordizia.com\/wp-content\/uploads\/2021\/05\/scania.png 1666w\" sizes=\"(min-width: 781px) 360px, calc(100vw - 30px)\" class=\"wp-post-image\" alt=\"El primer Scania portaveh\u00edculos adaptado de GNL de Europa lo tiene Transordizia\">\n\t\t\t\t<\/div>\n\n\t\t\t\t<div class=\"latest-news__content\">\n\t\t\t\t\t<h4 class=\"latest-news__title\">El primer Scania portaveh\u00edculos adaptado de GNL de Europa lo tiene Transordizia<\/h4>\n\t\t\t\t\t<div class=\"latest-news__author\">\n\t\t\t\t\t\tPar Transordizia\n\t\t\t\t\t<\/div>\n\t\t\t\t<\/div>\n\t\t\t<\/a>\n\n\n<\/div><\/div><div id=\"pgc-1902-3-1\"  class=\"panel-grid-cell\" ><div id=\"panel-1902-3-1-0\" class=\"so-panel widget widget_pw_latest_news widget-latest-news panel-first-child panel-last-child\" data-index=\"5\" >\n\n\t\t\t<a href=\"https:\/\/www.ham.es\/proyecto-yellow-tanque-soterrado-gnl-gnc\/\" class=\"latest-news  latest-news--block\">\n\t\t\t\t<div class=\"latest-news__date\">\n\t\t\t\t\t<div class=\"latest-news__date__month\">\n\t\t\t\t\t\tMai\n\t\t\t\t\t<\/div>\n\t\t\t\t\t<div class=\"latest-news__date__day\">\n\t\t\t\t\t\t3\n\t\t\t\t\t<\/div>\n\t\t\t\t<\/div>\n\t\t\t\t<div class=\"latest-news__image\">\n\t\t\t\t\t<img src=\"https:\/\/www.transordizia.com\/wp-content\/uploads\/2021\/05\/Captura-de-pantalla-de-2021-05-03-09-56-04-360x204.png\" width=\"360\" height=\"204\" srcset=\"https:\/\/www.transordizia.com\/wp-content\/uploads\/2021\/05\/Captura-de-pantalla-de-2021-05-03-09-56-04-360x204.png 360w, https:\/\/www.transordizia.com\/wp-content\/uploads\/2021\/05\/Captura-de-pantalla-de-2021-05-03-09-56-04.png 1231w\" sizes=\"(min-width: 781px) 360px, calc(100vw - 30px)\" class=\"wp-post-image\" alt=\"Pioneros en Europa apostando por Gasineras GNL-GNC con dep\u00f3sito soterrado\">\n\t\t\t\t<\/div>\n\n\t\t\t\t<div class=\"latest-news__content\">\n\t\t\t\t\t<h4 class=\"latest-news__title\">Pioneros en Europa apostando por Gasineras GNL-GNC con dep\u00f3sito soterrado<\/h4>\n\t\t\t\t\t<div class=\"latest-news__author\">\n\t\t\t\t\t\tPar Transordizia\n\t\t\t\t\t<\/div>\n\t\t\t\t<\/div>\n\t\t\t<\/a>\n\n\n<\/div><\/div><div id=\"pgc-1902-3-2\"  class=\"panel-grid-cell\" ><div id=\"panel-1902-3-2-0\" class=\"so-panel widget widget_pw_latest_news widget-latest-news panel-first-child panel-last-child\" data-index=\"6\" >\n\n\n\t\t\t<a href=\"https:\/\/solocamion.es\/transordizia-portavehiculos-pesados-siempre-un-paso-por-delante\/\" class=\"latest-news  latest-news--inline\">\n\t\t\t\t<div class=\"latest-news__content\">\n\t\t\t\t\t<h4 class=\"latest-news__title\">Transordizia, portaveh\u00edculos pesados; siempre un paso por delante<\/h4>\n\t\t\t\t\t\t<div class=\"latest-news__author\">\n\t\t\t\t\t\t\tPar Transordizia\n\t\t\t\t\t\t<\/div>\n\t\t\t\t<\/div>\n\t\t\t<\/a>\n\t\t\t<a href=\"http:\/\/www.todotransporte.com\/transordizia-hace-un-pedido-de-20-iveco-stralis-natural-power-de-gas-natural\/\" class=\"latest-news  latest-news--inline\">\n\t\t\t\t<div class=\"latest-news__content\">\n\t\t\t\t\t<h4 class=\"latest-news__title\">Transordizia compra a Iveco 20 Stralis Natural Power de gas natural licuado<\/h4>\n\t\t\t\t\t\t<div class=\"latest-news__author\">\n\t\t\t\t\t\t\tPar Transordizia\n\t\t\t\t\t\t<\/div>\n\t\t\t\t<\/div>\n\t\t\t<\/a>\n\t\t\t<a href=\"http:\/\/www.todotransporte.com\/transordizia-instala-un-surtidor-de-gnl-en-su-base-de-irun\/\" class=\"latest-news  latest-news--inline\">\n\t\t\t\t<div class=\"latest-news__content\">\n\t\t\t\t\t<h4 class=\"latest-news__title\">Transordizia instala un surtidor de GNL en su base de Ir\u00fan<\/h4>\n\t\t\t\t\t\t<div class=\"latest-news__author\">\n\t\t\t\t\t\t\tPar Transordizia\n\t\t\t\t\t\t<\/div>\n\t\t\t\t<\/div>\n\t\t\t<\/a>\n\n\t\t\t<a href=\"https:\/\/www.transordizia.com\/fr\/actualites\/\" class=\"latest-news  latest-news--more-news\">\n\t\t\t\tAutres infos\n\t\t\t<\/a>\n\n<\/div><\/div><\/div><\/div><div id=\"pg-1902-4\"  class=\"panel-grid panel-no-style\" ><div id=\"pgc-1902-4-0\"  class=\"panel-grid-cell panel-grid-cell-empty\" ><\/div><\/div><div id=\"pg-1902-5\"  class=\"panel-grid panel-no-style\" ><div id=\"pgc-1902-5-0\"  class=\"panel-grid-cell panel-grid-cell-empty\" ><\/div><\/div><div id=\"pg-1902-6\"  class=\"panel-grid panel-no-style\" ><div id=\"pgc-1902-6-0\"  class=\"panel-grid-cell\" ><div id=\"panel-1902-6-0-0\" class=\"so-panel widget widget_sow-image panel-first-child panel-last-child\" data-index=\"7\" ><div class=\"so-widget-sow-image so-widget-sow-image-default-17bc2272b535-1902\">\n\n<div class=\"sow-image-container\">\n\t\t\t<a\n\t\t\thref=\"http:\/\/www.fms-fahrzeugbau.de\/#\/en\/home\"\n\t\t\ttarget=\"_blank\" rel=\"noopener noreferrer\" \t\t>\n\t\t\t<img src=\"https:\/\/www.transordizia.com\/wp-content\/uploads\/2021\/04\/FMS.jpg\" width=\"150\" height=\"54\" sizes=\"(max-width: 150px) 100vw, 150px\" alt=\"\" loading=\"lazy\" \t\tclass=\"so-widget-image\"\/>\n\t<\/a><\/div>\n\n<\/div><\/div><\/div><div id=\"pgc-1902-6-1\"  class=\"panel-grid-cell\" ><div id=\"panel-1902-6-1-0\" class=\"so-panel widget widget_sow-image panel-first-child panel-last-child\" data-index=\"8\" ><div class=\"so-widget-sow-image so-widget-sow-image-default-17bc2272b535-1902\">\n\n<div class=\"sow-image-container\">\n\t\t\t<a\n\t\t\thref=\"https:\/\/www.tuvsud.com\/en\"\n\t\t\ttarget=\"_blank\" rel=\"noopener noreferrer\" \t\t>\n\t\t\t<img src=\"https:\/\/www.transordizia.com\/wp-content\/uploads\/2021\/04\/TUV-e1619695903570.jpg\" width=\"150\" height=\"55\" srcset=\"https:\/\/www.transordizia.com\/wp-content\/uploads\/2021\/04\/TUV-e1619695903570.jpg 319w, https:\/\/www.transordizia.com\/wp-content\/uploads\/2021\/04\/TUV-e1619695903570-300x111.jpg 300w\" sizes=\"(max-width: 150px) 100vw, 150px\" title=\"TUV\" alt=\"\" loading=\"lazy\" \t\tclass=\"so-widget-image\"\/>\n\t<\/a><\/div>\n\n<\/div><\/div><\/div><div id=\"pgc-1902-6-2\"  class=\"panel-grid-cell\" ><div id=\"panel-1902-6-2-0\" class=\"so-panel widget widget_sow-image panel-first-child panel-last-child\" data-index=\"9\" ><div class=\"so-widget-sow-image so-widget-sow-image-default-17bc2272b535-1902\">\n\n<div class=\"sow-image-container\">\n\t\t\t<a\n\t\t\thref=\"https:\/\/www.rolfo.it\/it\/en\"\n\t\t\ttarget=\"_blank\" rel=\"noopener noreferrer\" \t\t>\n\t\t\t<img src=\"https:\/\/www.transordizia.com\/wp-content\/uploads\/2021\/04\/ROLFO.jpg\" width=\"150\" height=\"34\" sizes=\"(max-width: 150px) 100vw, 150px\" alt=\"\" loading=\"lazy\" \t\tclass=\"so-widget-image\"\/>\n\t<\/a><\/div>\n\n<\/div><\/div><\/div><\/div><div id=\"pg-1902-7\"  class=\"panel-grid panel-no-style\" ><div id=\"pgc-1902-7-0\"  class=\"panel-grid-cell panel-grid-cell-empty\" ><\/div><\/div><\/div>","protected":false},"excerpt":{"rendered":"<p>TRANSORDIZIADepuis 1989, le groupe Transordizia High and Heavy se consacre \u00e0 la distribution logistique internationale de v\u00e9hicules industriels et d\u2019autobus sur l\u2019ensemble du territoire europ\u00e9en. Parmi ses clients, il faut souligner les principaux fabricants et carrossiers d\u2019Europe. Continuer \u00e0 lire V\u00e9hicules Industriels TRANSORDIZIA High and Heavy transporte, pour sa distribution internationale, des v\u00e9hicules industriels des &hellip;<\/p>\n","protected":false},"author":1,"featured_media":0,"parent":0,"menu_order":0,"comment_status":"closed","ping_status":"open","template":"template-front-page-slider.php","meta":{"_links_to":"","_links_to_target":""},"acf":[],"yoast_head":"<!-- This site is optimized with the Yoast SEO plugin v18.5.1 - https:\/\/yoast.com\/wordpress\/plugins\/seo\/ -->\n<title>Transordizia High &amp; Heavy<\/title>\n<meta name=\"description\" content=\"El grupo TRANSORDIZIA High and Heavy se dedica a la distribuci\u00f3n log\u00edstica internacional de veh\u00edculos industriales y autobuses, cubriendo...\" \/>\n<meta name=\"robots\" content=\"index, follow, max-snippet:-1, max-image-preview:large, max-video-preview:-1\" \/>\n<link rel=\"canonical\" href=\"https:\/\/www.transordizia.com\/fr\/\" \/>\n<meta property=\"og:locale\" content=\"fr_FR\" \/>\n<meta property=\"og:type\" content=\"article\" \/>\n<meta property=\"og:title\" content=\"Transordizia High &amp; Heavy\" \/>\n<meta property=\"og:description\" content=\"El grupo TRANSORDIZIA High and Heavy se dedica a la distribuci\u00f3n log\u00edstica internacional de veh\u00edculos industriales y autobuses, cubriendo...\" \/>\n<meta property=\"og:url\" content=\"https:\/\/www.transordizia.com\/fr\/\" \/>\n<meta property=\"og:site_name\" content=\"Transordizia High &amp; Heavy\" \/>\n<meta property=\"article:modified_time\" content=\"2024-02-01T12:14:44+00:00\" \/>\n<meta name=\"twitter:card\" content=\"summary_large_image\" \/>\n<meta name=\"twitter:label1\" content=\"Dur\u00e9e de lecture estim\u00e9e\" \/>\n\t<meta name=\"twitter:data1\" content=\"1 minute\" \/>\n<script type=\"application\/ld+json\" class=\"yoast-schema-graph\">{\"@context\":\"https:\/\/schema.org\",\"@graph\":[{\"@type\":\"Organization\",\"@id\":\"https:\/\/www.transordizia.com\/#organization\",\"name\":\"TRANSORDIZIA High and Heavy\",\"url\":\"https:\/\/www.transordizia.com\/\",\"sameAs\":[],\"logo\":{\"@type\":\"ImageObject\",\"@id\":\"https:\/\/www.transordizia.com\/#logo\",\"inLanguage\":\"fr-FR\",\"url\":\"https:\/\/www.transordizia.com\/wp-content\/uploads\/2021\/06\/TRANSORDIZA-LOGISTIC-GROUP_page-0001-e1624349996162.jpg\",\"contentUrl\":\"https:\/\/www.transordizia.com\/wp-content\/uploads\/2021\/06\/TRANSORDIZA-LOGISTIC-GROUP_page-0001-e1624349996162.jpg\",\"width\":2481,\"height\":1754,\"caption\":\"TRANSORDIZIA High and Heavy\"},\"image\":{\"@id\":\"https:\/\/www.transordizia.com\/#logo\"}},{\"@type\":\"WebSite\",\"@id\":\"https:\/\/www.transordizia.com\/#website\",\"url\":\"https:\/\/www.transordizia.com\/\",\"name\":\"Transordizia High &amp; Heavy\",\"description\":\"\",\"publisher\":{\"@id\":\"https:\/\/www.transordizia.com\/#organization\"},\"potentialAction\":[{\"@type\":\"SearchAction\",\"target\":{\"@type\":\"EntryPoint\",\"urlTemplate\":\"https:\/\/www.transordizia.com\/?s={search_term_string}\"},\"query-input\":\"required name=search_term_string\"}],\"inLanguage\":\"fr-FR\"},{\"@type\":\"WebPage\",\"@id\":\"https:\/\/www.transordizia.com\/fr\/#webpage\",\"url\":\"https:\/\/www.transordizia.com\/fr\/\",\"name\":\"Transordizia High &amp; Heavy\",\"isPartOf\":{\"@id\":\"https:\/\/www.transordizia.com\/#website\"},\"datePublished\":\"2015-04-14T10:13:09+00:00\",\"dateModified\":\"2024-02-01T12:14:44+00:00\",\"description\":\"El grupo TRANSORDIZIA High and Heavy se dedica a la distribuci\u00f3n log\u00edstica internacional de veh\u00edculos industriales y autobuses, cubriendo...\",\"breadcrumb\":{\"@id\":\"https:\/\/www.transordizia.com\/fr\/#breadcrumb\"},\"inLanguage\":\"fr-FR\",\"potentialAction\":[{\"@type\":\"ReadAction\",\"target\":[\"https:\/\/www.transordizia.com\/fr\/\"]}]},{\"@type\":\"BreadcrumbList\",\"@id\":\"https:\/\/www.transordizia.com\/fr\/#breadcrumb\",\"itemListElement\":[{\"@type\":\"ListItem\",\"position\":1,\"name\":\"Portada\",\"item\":\"https:\/\/www.transordizia.com\/fr\/\"},{\"@type\":\"ListItem\",\"position\":2,\"name\":\"Inicio\"}]}]}<\/script>\n<!-- \/ Yoast SEO plugin. -->","yoast_head_json":{"title":"Transordizia High &amp; Heavy","description":"El grupo TRANSORDIZIA High and Heavy se dedica a la distribuci\u00f3n log\u00edstica internacional de veh\u00edculos industriales y autobuses, cubriendo...","robots":{"index":"index","follow":"follow","max-snippet":"max-snippet:-1","max-image-preview":"max-image-preview:large","max-video-preview":"max-video-preview:-1"},"canonical":"https:\/\/www.transordizia.com\/fr\/","og_locale":"fr_FR","og_type":"article","og_title":"Transordizia High &amp; Heavy","og_description":"El grupo TRANSORDIZIA High and Heavy se dedica a la distribuci\u00f3n log\u00edstica internacional de veh\u00edculos industriales y autobuses, cubriendo...","og_url":"https:\/\/www.transordizia.com\/fr\/","og_site_name":"Transordizia High &amp; Heavy","article_modified_time":"2024-02-01T12:14:44+00:00","twitter_card":"summary_large_image","twitter_misc":{"Dur\u00e9e de lecture estim\u00e9e":"1 minute"},"schema":{"@context":"https:\/\/schema.org","@graph":[{"@type":"Organization","@id":"https:\/\/www.transordizia.com\/#organization","name":"TRANSORDIZIA High and Heavy","url":"https:\/\/www.transordizia.com\/","sameAs":[],"logo":{"@type":"ImageObject","@id":"https:\/\/www.transordizia.com\/#logo","inLanguage":"fr-FR","url":"https:\/\/www.transordizia.com\/wp-content\/uploads\/2021\/06\/TRANSORDIZA-LOGISTIC-GROUP_page-0001-e1624349996162.jpg","contentUrl":"https:\/\/www.transordizia.com\/wp-content\/uploads\/2021\/06\/TRANSORDIZA-LOGISTIC-GROUP_page-0001-e1624349996162.jpg","width":2481,"height":1754,"caption":"TRANSORDIZIA High and Heavy"},"image":{"@id":"https:\/\/www.transordizia.com\/#logo"}},{"@type":"WebSite","@id":"https:\/\/www.transordizia.com\/#website","url":"https:\/\/www.transordizia.com\/","name":"Transordizia High &amp; Heavy","description":"","publisher":{"@id":"https:\/\/www.transordizia.com\/#organization"},"potentialAction":[{"@type":"SearchAction","target":{"@type":"EntryPoint","urlTemplate":"https:\/\/www.transordizia.com\/?s={search_term_string}"},"query-input":"required name=search_term_string"}],"inLanguage":"fr-FR"},{"@type":"WebPage","@id":"https:\/\/www.transordizia.com\/fr\/#webpage","url":"https:\/\/www.transordizia.com\/fr\/","name":"Transordizia High &amp; Heavy","isPartOf":{"@id":"https:\/\/www.transordizia.com\/#website"},"datePublished":"2015-04-14T10:13:09+00:00","dateModified":"2024-02-01T12:14:44+00:00","description":"El grupo TRANSORDIZIA High and Heavy se dedica a la distribuci\u00f3n log\u00edstica internacional de veh\u00edculos industriales y autobuses, cubriendo...","breadcrumb":{"@id":"https:\/\/www.transordizia.com\/fr\/#breadcrumb"},"inLanguage":"fr-FR","potentialAction":[{"@type":"ReadAction","target":["https:\/\/www.transordizia.com\/fr\/"]}]},{"@type":"BreadcrumbList","@id":"https:\/\/www.transordizia.com\/fr\/#breadcrumb","itemListElement":[{"@type":"ListItem","position":1,"name":"Portada","item":"https:\/\/www.transordizia.com\/fr\/"},{"@type":"ListItem","position":2,"name":"Inicio"}]}]}},"_links":{"self":[{"href":"https:\/\/www.transordizia.com\/fr\/wp-json\/wp\/v2\/pages\/1902"}],"collection":[{"href":"https:\/\/www.transordizia.com\/fr\/wp-json\/wp\/v2\/pages"}],"about":[{"href":"https:\/\/www.transordizia.com\/fr\/wp-json\/wp\/v2\/types\/page"}],"author":[{"embeddable":true,"href":"https:\/\/www.transordizia.com\/fr\/wp-json\/wp\/v2\/users\/1"}],"replies":[{"embeddable":true,"href":"https:\/\/www.transordizia.com\/fr\/wp-json\/wp\/v2\/comments?post=1902"}],"version-history":[{"count":15,"href":"https:\/\/www.transordizia.com\/fr\/wp-json\/wp\/v2\/pages\/1902\/revisions"}],"predecessor-version":[{"id":2659,"href":"https:\/\/www.transordizia.com\/fr\/wp-json\/wp\/v2\/pages\/1902\/revisions\/2659"}],"wp:attachment":[{"href":"https:\/\/www.transordizia.com\/fr\/wp-json\/wp\/v2\/media?parent=1902"}],"curies":[{"name":"wp","href":"https:\/\/api.w.org\/{rel}","templated":true}]}}