{"id":1892,"date":"2015-04-23T11:04:51","date_gmt":"2015-04-23T09:04:51","guid":{"rendered":"https:\/\/www.transordizia.com\/wp\/servicios-2\/"},"modified":"2021-06-21T10:28:47","modified_gmt":"2021-06-21T08:28:47","slug":"services","status":"publish","type":"page","link":"https:\/\/www.transordizia.com\/fr\/services\/","title":{"rendered":"Services"},"content":{"rendered":"<div id=\"pl-1892\"  class=\"panel-layout\" ><div id=\"pg-1892-0\"  class=\"panel-grid panel-no-style\" ><div id=\"pgc-1892-0-0\"  class=\"panel-grid-cell\" ><div id=\"panel-1892-0-0-0\" class=\"so-panel widget widget_pw_featured_page widget-featured-page panel-first-child panel-last-child\" data-index=\"0\" >\n\n\t<div class=\"page-box  page-box--block\">\n\t\t\t<a class=\"page-box__picture\" href=\"https:\/\/www.transordizia.com\/fr\/services\/vehicules-industriels\/\"><img src=\"https:\/\/www.transordizia.com\/wp-content\/uploads\/2021\/05\/03-min-360x240.jpg\" width=\"360\" height=\"240\" srcset=\"https:\/\/www.transordizia.com\/wp-content\/uploads\/2021\/05\/03-min-360x240.jpg 360w, https:\/\/www.transordizia.com\/wp-content\/uploads\/2021\/05\/03-min-scaled.jpg 2560w\" sizes=\"(min-width: 992px) 360px, calc(100vw - 30px)\" class=\"wp-post-image\" alt=\"V\u00e9hicules Industriels\"><\/a>\n\t\t<div class=\"page-box__content\">\n\t\t\t<h5 class=\"page-box__title  text-uppercase\"><a href=\"https:\/\/www.transordizia.com\/fr\/services\/vehicules-industriels\/\">V\u00e9hicules Industriels<\/a><\/h5>\n\t\t\t<p>TRANSORDIZIA High and Heavy transporte, pour sa distribution internationale, des v\u00e9hicules industriels des principaux fabricants (Man, Iveco, Scania, Volvo Turcks, Renault et Mercedes-Benz) dans toute l\u2019Europe. En 2020, la compagnie a distribu\u00e9 &hellip;<\/p>\n\t\t\t\t<p><a href=\"https:\/\/www.transordizia.com\/fr\/services\/vehicules-industriels\/\" class=\"read-more  read-more--page-box\">Continuer \u00e0 lire<\/a><\/p>\n\t\t<\/div>\n\t<\/div>\n\n<\/div><\/div><div id=\"pgc-1892-0-1\"  class=\"panel-grid-cell\" ><div id=\"panel-1892-0-1-0\" class=\"so-panel widget widget_pw_featured_page widget-featured-page panel-first-child panel-last-child\" data-index=\"1\" >\n\n\t<div class=\"page-box  page-box--block\">\n\t\t\t<a class=\"page-box__picture\" href=\"https:\/\/www.transordizia.com\/fr\/services\/autobus\/\"><img src=\"https:\/\/www.transordizia.com\/wp-content\/uploads\/2021\/04\/15-360x240.jpg\" width=\"360\" height=\"240\" srcset=\"https:\/\/www.transordizia.com\/wp-content\/uploads\/2021\/04\/15-360x240.jpg 360w, https:\/\/www.transordizia.com\/wp-content\/uploads\/2021\/04\/15-scaled.jpg 2560w\" sizes=\"(min-width: 992px) 360px, calc(100vw - 30px)\" class=\"wp-post-image\" alt=\"Autobus\"><\/a>\n\t\t<div class=\"page-box__content\">\n\t\t\t<h5 class=\"page-box__title  text-uppercase\"><a href=\"https:\/\/www.transordizia.com\/fr\/services\/autobus\/\">Autobus<\/a><\/h5>\n\t\t\t<p>TRANSORDIZIA High and Heavy fi\u00e8re d\u2019\u00eatre devenue une r\u00e9f\u00e9rence dans le transport d\u2019autobus, qu\u2019il s\u2019agisse de ch\u00e2ssis ou de v\u00e9hicules carross\u00e9s, y compris les autobus urbains articul\u00e9s. La compagnie dispose pour cela des remorques &hellip;<\/p>\n\t\t\t\t<p><a href=\"https:\/\/www.transordizia.com\/fr\/services\/autobus\/\" class=\"read-more  read-more--page-box\">Continuer \u00e0 lire<\/a><\/p>\n\t\t<\/div>\n\t<\/div>\n\n<\/div><\/div><div id=\"pgc-1892-0-2\"  class=\"panel-grid-cell\" ><div id=\"panel-1892-0-2-0\" class=\"so-panel widget widget_pw_featured_page widget-featured-page panel-first-child panel-last-child\" data-index=\"2\" >\n\n\t<div class=\"page-box  page-box--block\">\n\t\t\t<a class=\"page-box__picture\" href=\"https:\/\/www.transordizia.com\/fr\/services\/maintenance-vehicules-industriels\/\"><img src=\"https:\/\/www.transordizia.com\/wp-content\/uploads\/2021\/06\/portabask-Instalaciones-3_web-1-360x240.jpg\" width=\"360\" height=\"240\" srcset=\"https:\/\/www.transordizia.com\/wp-content\/uploads\/2021\/06\/portabask-Instalaciones-3_web-1-360x240.jpg 360w, https:\/\/www.transordizia.com\/wp-content\/uploads\/2021\/06\/portabask-Instalaciones-3_web-1.jpg 800w\" sizes=\"(min-width: 992px) 360px, calc(100vw - 30px)\" class=\"wp-post-image\" alt=\"Maintenance de v\u00e9hicules industriels\"><\/a>\n\t\t<div class=\"page-box__content\">\n\t\t\t<h5 class=\"page-box__title  text-uppercase\"><a href=\"https:\/\/www.transordizia.com\/fr\/services\/maintenance-vehicules-industriels\/\">Maintenance de v\u00e9hicules industriels<\/a><\/h5>\n\t\t\t<p>Le groupe dispose de son propre atelier avec des installations neuves et modernes pour l\u2019entretien de sa flotte et les travaux ext\u00e9rieurs. Tout comme l\u2019entreprise de logistique, ses installations se situent \u00e0 ZAISA\u00a0III, centre de services &hellip;<\/p>\n\t\t\t\t<p><a href=\"https:\/\/www.transordizia.com\/fr\/services\/maintenance-vehicules-industriels\/\" class=\"read-more  read-more--page-box\">Continuer \u00e0 lire<\/a><\/p>\n\t\t<\/div>\n\t<\/div>\n\n<\/div><\/div><\/div><\/div>","protected":false},"excerpt":{"rendered":"<p>V\u00e9hicules Industriels TRANSORDIZIA High and Heavy transporte, pour sa distribution internationale, des v\u00e9hicules industriels des principaux fabricants (Man, Iveco, Scania, Volvo Turcks, Renault et Mercedes-Benz) dans toute l\u2019Europe. En 2020, la compagnie a distribu\u00e9 &hellip; Continuer \u00e0 lire Autobus TRANSORDIZIA High and Heavy fi\u00e8re d\u2019\u00eatre devenue une r\u00e9f\u00e9rence dans le transport d\u2019autobus, qu\u2019il s\u2019agisse de &hellip;<\/p>\n","protected":false},"author":1,"featured_media":0,"parent":0,"menu_order":0,"comment_status":"closed","ping_status":"open","template":"","meta":{"_links_to":"","_links_to_target":""},"acf":[],"yoast_head":"<!-- This site is optimized with the Yoast SEO plugin v18.5.1 - https:\/\/yoast.com\/wordpress\/plugins\/seo\/ -->\n<title>Services - Transordizia High &amp; Heavy<\/title>\n<meta name=\"robots\" content=\"index, follow, max-snippet:-1, max-image-preview:large, max-video-preview:-1\" \/>\n<link rel=\"canonical\" href=\"https:\/\/www.transordizia.com\/fr\/services\/\" \/>\n<meta property=\"og:locale\" content=\"fr_FR\" \/>\n<meta property=\"og:type\" content=\"article\" \/>\n<meta property=\"og:title\" content=\"Services - Transordizia High &amp; Heavy\" \/>\n<meta property=\"og:description\" content=\"V\u00e9hicules Industriels TRANSORDIZIA High and Heavy transporte, pour sa distribution internationale, des v\u00e9hicules industriels des principaux fabricants (Man, Iveco, Scania, Volvo Turcks, Renault et Mercedes-Benz) dans toute l\u2019Europe. En 2020, la compagnie a distribu\u00e9 &hellip; Continuer \u00e0 lire Autobus TRANSORDIZIA High and Heavy fi\u00e8re d\u2019\u00eatre devenue une r\u00e9f\u00e9rence dans le transport d\u2019autobus, qu\u2019il s\u2019agisse de &hellip;\" \/>\n<meta property=\"og:url\" content=\"https:\/\/www.transordizia.com\/fr\/services\/\" \/>\n<meta property=\"og:site_name\" content=\"Transordizia High &amp; Heavy\" \/>\n<meta property=\"article:modified_time\" content=\"2021-06-21T08:28:47+00:00\" \/>\n<meta name=\"twitter:card\" content=\"summary_large_image\" \/>\n<script type=\"application\/ld+json\" class=\"yoast-schema-graph\">{\"@context\":\"https:\/\/schema.org\",\"@graph\":[{\"@type\":\"Organization\",\"@id\":\"https:\/\/www.transordizia.com\/#organization\",\"name\":\"TRANSORDIZIA High and Heavy\",\"url\":\"https:\/\/www.transordizia.com\/\",\"sameAs\":[],\"logo\":{\"@type\":\"ImageObject\",\"@id\":\"https:\/\/www.transordizia.com\/#logo\",\"inLanguage\":\"fr-FR\",\"url\":\"https:\/\/www.transordizia.com\/wp-content\/uploads\/2021\/06\/TRANSORDIZA-LOGISTIC-GROUP_page-0001-e1624349996162.jpg\",\"contentUrl\":\"https:\/\/www.transordizia.com\/wp-content\/uploads\/2021\/06\/TRANSORDIZA-LOGISTIC-GROUP_page-0001-e1624349996162.jpg\",\"width\":2481,\"height\":1754,\"caption\":\"TRANSORDIZIA High and Heavy\"},\"image\":{\"@id\":\"https:\/\/www.transordizia.com\/#logo\"}},{\"@type\":\"WebSite\",\"@id\":\"https:\/\/www.transordizia.com\/#website\",\"url\":\"https:\/\/www.transordizia.com\/\",\"name\":\"Transordizia High &amp; Heavy\",\"description\":\"\",\"publisher\":{\"@id\":\"https:\/\/www.transordizia.com\/#organization\"},\"potentialAction\":[{\"@type\":\"SearchAction\",\"target\":{\"@type\":\"EntryPoint\",\"urlTemplate\":\"https:\/\/www.transordizia.com\/?s={search_term_string}\"},\"query-input\":\"required name=search_term_string\"}],\"inLanguage\":\"fr-FR\"},{\"@type\":\"WebPage\",\"@id\":\"https:\/\/www.transordizia.com\/fr\/services\/#webpage\",\"url\":\"https:\/\/www.transordizia.com\/fr\/services\/\",\"name\":\"Services - Transordizia High &amp; Heavy\",\"isPartOf\":{\"@id\":\"https:\/\/www.transordizia.com\/#website\"},\"datePublished\":\"2015-04-23T09:04:51+00:00\",\"dateModified\":\"2021-06-21T08:28:47+00:00\",\"breadcrumb\":{\"@id\":\"https:\/\/www.transordizia.com\/fr\/services\/#breadcrumb\"},\"inLanguage\":\"fr-FR\",\"potentialAction\":[{\"@type\":\"ReadAction\",\"target\":[\"https:\/\/www.transordizia.com\/fr\/services\/\"]}]},{\"@type\":\"BreadcrumbList\",\"@id\":\"https:\/\/www.transordizia.com\/fr\/services\/#breadcrumb\",\"itemListElement\":[{\"@type\":\"ListItem\",\"position\":1,\"name\":\"Portada\",\"item\":\"https:\/\/www.transordizia.com\/fr\/\"},{\"@type\":\"ListItem\",\"position\":2,\"name\":\"Services\"}]}]}<\/script>\n<!-- \/ Yoast SEO plugin. -->","yoast_head_json":{"title":"Services - Transordizia High &amp; Heavy","robots":{"index":"index","follow":"follow","max-snippet":"max-snippet:-1","max-image-preview":"max-image-preview:large","max-video-preview":"max-video-preview:-1"},"canonical":"https:\/\/www.transordizia.com\/fr\/services\/","og_locale":"fr_FR","og_type":"article","og_title":"Services - Transordizia High &amp; Heavy","og_description":"V\u00e9hicules Industriels TRANSORDIZIA High and Heavy transporte, pour sa distribution internationale, des v\u00e9hicules industriels des principaux fabricants (Man, Iveco, Scania, Volvo Turcks, Renault et Mercedes-Benz) dans toute l\u2019Europe. En 2020, la compagnie a distribu\u00e9 &hellip; Continuer \u00e0 lire Autobus TRANSORDIZIA High and Heavy fi\u00e8re d\u2019\u00eatre devenue une r\u00e9f\u00e9rence dans le transport d\u2019autobus, qu\u2019il s\u2019agisse de &hellip;","og_url":"https:\/\/www.transordizia.com\/fr\/services\/","og_site_name":"Transordizia High &amp; Heavy","article_modified_time":"2021-06-21T08:28:47+00:00","twitter_card":"summary_large_image","schema":{"@context":"https:\/\/schema.org","@graph":[{"@type":"Organization","@id":"https:\/\/www.transordizia.com\/#organization","name":"TRANSORDIZIA High and Heavy","url":"https:\/\/www.transordizia.com\/","sameAs":[],"logo":{"@type":"ImageObject","@id":"https:\/\/www.transordizia.com\/#logo","inLanguage":"fr-FR","url":"https:\/\/www.transordizia.com\/wp-content\/uploads\/2021\/06\/TRANSORDIZA-LOGISTIC-GROUP_page-0001-e1624349996162.jpg","contentUrl":"https:\/\/www.transordizia.com\/wp-content\/uploads\/2021\/06\/TRANSORDIZA-LOGISTIC-GROUP_page-0001-e1624349996162.jpg","width":2481,"height":1754,"caption":"TRANSORDIZIA High and Heavy"},"image":{"@id":"https:\/\/www.transordizia.com\/#logo"}},{"@type":"WebSite","@id":"https:\/\/www.transordizia.com\/#website","url":"https:\/\/www.transordizia.com\/","name":"Transordizia High &amp; Heavy","description":"","publisher":{"@id":"https:\/\/www.transordizia.com\/#organization"},"potentialAction":[{"@type":"SearchAction","target":{"@type":"EntryPoint","urlTemplate":"https:\/\/www.transordizia.com\/?s={search_term_string}"},"query-input":"required name=search_term_string"}],"inLanguage":"fr-FR"},{"@type":"WebPage","@id":"https:\/\/www.transordizia.com\/fr\/services\/#webpage","url":"https:\/\/www.transordizia.com\/fr\/services\/","name":"Services - Transordizia High &amp; Heavy","isPartOf":{"@id":"https:\/\/www.transordizia.com\/#website"},"datePublished":"2015-04-23T09:04:51+00:00","dateModified":"2021-06-21T08:28:47+00:00","breadcrumb":{"@id":"https:\/\/www.transordizia.com\/fr\/services\/#breadcrumb"},"inLanguage":"fr-FR","potentialAction":[{"@type":"ReadAction","target":["https:\/\/www.transordizia.com\/fr\/services\/"]}]},{"@type":"BreadcrumbList","@id":"https:\/\/www.transordizia.com\/fr\/services\/#breadcrumb","itemListElement":[{"@type":"ListItem","position":1,"name":"Portada","item":"https:\/\/www.transordizia.com\/fr\/"},{"@type":"ListItem","position":2,"name":"Services"}]}]}},"_links":{"self":[{"href":"https:\/\/www.transordizia.com\/fr\/wp-json\/wp\/v2\/pages\/1892"}],"collection":[{"href":"https:\/\/www.transordizia.com\/fr\/wp-json\/wp\/v2\/pages"}],"about":[{"href":"https:\/\/www.transordizia.com\/fr\/wp-json\/wp\/v2\/types\/page"}],"author":[{"embeddable":true,"href":"https:\/\/www.transordizia.com\/fr\/wp-json\/wp\/v2\/users\/1"}],"replies":[{"embeddable":true,"href":"https:\/\/www.transordizia.com\/fr\/wp-json\/wp\/v2\/comments?post=1892"}],"version-history":[{"count":11,"href":"https:\/\/www.transordizia.com\/fr\/wp-json\/wp\/v2\/pages\/1892\/revisions"}],"predecessor-version":[{"id":2388,"href":"https:\/\/www.transordizia.com\/fr\/wp-json\/wp\/v2\/pages\/1892\/revisions\/2388"}],"wp:attachment":[{"href":"https:\/\/www.transordizia.com\/fr\/wp-json\/wp\/v2\/media?parent=1892"}],"curies":[{"name":"wp","href":"https:\/\/api.w.org\/{rel}","templated":true}]}}