{"id":1881,"date":"2015-04-23T12:32:53","date_gmt":"2015-04-23T10:32:53","guid":{"rendered":"https:\/\/www.transordizia.com\/wp\/mantenimiento-vehiculos-industriales-2\/"},"modified":"2021-07-27T12:02:33","modified_gmt":"2021-07-27T10:02:33","slug":"maintenance-vehicules-industriels","status":"publish","type":"page","link":"https:\/\/www.transordizia.com\/fr\/services\/maintenance-vehicules-industriels\/","title":{"rendered":"Maintenance de v\u00e9hicules industriels"},"content":{"rendered":"<div id=\"pl-1881\"  class=\"panel-layout\" ><div id=\"pg-1881-0\"  class=\"panel-grid panel-no-style\" ><div id=\"pgc-1881-0-0\"  class=\"panel-grid-cell\" ><div id=\"panel-1881-0-0-0\" class=\"so-panel widget widget_black-studio-tinymce widget_black_studio_tinymce panel-first-child panel-last-child\" data-index=\"0\" ><div class=\"textwidget\"><p>Le groupe dispose de son propre atelier avec des installations neuves et modernes pour l\u2019entretien de sa flotte et les travaux ext\u00e9rieurs. Tout comme l\u2019entreprise de logistique, ses installations se situent \u00e0 ZAISA\u00a0III, centre de services destin\u00e9s au transport, \u00e0 seulement 200\u00a0m de la fronti\u00e8re fran\u00e7aise, \u00e0 Irun (autoroute A1), au c\u0153ur du couloir de l\u2019axe Atlantique Espagne-Centre et Nord de l\u2019Europe.<\/p>\n<p>Nous mettons \u00e0 disposition de nos clients un personnel tr\u00e8s qualifi\u00e9 avec une grande exp\u00e9rience dans le domaine de l\u2019entretien de v\u00e9hicules industriels, et carrosserie propre, afin de garantir le meilleur service en un temps record.<\/p>\n<h3>Installations<\/h3>\n<ul>\n<li>Atelier de 4 000\u00a0m2. Terrain de 18 000\u00a0m2<\/li>\n<li>Pont roulant, ligne pr\u00e9alable au contr\u00f4le technique, chariot \u00e9l\u00e9vateur de 8T, zone de lavage<\/li>\n<li>Cabine mixte de peinture\/four, marque Geinsa.<\/li>\n<li>Distributeur Valcarce<\/li>\n<li>Station-service de gaz souterraine HAM<\/li>\n<\/ul>\n<div id=\"tw-target-text-container\" class=\"tw-ta-container F0azHf tw-nfl\" tabindex=\"0\">\n<h3 id=\"tw-target-text\" class=\"tw-data-text tw-text-large XcVN5d tw-ta\" dir=\"ltr\" data-placeholder=\"Traducci\u00f3n\"><span class=\"Y2IQFc\" lang=\"fr\">T\u00e9l\u00e9phone de contact<\/span><\/h3>\n<ul>\n<li>+34 943 63 31 84<\/li>\n<\/ul>\n<\/div>\n<\/div><\/div><\/div><\/div><div id=\"pg-1881-1\"  class=\"panel-grid panel-no-style\" ><div id=\"pgc-1881-1-0\"  class=\"panel-grid-cell\" ><div id=\"panel-1881-1-0-0\" class=\"so-panel widget widget_media_image panel-first-child panel-last-child\" data-index=\"1\" ><img width=\"800\" height=\"600\" src=\"https:\/\/www.transordizia.com\/wp-content\/uploads\/2021\/06\/portabask-Instalaciones-3_web-1.jpg\" class=\"image wp-image-2542  attachment-full size-full\" alt=\"\" loading=\"lazy\" style=\"max-width: 100%; height: auto;\" srcset=\"https:\/\/www.transordizia.com\/wp-content\/uploads\/2021\/06\/portabask-Instalaciones-3_web-1.jpg 800w, https:\/\/www.transordizia.com\/wp-content\/uploads\/2021\/06\/portabask-Instalaciones-3_web-1-300x225.jpg 300w, https:\/\/www.transordizia.com\/wp-content\/uploads\/2021\/06\/portabask-Instalaciones-3_web-1-768x576.jpg 768w\" sizes=\"(max-width: 800px) 100vw, 800px\" \/><\/div><\/div><\/div><\/div>","protected":false},"excerpt":{"rendered":"<p>Le groupe dispose de son propre atelier avec des installations neuves et modernes pour l\u2019entretien de sa flotte et les travaux ext\u00e9rieurs. Tout comme l\u2019entreprise de logistique, ses installations se situent \u00e0 ZAISA\u00a0III, centre de services destin\u00e9s au transport, \u00e0 seulement 200\u00a0m de la fronti\u00e8re fran\u00e7aise, \u00e0 Irun (autoroute A1), au c\u0153ur du couloir de &hellip;<\/p>\n","protected":false},"author":1,"featured_media":2542,"parent":1892,"menu_order":0,"comment_status":"closed","ping_status":"open","template":"","meta":{"_links_to":"","_links_to_target":""},"acf":[],"yoast_head":"<!-- This site is optimized with the Yoast SEO plugin v18.5.1 - https:\/\/yoast.com\/wordpress\/plugins\/seo\/ -->\n<title>Maintenance de v\u00e9hicules industriels - Transordizia High &amp; Heavy<\/title>\n<meta name=\"robots\" content=\"index, follow, max-snippet:-1, max-image-preview:large, max-video-preview:-1\" \/>\n<link rel=\"canonical\" href=\"https:\/\/www.transordizia.com\/fr\/services\/maintenance-vehicules-industriels\/\" \/>\n<meta property=\"og:locale\" content=\"fr_FR\" \/>\n<meta property=\"og:type\" content=\"article\" \/>\n<meta property=\"og:title\" content=\"Maintenance de v\u00e9hicules industriels - Transordizia High &amp; Heavy\" \/>\n<meta property=\"og:description\" content=\"Le groupe dispose de son propre atelier avec des installations neuves et modernes pour l\u2019entretien de sa flotte et les travaux ext\u00e9rieurs. Tout comme l\u2019entreprise de logistique, ses installations se situent \u00e0 ZAISA\u00a0III, centre de services destin\u00e9s au transport, \u00e0 seulement 200\u00a0m de la fronti\u00e8re fran\u00e7aise, \u00e0 Irun (autoroute A1), au c\u0153ur du couloir de &hellip;\" \/>\n<meta property=\"og:url\" content=\"https:\/\/www.transordizia.com\/fr\/services\/maintenance-vehicules-industriels\/\" \/>\n<meta property=\"og:site_name\" content=\"Transordizia High &amp; Heavy\" \/>\n<meta property=\"article:modified_time\" content=\"2021-07-27T10:02:33+00:00\" \/>\n<meta property=\"og:image\" content=\"https:\/\/www.transordizia.com\/wp-content\/uploads\/2021\/06\/portabask-Instalaciones-3_web-1.jpg\" \/>\n\t<meta property=\"og:image:width\" content=\"800\" \/>\n\t<meta property=\"og:image:height\" content=\"600\" \/>\n\t<meta property=\"og:image:type\" content=\"image\/jpeg\" \/>\n<meta name=\"twitter:card\" content=\"summary_large_image\" \/>\n<meta name=\"twitter:label1\" content=\"Dur\u00e9e de lecture estim\u00e9e\" \/>\n\t<meta name=\"twitter:data1\" content=\"1 minute\" \/>\n<script type=\"application\/ld+json\" class=\"yoast-schema-graph\">{\"@context\":\"https:\/\/schema.org\",\"@graph\":[{\"@type\":\"Organization\",\"@id\":\"https:\/\/www.transordizia.com\/#organization\",\"name\":\"TRANSORDIZIA High and Heavy\",\"url\":\"https:\/\/www.transordizia.com\/\",\"sameAs\":[],\"logo\":{\"@type\":\"ImageObject\",\"@id\":\"https:\/\/www.transordizia.com\/#logo\",\"inLanguage\":\"fr-FR\",\"url\":\"https:\/\/www.transordizia.com\/wp-content\/uploads\/2021\/06\/TRANSORDIZA-LOGISTIC-GROUP_page-0001-e1624349996162.jpg\",\"contentUrl\":\"https:\/\/www.transordizia.com\/wp-content\/uploads\/2021\/06\/TRANSORDIZA-LOGISTIC-GROUP_page-0001-e1624349996162.jpg\",\"width\":2481,\"height\":1754,\"caption\":\"TRANSORDIZIA High and Heavy\"},\"image\":{\"@id\":\"https:\/\/www.transordizia.com\/#logo\"}},{\"@type\":\"WebSite\",\"@id\":\"https:\/\/www.transordizia.com\/#website\",\"url\":\"https:\/\/www.transordizia.com\/\",\"name\":\"Transordizia High &amp; Heavy\",\"description\":\"\",\"publisher\":{\"@id\":\"https:\/\/www.transordizia.com\/#organization\"},\"potentialAction\":[{\"@type\":\"SearchAction\",\"target\":{\"@type\":\"EntryPoint\",\"urlTemplate\":\"https:\/\/www.transordizia.com\/?s={search_term_string}\"},\"query-input\":\"required name=search_term_string\"}],\"inLanguage\":\"fr-FR\"},{\"@type\":\"ImageObject\",\"@id\":\"https:\/\/www.transordizia.com\/fr\/services\/maintenance-vehicules-industriels\/#primaryimage\",\"inLanguage\":\"fr-FR\",\"url\":\"https:\/\/www.transordizia.com\/wp-content\/uploads\/2021\/06\/portabask-Instalaciones-3_web-1.jpg\",\"contentUrl\":\"https:\/\/www.transordizia.com\/wp-content\/uploads\/2021\/06\/portabask-Instalaciones-3_web-1.jpg\",\"width\":800,\"height\":600},{\"@type\":\"WebPage\",\"@id\":\"https:\/\/www.transordizia.com\/fr\/services\/maintenance-vehicules-industriels\/#webpage\",\"url\":\"https:\/\/www.transordizia.com\/fr\/services\/maintenance-vehicules-industriels\/\",\"name\":\"Maintenance de v\u00e9hicules industriels - Transordizia High &amp; Heavy\",\"isPartOf\":{\"@id\":\"https:\/\/www.transordizia.com\/#website\"},\"primaryImageOfPage\":{\"@id\":\"https:\/\/www.transordizia.com\/fr\/services\/maintenance-vehicules-industriels\/#primaryimage\"},\"datePublished\":\"2015-04-23T10:32:53+00:00\",\"dateModified\":\"2021-07-27T10:02:33+00:00\",\"breadcrumb\":{\"@id\":\"https:\/\/www.transordizia.com\/fr\/services\/maintenance-vehicules-industriels\/#breadcrumb\"},\"inLanguage\":\"fr-FR\",\"potentialAction\":[{\"@type\":\"ReadAction\",\"target\":[\"https:\/\/www.transordizia.com\/fr\/services\/maintenance-vehicules-industriels\/\"]}]},{\"@type\":\"BreadcrumbList\",\"@id\":\"https:\/\/www.transordizia.com\/fr\/services\/maintenance-vehicules-industriels\/#breadcrumb\",\"itemListElement\":[{\"@type\":\"ListItem\",\"position\":1,\"name\":\"Portada\",\"item\":\"https:\/\/www.transordizia.com\/fr\/\"},{\"@type\":\"ListItem\",\"position\":2,\"name\":\"Services\",\"item\":\"https:\/\/www.transordizia.com\/fr\/services\/\"},{\"@type\":\"ListItem\",\"position\":3,\"name\":\"Maintenance de v\u00e9hicules industriels\"}]}]}<\/script>\n<!-- \/ Yoast SEO plugin. -->","yoast_head_json":{"title":"Maintenance de v\u00e9hicules industriels - Transordizia High &amp; Heavy","robots":{"index":"index","follow":"follow","max-snippet":"max-snippet:-1","max-image-preview":"max-image-preview:large","max-video-preview":"max-video-preview:-1"},"canonical":"https:\/\/www.transordizia.com\/fr\/services\/maintenance-vehicules-industriels\/","og_locale":"fr_FR","og_type":"article","og_title":"Maintenance de v\u00e9hicules industriels - Transordizia High &amp; Heavy","og_description":"Le groupe dispose de son propre atelier avec des installations neuves et modernes pour l\u2019entretien de sa flotte et les travaux ext\u00e9rieurs. Tout comme l\u2019entreprise de logistique, ses installations se situent \u00e0 ZAISA\u00a0III, centre de services destin\u00e9s au transport, \u00e0 seulement 200\u00a0m de la fronti\u00e8re fran\u00e7aise, \u00e0 Irun (autoroute A1), au c\u0153ur du couloir de &hellip;","og_url":"https:\/\/www.transordizia.com\/fr\/services\/maintenance-vehicules-industriels\/","og_site_name":"Transordizia High &amp; Heavy","article_modified_time":"2021-07-27T10:02:33+00:00","og_image":[{"width":800,"height":600,"url":"https:\/\/www.transordizia.com\/wp-content\/uploads\/2021\/06\/portabask-Instalaciones-3_web-1.jpg","type":"image\/jpeg"}],"twitter_card":"summary_large_image","twitter_misc":{"Dur\u00e9e de lecture estim\u00e9e":"1 minute"},"schema":{"@context":"https:\/\/schema.org","@graph":[{"@type":"Organization","@id":"https:\/\/www.transordizia.com\/#organization","name":"TRANSORDIZIA High and Heavy","url":"https:\/\/www.transordizia.com\/","sameAs":[],"logo":{"@type":"ImageObject","@id":"https:\/\/www.transordizia.com\/#logo","inLanguage":"fr-FR","url":"https:\/\/www.transordizia.com\/wp-content\/uploads\/2021\/06\/TRANSORDIZA-LOGISTIC-GROUP_page-0001-e1624349996162.jpg","contentUrl":"https:\/\/www.transordizia.com\/wp-content\/uploads\/2021\/06\/TRANSORDIZA-LOGISTIC-GROUP_page-0001-e1624349996162.jpg","width":2481,"height":1754,"caption":"TRANSORDIZIA High and Heavy"},"image":{"@id":"https:\/\/www.transordizia.com\/#logo"}},{"@type":"WebSite","@id":"https:\/\/www.transordizia.com\/#website","url":"https:\/\/www.transordizia.com\/","name":"Transordizia High &amp; Heavy","description":"","publisher":{"@id":"https:\/\/www.transordizia.com\/#organization"},"potentialAction":[{"@type":"SearchAction","target":{"@type":"EntryPoint","urlTemplate":"https:\/\/www.transordizia.com\/?s={search_term_string}"},"query-input":"required name=search_term_string"}],"inLanguage":"fr-FR"},{"@type":"ImageObject","@id":"https:\/\/www.transordizia.com\/fr\/services\/maintenance-vehicules-industriels\/#primaryimage","inLanguage":"fr-FR","url":"https:\/\/www.transordizia.com\/wp-content\/uploads\/2021\/06\/portabask-Instalaciones-3_web-1.jpg","contentUrl":"https:\/\/www.transordizia.com\/wp-content\/uploads\/2021\/06\/portabask-Instalaciones-3_web-1.jpg","width":800,"height":600},{"@type":"WebPage","@id":"https:\/\/www.transordizia.com\/fr\/services\/maintenance-vehicules-industriels\/#webpage","url":"https:\/\/www.transordizia.com\/fr\/services\/maintenance-vehicules-industriels\/","name":"Maintenance de v\u00e9hicules industriels - Transordizia High &amp; Heavy","isPartOf":{"@id":"https:\/\/www.transordizia.com\/#website"},"primaryImageOfPage":{"@id":"https:\/\/www.transordizia.com\/fr\/services\/maintenance-vehicules-industriels\/#primaryimage"},"datePublished":"2015-04-23T10:32:53+00:00","dateModified":"2021-07-27T10:02:33+00:00","breadcrumb":{"@id":"https:\/\/www.transordizia.com\/fr\/services\/maintenance-vehicules-industriels\/#breadcrumb"},"inLanguage":"fr-FR","potentialAction":[{"@type":"ReadAction","target":["https:\/\/www.transordizia.com\/fr\/services\/maintenance-vehicules-industriels\/"]}]},{"@type":"BreadcrumbList","@id":"https:\/\/www.transordizia.com\/fr\/services\/maintenance-vehicules-industriels\/#breadcrumb","itemListElement":[{"@type":"ListItem","position":1,"name":"Portada","item":"https:\/\/www.transordizia.com\/fr\/"},{"@type":"ListItem","position":2,"name":"Services","item":"https:\/\/www.transordizia.com\/fr\/services\/"},{"@type":"ListItem","position":3,"name":"Maintenance de v\u00e9hicules industriels"}]}]}},"_links":{"self":[{"href":"https:\/\/www.transordizia.com\/fr\/wp-json\/wp\/v2\/pages\/1881"}],"collection":[{"href":"https:\/\/www.transordizia.com\/fr\/wp-json\/wp\/v2\/pages"}],"about":[{"href":"https:\/\/www.transordizia.com\/fr\/wp-json\/wp\/v2\/types\/page"}],"author":[{"embeddable":true,"href":"https:\/\/www.transordizia.com\/fr\/wp-json\/wp\/v2\/users\/1"}],"replies":[{"embeddable":true,"href":"https:\/\/www.transordizia.com\/fr\/wp-json\/wp\/v2\/comments?post=1881"}],"version-history":[{"count":7,"href":"https:\/\/www.transordizia.com\/fr\/wp-json\/wp\/v2\/pages\/1881\/revisions"}],"predecessor-version":[{"id":2644,"href":"https:\/\/www.transordizia.com\/fr\/wp-json\/wp\/v2\/pages\/1881\/revisions\/2644"}],"up":[{"embeddable":true,"href":"https:\/\/www.transordizia.com\/fr\/wp-json\/wp\/v2\/pages\/1892"}],"wp:featuredmedia":[{"embeddable":true,"href":"https:\/\/www.transordizia.com\/fr\/wp-json\/wp\/v2\/media\/2542"}],"wp:attachment":[{"href":"https:\/\/www.transordizia.com\/fr\/wp-json\/wp\/v2\/media?parent=1881"}],"curies":[{"name":"wp","href":"https:\/\/api.w.org\/{rel}","templated":true}]}}