{"id":1874,"date":"2015-04-23T12:38:18","date_gmt":"2015-04-23T10:38:18","guid":{"rendered":"https:\/\/www.transordizia.com\/wp\/autobuses-2\/"},"modified":"2021-06-18T11:48:01","modified_gmt":"2021-06-18T09:48:01","slug":"autobus","status":"publish","type":"page","link":"https:\/\/www.transordizia.com\/fr\/services\/autobus\/","title":{"rendered":"Autobus"},"content":{"rendered":"<div id=\"pl-1874\"  class=\"panel-layout\" ><div id=\"pg-1874-0\"  class=\"panel-grid panel-no-style\" ><div id=\"pgc-1874-0-0\"  class=\"panel-grid-cell\" ><div id=\"panel-1874-0-0-0\" class=\"so-panel widget widget_black-studio-tinymce widget_black_studio_tinymce panel-first-child panel-last-child\" data-index=\"0\" ><div class=\"textwidget\"><p>TRANSORDIZIA High and Heavy fi\u00e8re d\u2019\u00eatre devenue une r\u00e9f\u00e9rence dans le transport d\u2019autobus, qu\u2019il s\u2019agisse de ch\u00e2ssis ou de v\u00e9hicules carross\u00e9s, y compris les autobus urbains articul\u00e9s. La compagnie dispose pour cela des remorques porte-v\u00e9hicules les plus modernes du march\u00e9 et des conducteurs les plus qualifi\u00e9s dans ce type de transport, ce qui repr\u00e9sente une garantie de satisfaction pour ses clients, les principaux fabricants et carrossiers d\u2019autobus en Europe.<\/p>\n<\/div><\/div><\/div><\/div><div id=\"pg-1874-1\"  class=\"panel-grid panel-no-style\" ><div id=\"pgc-1874-1-0\"  class=\"panel-grid-cell\" ><div id=\"panel-1874-1-0-0\" class=\"so-panel widget widget_media_image panel-first-child panel-last-child\" data-index=\"1\" ><img width=\"1024\" height=\"601\" src=\"https:\/\/www.transordizia.com\/wp-content\/uploads\/2021\/05\/IMG-20190920-WA0009-e1620034248920.jpg\" class=\"image wp-image-1388  attachment-full size-full\" alt=\"\" loading=\"lazy\" style=\"max-width: 100%; height: auto;\" srcset=\"https:\/\/www.transordizia.com\/wp-content\/uploads\/2021\/05\/IMG-20190920-WA0009-e1620034248920.jpg 1024w, https:\/\/www.transordizia.com\/wp-content\/uploads\/2021\/05\/IMG-20190920-WA0009-e1620034248920-300x176.jpg 300w, https:\/\/www.transordizia.com\/wp-content\/uploads\/2021\/05\/IMG-20190920-WA0009-e1620034248920-768x451.jpg 768w\" sizes=\"(max-width: 1024px) 100vw, 1024px\" \/><\/div><\/div><div id=\"pgc-1874-1-1\"  class=\"panel-grid-cell\" ><div id=\"panel-1874-1-1-0\" class=\"so-panel widget widget_media_image panel-first-child panel-last-child\" data-index=\"2\" ><img width=\"2560\" height=\"1513\" src=\"https:\/\/www.transordizia.com\/wp-content\/uploads\/2021\/04\/15-scaled.jpg\" class=\"image wp-image-793  attachment-full size-full\" alt=\"\" loading=\"lazy\" style=\"max-width: 100%; height: auto;\" srcset=\"https:\/\/www.transordizia.com\/wp-content\/uploads\/2021\/04\/15-scaled.jpg 2560w, https:\/\/www.transordizia.com\/wp-content\/uploads\/2021\/04\/15-300x177.jpg 300w, https:\/\/www.transordizia.com\/wp-content\/uploads\/2021\/04\/15-1024x605.jpg 1024w, https:\/\/www.transordizia.com\/wp-content\/uploads\/2021\/04\/15-768x454.jpg 768w, https:\/\/www.transordizia.com\/wp-content\/uploads\/2021\/04\/15-1536x908.jpg 1536w, https:\/\/www.transordizia.com\/wp-content\/uploads\/2021\/04\/15-2048x1211.jpg 2048w\" sizes=\"(max-width: 2560px) 100vw, 2560px\" \/><\/div><\/div><\/div><div id=\"pg-1874-2\"  class=\"panel-grid panel-no-style\" ><div id=\"pgc-1874-2-0\"  class=\"panel-grid-cell\" ><div id=\"panel-1874-2-0-0\" class=\"so-panel widget widget_media_image panel-first-child panel-last-child\" data-index=\"3\" ><img width=\"1024\" height=\"576\" src=\"https:\/\/www.transordizia.com\/wp-content\/uploads\/2021\/05\/5-mayo-iveco-1024x576.jpg\" class=\"image wp-image-1389  attachment-large size-large\" alt=\"\" loading=\"lazy\" style=\"max-width: 100%; height: auto;\" srcset=\"https:\/\/www.transordizia.com\/wp-content\/uploads\/2021\/05\/5-mayo-iveco-1024x576.jpg 1024w, https:\/\/www.transordizia.com\/wp-content\/uploads\/2021\/05\/5-mayo-iveco-300x169.jpg 300w, https:\/\/www.transordizia.com\/wp-content\/uploads\/2021\/05\/5-mayo-iveco-768x432.jpg 768w, https:\/\/www.transordizia.com\/wp-content\/uploads\/2021\/05\/5-mayo-iveco-1536x864.jpg 1536w, https:\/\/www.transordizia.com\/wp-content\/uploads\/2021\/05\/5-mayo-iveco-360x204.jpg 360w, https:\/\/www.transordizia.com\/wp-content\/uploads\/2021\/05\/5-mayo-iveco.jpg 1600w\" sizes=\"(max-width: 1024px) 100vw, 1024px\" \/><\/div><\/div><\/div><\/div>","protected":false},"excerpt":{"rendered":"<p>TRANSORDIZIA High and Heavy fi\u00e8re d\u2019\u00eatre devenue une r\u00e9f\u00e9rence dans le transport d\u2019autobus, qu\u2019il s\u2019agisse de ch\u00e2ssis ou de v\u00e9hicules carross\u00e9s, y compris les autobus urbains articul\u00e9s. La compagnie dispose pour cela des remorques porte-v\u00e9hicules les plus modernes du march\u00e9 et des conducteurs les plus qualifi\u00e9s dans ce type de transport, ce qui repr\u00e9sente une &hellip;<\/p>\n","protected":false},"author":1,"featured_media":1489,"parent":1892,"menu_order":0,"comment_status":"closed","ping_status":"open","template":"","meta":{"_links_to":"","_links_to_target":""},"acf":[],"yoast_head":"<!-- This site is optimized with the Yoast SEO plugin v18.5.1 - https:\/\/yoast.com\/wordpress\/plugins\/seo\/ -->\n<title>Autobus - Transordizia High &amp; Heavy<\/title>\n<meta name=\"robots\" content=\"index, follow, max-snippet:-1, max-image-preview:large, max-video-preview:-1\" \/>\n<link rel=\"canonical\" href=\"https:\/\/www.transordizia.com\/fr\/services\/autobus\/\" \/>\n<meta property=\"og:locale\" content=\"fr_FR\" \/>\n<meta property=\"og:type\" content=\"article\" \/>\n<meta property=\"og:title\" content=\"Autobus - Transordizia High &amp; Heavy\" \/>\n<meta property=\"og:description\" content=\"TRANSORDIZIA High and Heavy fi\u00e8re d\u2019\u00eatre devenue une r\u00e9f\u00e9rence dans le transport d\u2019autobus, qu\u2019il s\u2019agisse de ch\u00e2ssis ou de v\u00e9hicules carross\u00e9s, y compris les autobus urbains articul\u00e9s. La compagnie dispose pour cela des remorques porte-v\u00e9hicules les plus modernes du march\u00e9 et des conducteurs les plus qualifi\u00e9s dans ce type de transport, ce qui repr\u00e9sente une &hellip;\" \/>\n<meta property=\"og:url\" content=\"https:\/\/www.transordizia.com\/fr\/services\/autobus\/\" \/>\n<meta property=\"og:site_name\" content=\"Transordizia High &amp; Heavy\" \/>\n<meta property=\"article:modified_time\" content=\"2021-06-18T09:48:01+00:00\" \/>\n<meta property=\"og:image\" content=\"https:\/\/www.transordizia.com\/wp-content\/uploads\/2021\/04\/15-scaled.jpg\" \/>\n\t<meta property=\"og:image:width\" content=\"2560\" \/>\n\t<meta property=\"og:image:height\" content=\"1513\" \/>\n\t<meta property=\"og:image:type\" content=\"image\/jpeg\" \/>\n<meta name=\"twitter:card\" content=\"summary_large_image\" \/>\n<meta name=\"twitter:label1\" content=\"Dur\u00e9e de lecture estim\u00e9e\" \/>\n\t<meta name=\"twitter:data1\" content=\"1 minute\" \/>\n<script type=\"application\/ld+json\" class=\"yoast-schema-graph\">{\"@context\":\"https:\/\/schema.org\",\"@graph\":[{\"@type\":\"Organization\",\"@id\":\"https:\/\/www.transordizia.com\/#organization\",\"name\":\"TRANSORDIZIA High and Heavy\",\"url\":\"https:\/\/www.transordizia.com\/\",\"sameAs\":[],\"logo\":{\"@type\":\"ImageObject\",\"@id\":\"https:\/\/www.transordizia.com\/#logo\",\"inLanguage\":\"fr-FR\",\"url\":\"https:\/\/www.transordizia.com\/wp-content\/uploads\/2021\/06\/TRANSORDIZA-LOGISTIC-GROUP_page-0001-e1624349996162.jpg\",\"contentUrl\":\"https:\/\/www.transordizia.com\/wp-content\/uploads\/2021\/06\/TRANSORDIZA-LOGISTIC-GROUP_page-0001-e1624349996162.jpg\",\"width\":2481,\"height\":1754,\"caption\":\"TRANSORDIZIA High and Heavy\"},\"image\":{\"@id\":\"https:\/\/www.transordizia.com\/#logo\"}},{\"@type\":\"WebSite\",\"@id\":\"https:\/\/www.transordizia.com\/#website\",\"url\":\"https:\/\/www.transordizia.com\/\",\"name\":\"Transordizia High &amp; Heavy\",\"description\":\"\",\"publisher\":{\"@id\":\"https:\/\/www.transordizia.com\/#organization\"},\"potentialAction\":[{\"@type\":\"SearchAction\",\"target\":{\"@type\":\"EntryPoint\",\"urlTemplate\":\"https:\/\/www.transordizia.com\/?s={search_term_string}\"},\"query-input\":\"required name=search_term_string\"}],\"inLanguage\":\"fr-FR\"},{\"@type\":\"ImageObject\",\"@id\":\"https:\/\/www.transordizia.com\/fr\/services\/autobus\/#primaryimage\",\"inLanguage\":\"fr-FR\",\"url\":\"https:\/\/www.transordizia.com\/wp-content\/uploads\/2021\/04\/15-scaled.jpg\",\"contentUrl\":\"https:\/\/www.transordizia.com\/wp-content\/uploads\/2021\/04\/15-scaled.jpg\",\"width\":2560,\"height\":1513},{\"@type\":\"WebPage\",\"@id\":\"https:\/\/www.transordizia.com\/fr\/services\/autobus\/#webpage\",\"url\":\"https:\/\/www.transordizia.com\/fr\/services\/autobus\/\",\"name\":\"Autobus - Transordizia High &amp; Heavy\",\"isPartOf\":{\"@id\":\"https:\/\/www.transordizia.com\/#website\"},\"primaryImageOfPage\":{\"@id\":\"https:\/\/www.transordizia.com\/fr\/services\/autobus\/#primaryimage\"},\"datePublished\":\"2015-04-23T10:38:18+00:00\",\"dateModified\":\"2021-06-18T09:48:01+00:00\",\"breadcrumb\":{\"@id\":\"https:\/\/www.transordizia.com\/fr\/services\/autobus\/#breadcrumb\"},\"inLanguage\":\"fr-FR\",\"potentialAction\":[{\"@type\":\"ReadAction\",\"target\":[\"https:\/\/www.transordizia.com\/fr\/services\/autobus\/\"]}]},{\"@type\":\"BreadcrumbList\",\"@id\":\"https:\/\/www.transordizia.com\/fr\/services\/autobus\/#breadcrumb\",\"itemListElement\":[{\"@type\":\"ListItem\",\"position\":1,\"name\":\"Portada\",\"item\":\"https:\/\/www.transordizia.com\/fr\/\"},{\"@type\":\"ListItem\",\"position\":2,\"name\":\"Services\",\"item\":\"https:\/\/www.transordizia.com\/fr\/services\/\"},{\"@type\":\"ListItem\",\"position\":3,\"name\":\"Autobus\"}]}]}<\/script>\n<!-- \/ Yoast SEO plugin. -->","yoast_head_json":{"title":"Autobus - Transordizia High &amp; Heavy","robots":{"index":"index","follow":"follow","max-snippet":"max-snippet:-1","max-image-preview":"max-image-preview:large","max-video-preview":"max-video-preview:-1"},"canonical":"https:\/\/www.transordizia.com\/fr\/services\/autobus\/","og_locale":"fr_FR","og_type":"article","og_title":"Autobus - Transordizia High &amp; Heavy","og_description":"TRANSORDIZIA High and Heavy fi\u00e8re d\u2019\u00eatre devenue une r\u00e9f\u00e9rence dans le transport d\u2019autobus, qu\u2019il s\u2019agisse de ch\u00e2ssis ou de v\u00e9hicules carross\u00e9s, y compris les autobus urbains articul\u00e9s. La compagnie dispose pour cela des remorques porte-v\u00e9hicules les plus modernes du march\u00e9 et des conducteurs les plus qualifi\u00e9s dans ce type de transport, ce qui repr\u00e9sente une &hellip;","og_url":"https:\/\/www.transordizia.com\/fr\/services\/autobus\/","og_site_name":"Transordizia High &amp; Heavy","article_modified_time":"2021-06-18T09:48:01+00:00","og_image":[{"width":2560,"height":1513,"url":"https:\/\/www.transordizia.com\/wp-content\/uploads\/2021\/04\/15-scaled.jpg","type":"image\/jpeg"}],"twitter_card":"summary_large_image","twitter_misc":{"Dur\u00e9e de lecture estim\u00e9e":"1 minute"},"schema":{"@context":"https:\/\/schema.org","@graph":[{"@type":"Organization","@id":"https:\/\/www.transordizia.com\/#organization","name":"TRANSORDIZIA High and Heavy","url":"https:\/\/www.transordizia.com\/","sameAs":[],"logo":{"@type":"ImageObject","@id":"https:\/\/www.transordizia.com\/#logo","inLanguage":"fr-FR","url":"https:\/\/www.transordizia.com\/wp-content\/uploads\/2021\/06\/TRANSORDIZA-LOGISTIC-GROUP_page-0001-e1624349996162.jpg","contentUrl":"https:\/\/www.transordizia.com\/wp-content\/uploads\/2021\/06\/TRANSORDIZA-LOGISTIC-GROUP_page-0001-e1624349996162.jpg","width":2481,"height":1754,"caption":"TRANSORDIZIA High and Heavy"},"image":{"@id":"https:\/\/www.transordizia.com\/#logo"}},{"@type":"WebSite","@id":"https:\/\/www.transordizia.com\/#website","url":"https:\/\/www.transordizia.com\/","name":"Transordizia High &amp; Heavy","description":"","publisher":{"@id":"https:\/\/www.transordizia.com\/#organization"},"potentialAction":[{"@type":"SearchAction","target":{"@type":"EntryPoint","urlTemplate":"https:\/\/www.transordizia.com\/?s={search_term_string}"},"query-input":"required name=search_term_string"}],"inLanguage":"fr-FR"},{"@type":"ImageObject","@id":"https:\/\/www.transordizia.com\/fr\/services\/autobus\/#primaryimage","inLanguage":"fr-FR","url":"https:\/\/www.transordizia.com\/wp-content\/uploads\/2021\/04\/15-scaled.jpg","contentUrl":"https:\/\/www.transordizia.com\/wp-content\/uploads\/2021\/04\/15-scaled.jpg","width":2560,"height":1513},{"@type":"WebPage","@id":"https:\/\/www.transordizia.com\/fr\/services\/autobus\/#webpage","url":"https:\/\/www.transordizia.com\/fr\/services\/autobus\/","name":"Autobus - Transordizia High &amp; Heavy","isPartOf":{"@id":"https:\/\/www.transordizia.com\/#website"},"primaryImageOfPage":{"@id":"https:\/\/www.transordizia.com\/fr\/services\/autobus\/#primaryimage"},"datePublished":"2015-04-23T10:38:18+00:00","dateModified":"2021-06-18T09:48:01+00:00","breadcrumb":{"@id":"https:\/\/www.transordizia.com\/fr\/services\/autobus\/#breadcrumb"},"inLanguage":"fr-FR","potentialAction":[{"@type":"ReadAction","target":["https:\/\/www.transordizia.com\/fr\/services\/autobus\/"]}]},{"@type":"BreadcrumbList","@id":"https:\/\/www.transordizia.com\/fr\/services\/autobus\/#breadcrumb","itemListElement":[{"@type":"ListItem","position":1,"name":"Portada","item":"https:\/\/www.transordizia.com\/fr\/"},{"@type":"ListItem","position":2,"name":"Services","item":"https:\/\/www.transordizia.com\/fr\/services\/"},{"@type":"ListItem","position":3,"name":"Autobus"}]}]}},"_links":{"self":[{"href":"https:\/\/www.transordizia.com\/fr\/wp-json\/wp\/v2\/pages\/1874"}],"collection":[{"href":"https:\/\/www.transordizia.com\/fr\/wp-json\/wp\/v2\/pages"}],"about":[{"href":"https:\/\/www.transordizia.com\/fr\/wp-json\/wp\/v2\/types\/page"}],"author":[{"embeddable":true,"href":"https:\/\/www.transordizia.com\/fr\/wp-json\/wp\/v2\/users\/1"}],"replies":[{"embeddable":true,"href":"https:\/\/www.transordizia.com\/fr\/wp-json\/wp\/v2\/comments?post=1874"}],"version-history":[{"count":3,"href":"https:\/\/www.transordizia.com\/fr\/wp-json\/wp\/v2\/pages\/1874\/revisions"}],"predecessor-version":[{"id":2198,"href":"https:\/\/www.transordizia.com\/fr\/wp-json\/wp\/v2\/pages\/1874\/revisions\/2198"}],"up":[{"embeddable":true,"href":"https:\/\/www.transordizia.com\/fr\/wp-json\/wp\/v2\/pages\/1892"}],"wp:featuredmedia":[{"embeddable":true,"href":"https:\/\/www.transordizia.com\/fr\/wp-json\/wp\/v2\/media\/1489"}],"wp:attachment":[{"href":"https:\/\/www.transordizia.com\/fr\/wp-json\/wp\/v2\/media?parent=1874"}],"curies":[{"name":"wp","href":"https:\/\/api.w.org\/{rel}","templated":true}]}}