{"id":1870,"date":"2015-04-23T12:39:15","date_gmt":"2015-04-23T10:39:15","guid":{"rendered":"https:\/\/www.transordizia.com\/wp\/vehiculos-industriales-2\/"},"modified":"2021-06-18T11:48:42","modified_gmt":"2021-06-18T09:48:42","slug":"vehicules-industriels","status":"publish","type":"page","link":"https:\/\/www.transordizia.com\/fr\/services\/vehicules-industriels\/","title":{"rendered":"V\u00e9hicules Industriels"},"content":{"rendered":"<div id=\"pl-1870\"  class=\"panel-layout\" ><div id=\"pg-1870-0\"  class=\"panel-grid panel-no-style\" ><div id=\"pgc-1870-0-0\"  class=\"panel-grid-cell\" ><div id=\"panel-1870-0-0-0\" class=\"so-panel widget widget_black-studio-tinymce widget_black_studio_tinymce panel-first-child panel-last-child\" data-index=\"0\" ><div class=\"textwidget\"><p>TRANSORDIZIA High and Heavy transporte, pour sa distribution internationale, des v\u00e9hicules industriels des principaux fabricants (Man, Iveco, Scania, Volvo Turcks, Renault et Mercedes-Benz) dans toute l\u2019Europe.<\/p>\n<p>En 2020, la compagnie a distribu\u00e9 25\u00a0000 unit\u00e9s et parcouru plus de 15 millions de kilom\u00e8tres.<\/p>\n<p>L\u2019ensemble des v\u00e9hicules tracteurs et l\u2019\u00e9quipement des porte-v\u00e9hicules de notre flotte sont \u00e9quip\u00e9s des derni\u00e8res innovations technologiques et font l\u2019objet de processus de renouvellement et de modernisation constants.<\/p>\n<p>La flotte de Transordizia High and Heavy, avec les remorques des entreprises FMS et Rolfo, remplit les conditions techniques les plus actuelles et exigeantes, d\u2019apr\u00e8s les plus hauts standards de qualit\u00e9 du transport international.<\/p>\n<p>La s\u00e9curit\u00e9 dans les processus de chargement, l\u2019utilisation d\u2019\u00e9quipements ad\u00e9quats, ainsi que notre engagement en faveur de la s\u00e9curit\u00e9 routi\u00e8re, sont des qualit\u00e9s de l\u2019entreprise, afin d\u2019en faire une r\u00e9f\u00e9rence dans le secteur.<\/p>\n<p>Le groupe assume ce d\u00e9fi sur le march\u00e9 de High &amp; Heavy et elle dispose pour cela du support technique de l\u2019\u00e9quipement de charge de s\u00e9curit\u00e9 de T\u00dcV-S\u00dcD Auto Service GmbH.<\/p>\n<p>En tant que partenaire dans le processus de s\u00e9curit\u00e9 de la fixation de la charge, les sp\u00e9cialistes de T\u00dcV-S\u00dcD garantissent l\u2019optimisation des techniques de s\u00e9curit\u00e9 de charge et du know-how technique, \u00e0 travers un service-conseil comp\u00e9tent et un accompagnement continu.<\/p>\n<p>Nous offrons des services de logistique de stock dans nos diff\u00e9rents centres de consolidation tant en Espagne (Irun) qu\u2019en Allemagne (Fritz-Rinderspacher-Stra\u00dfe 17 Lahr).<\/p>\n<\/div><\/div><\/div><\/div><div id=\"pg-1870-1\"  class=\"panel-grid panel-no-style\" ><div id=\"pgc-1870-1-0\"  class=\"panel-grid-cell\" ><div id=\"panel-1870-1-0-0\" class=\"so-panel widget widget_media_image panel-first-child panel-last-child\" data-index=\"1\" ><img width=\"1024\" height=\"768\" src=\"https:\/\/www.transordizia.com\/wp-content\/uploads\/2021\/05\/10-octubre-renault-1024x768.jpeg\" class=\"image wp-image-1397  attachment-large size-large\" alt=\"\" loading=\"lazy\" style=\"max-width: 100%; height: auto;\" srcset=\"https:\/\/www.transordizia.com\/wp-content\/uploads\/2021\/05\/10-octubre-renault-1024x768.jpeg 1024w, https:\/\/www.transordizia.com\/wp-content\/uploads\/2021\/05\/10-octubre-renault-300x225.jpeg 300w, https:\/\/www.transordizia.com\/wp-content\/uploads\/2021\/05\/10-octubre-renault-768x576.jpeg 768w, https:\/\/www.transordizia.com\/wp-content\/uploads\/2021\/05\/10-octubre-renault.jpeg 1280w\" sizes=\"(max-width: 1024px) 100vw, 1024px\" \/><\/div><\/div><div id=\"pgc-1870-1-1\"  class=\"panel-grid-cell\" ><div id=\"panel-1870-1-1-0\" class=\"so-panel widget widget_media_image panel-first-child panel-last-child\" data-index=\"2\" ><img width=\"1024\" height=\"768\" src=\"https:\/\/www.transordizia.com\/wp-content\/uploads\/2021\/05\/IMG_7222-1024x768.jpg\" class=\"image wp-image-1398  attachment-large size-large\" alt=\"\" loading=\"lazy\" style=\"max-width: 100%; height: auto;\" srcset=\"https:\/\/www.transordizia.com\/wp-content\/uploads\/2021\/05\/IMG_7222-1024x768.jpg 1024w, https:\/\/www.transordizia.com\/wp-content\/uploads\/2021\/05\/IMG_7222-300x225.jpg 300w, https:\/\/www.transordizia.com\/wp-content\/uploads\/2021\/05\/IMG_7222-768x576.jpg 768w, https:\/\/www.transordizia.com\/wp-content\/uploads\/2021\/05\/IMG_7222-1536x1152.jpg 1536w, https:\/\/www.transordizia.com\/wp-content\/uploads\/2021\/05\/IMG_7222-2048x1536.jpg 2048w\" sizes=\"(max-width: 1024px) 100vw, 1024px\" \/><\/div><\/div><\/div><div id=\"pg-1870-2\"  class=\"panel-grid panel-no-style\" ><div id=\"pgc-1870-2-0\"  class=\"panel-grid-cell\" ><div id=\"panel-1870-2-0-0\" class=\"so-panel widget widget_media_image panel-first-child panel-last-child\" data-index=\"3\" ><img width=\"1024\" height=\"683\" src=\"https:\/\/www.transordizia.com\/wp-content\/uploads\/2021\/05\/03-min-1024x683.jpg\" class=\"image wp-image-1400  attachment-large size-large\" alt=\"\" loading=\"lazy\" style=\"max-width: 100%; height: auto;\" srcset=\"https:\/\/www.transordizia.com\/wp-content\/uploads\/2021\/05\/03-min-1024x683.jpg 1024w, https:\/\/www.transordizia.com\/wp-content\/uploads\/2021\/05\/03-min-300x200.jpg 300w, https:\/\/www.transordizia.com\/wp-content\/uploads\/2021\/05\/03-min-768x512.jpg 768w, https:\/\/www.transordizia.com\/wp-content\/uploads\/2021\/05\/03-min-1536x1024.jpg 1536w, https:\/\/www.transordizia.com\/wp-content\/uploads\/2021\/05\/03-min-2048x1365.jpg 2048w, https:\/\/www.transordizia.com\/wp-content\/uploads\/2021\/05\/03-min-360x240.jpg 360w, https:\/\/www.transordizia.com\/wp-content\/uploads\/2021\/05\/03-min-272x182.jpg 272w\" sizes=\"(max-width: 1024px) 100vw, 1024px\" \/><\/div><\/div><div id=\"pgc-1870-2-1\"  class=\"panel-grid-cell\" ><div id=\"panel-1870-2-1-0\" class=\"so-panel widget widget_media_image panel-first-child panel-last-child\" data-index=\"4\" ><img width=\"1024\" height=\"683\" src=\"https:\/\/www.transordizia.com\/wp-content\/uploads\/2021\/05\/02-min-1024x683.jpg\" class=\"image wp-image-1425  attachment-large size-large\" alt=\"\" loading=\"lazy\" style=\"max-width: 100%; height: auto;\" srcset=\"https:\/\/www.transordizia.com\/wp-content\/uploads\/2021\/05\/02-min-1024x683.jpg 1024w, https:\/\/www.transordizia.com\/wp-content\/uploads\/2021\/05\/02-min-300x200.jpg 300w, https:\/\/www.transordizia.com\/wp-content\/uploads\/2021\/05\/02-min-768x512.jpg 768w, https:\/\/www.transordizia.com\/wp-content\/uploads\/2021\/05\/02-min-1536x1024.jpg 1536w, https:\/\/www.transordizia.com\/wp-content\/uploads\/2021\/05\/02-min-2048x1365.jpg 2048w, https:\/\/www.transordizia.com\/wp-content\/uploads\/2021\/05\/02-min-360x240.jpg 360w, https:\/\/www.transordizia.com\/wp-content\/uploads\/2021\/05\/02-min-272x182.jpg 272w\" sizes=\"(max-width: 1024px) 100vw, 1024px\" \/><\/div><\/div><\/div><\/div>","protected":false},"excerpt":{"rendered":"<p>TRANSORDIZIA High and Heavy transporte, pour sa distribution internationale, des v\u00e9hicules industriels des principaux fabricants (Man, Iveco, Scania, Volvo Turcks, Renault et Mercedes-Benz) dans toute l\u2019Europe. En 2020, la compagnie a distribu\u00e9 25\u00a0000 unit\u00e9s et parcouru plus de 15 millions de kilom\u00e8tres. L\u2019ensemble des v\u00e9hicules tracteurs et l\u2019\u00e9quipement des porte-v\u00e9hicules de notre flotte sont \u00e9quip\u00e9s &hellip;<\/p>\n","protected":false},"author":1,"featured_media":1493,"parent":1892,"menu_order":0,"comment_status":"closed","ping_status":"open","template":"","meta":{"_links_to":"","_links_to_target":""},"acf":[],"yoast_head":"<!-- This site is optimized with the Yoast SEO plugin v18.5.1 - https:\/\/yoast.com\/wordpress\/plugins\/seo\/ -->\n<title>V\u00e9hicules Industriels - Transordizia High &amp; Heavy<\/title>\n<meta name=\"robots\" content=\"index, follow, max-snippet:-1, max-image-preview:large, max-video-preview:-1\" \/>\n<link rel=\"canonical\" href=\"https:\/\/www.transordizia.com\/fr\/services\/vehicules-industriels\/\" \/>\n<meta property=\"og:locale\" content=\"fr_FR\" \/>\n<meta property=\"og:type\" content=\"article\" \/>\n<meta property=\"og:title\" content=\"V\u00e9hicules Industriels - Transordizia High &amp; Heavy\" \/>\n<meta property=\"og:description\" content=\"TRANSORDIZIA High and Heavy transporte, pour sa distribution internationale, des v\u00e9hicules industriels des principaux fabricants (Man, Iveco, Scania, Volvo Turcks, Renault et Mercedes-Benz) dans toute l\u2019Europe. En 2020, la compagnie a distribu\u00e9 25\u00a0000 unit\u00e9s et parcouru plus de 15 millions de kilom\u00e8tres. L\u2019ensemble des v\u00e9hicules tracteurs et l\u2019\u00e9quipement des porte-v\u00e9hicules de notre flotte sont \u00e9quip\u00e9s &hellip;\" \/>\n<meta property=\"og:url\" content=\"https:\/\/www.transordizia.com\/fr\/services\/vehicules-industriels\/\" \/>\n<meta property=\"og:site_name\" content=\"Transordizia High &amp; Heavy\" \/>\n<meta property=\"article:modified_time\" content=\"2021-06-18T09:48:42+00:00\" \/>\n<meta property=\"og:image\" content=\"https:\/\/www.transordizia.com\/wp-content\/uploads\/2021\/05\/03-min-scaled.jpg\" \/>\n\t<meta property=\"og:image:width\" content=\"2560\" \/>\n\t<meta property=\"og:image:height\" content=\"1707\" \/>\n\t<meta property=\"og:image:type\" content=\"image\/jpeg\" \/>\n<meta name=\"twitter:card\" content=\"summary_large_image\" \/>\n<meta name=\"twitter:label1\" content=\"Dur\u00e9e de lecture estim\u00e9e\" \/>\n\t<meta name=\"twitter:data1\" content=\"2 minutes\" \/>\n<script type=\"application\/ld+json\" class=\"yoast-schema-graph\">{\"@context\":\"https:\/\/schema.org\",\"@graph\":[{\"@type\":\"Organization\",\"@id\":\"https:\/\/www.transordizia.com\/#organization\",\"name\":\"TRANSORDIZIA High and Heavy\",\"url\":\"https:\/\/www.transordizia.com\/\",\"sameAs\":[],\"logo\":{\"@type\":\"ImageObject\",\"@id\":\"https:\/\/www.transordizia.com\/#logo\",\"inLanguage\":\"fr-FR\",\"url\":\"https:\/\/www.transordizia.com\/wp-content\/uploads\/2021\/06\/TRANSORDIZA-LOGISTIC-GROUP_page-0001-e1624349996162.jpg\",\"contentUrl\":\"https:\/\/www.transordizia.com\/wp-content\/uploads\/2021\/06\/TRANSORDIZA-LOGISTIC-GROUP_page-0001-e1624349996162.jpg\",\"width\":2481,\"height\":1754,\"caption\":\"TRANSORDIZIA High and Heavy\"},\"image\":{\"@id\":\"https:\/\/www.transordizia.com\/#logo\"}},{\"@type\":\"WebSite\",\"@id\":\"https:\/\/www.transordizia.com\/#website\",\"url\":\"https:\/\/www.transordizia.com\/\",\"name\":\"Transordizia High &amp; Heavy\",\"description\":\"\",\"publisher\":{\"@id\":\"https:\/\/www.transordizia.com\/#organization\"},\"potentialAction\":[{\"@type\":\"SearchAction\",\"target\":{\"@type\":\"EntryPoint\",\"urlTemplate\":\"https:\/\/www.transordizia.com\/?s={search_term_string}\"},\"query-input\":\"required name=search_term_string\"}],\"inLanguage\":\"fr-FR\"},{\"@type\":\"ImageObject\",\"@id\":\"https:\/\/www.transordizia.com\/fr\/services\/vehicules-industriels\/#primaryimage\",\"inLanguage\":\"fr-FR\",\"url\":\"https:\/\/www.transordizia.com\/wp-content\/uploads\/2021\/05\/03-min-scaled.jpg\",\"contentUrl\":\"https:\/\/www.transordizia.com\/wp-content\/uploads\/2021\/05\/03-min-scaled.jpg\",\"width\":2560,\"height\":1707},{\"@type\":\"WebPage\",\"@id\":\"https:\/\/www.transordizia.com\/fr\/services\/vehicules-industriels\/#webpage\",\"url\":\"https:\/\/www.transordizia.com\/fr\/services\/vehicules-industriels\/\",\"name\":\"V\u00e9hicules Industriels - Transordizia High &amp; Heavy\",\"isPartOf\":{\"@id\":\"https:\/\/www.transordizia.com\/#website\"},\"primaryImageOfPage\":{\"@id\":\"https:\/\/www.transordizia.com\/fr\/services\/vehicules-industriels\/#primaryimage\"},\"datePublished\":\"2015-04-23T10:39:15+00:00\",\"dateModified\":\"2021-06-18T09:48:42+00:00\",\"breadcrumb\":{\"@id\":\"https:\/\/www.transordizia.com\/fr\/services\/vehicules-industriels\/#breadcrumb\"},\"inLanguage\":\"fr-FR\",\"potentialAction\":[{\"@type\":\"ReadAction\",\"target\":[\"https:\/\/www.transordizia.com\/fr\/services\/vehicules-industriels\/\"]}]},{\"@type\":\"BreadcrumbList\",\"@id\":\"https:\/\/www.transordizia.com\/fr\/services\/vehicules-industriels\/#breadcrumb\",\"itemListElement\":[{\"@type\":\"ListItem\",\"position\":1,\"name\":\"Portada\",\"item\":\"https:\/\/www.transordizia.com\/fr\/\"},{\"@type\":\"ListItem\",\"position\":2,\"name\":\"Services\",\"item\":\"https:\/\/www.transordizia.com\/fr\/services\/\"},{\"@type\":\"ListItem\",\"position\":3,\"name\":\"V\u00e9hicules Industriels\"}]}]}<\/script>\n<!-- \/ Yoast SEO plugin. -->","yoast_head_json":{"title":"V\u00e9hicules Industriels - Transordizia High &amp; Heavy","robots":{"index":"index","follow":"follow","max-snippet":"max-snippet:-1","max-image-preview":"max-image-preview:large","max-video-preview":"max-video-preview:-1"},"canonical":"https:\/\/www.transordizia.com\/fr\/services\/vehicules-industriels\/","og_locale":"fr_FR","og_type":"article","og_title":"V\u00e9hicules Industriels - Transordizia High &amp; Heavy","og_description":"TRANSORDIZIA High and Heavy transporte, pour sa distribution internationale, des v\u00e9hicules industriels des principaux fabricants (Man, Iveco, Scania, Volvo Turcks, Renault et Mercedes-Benz) dans toute l\u2019Europe. En 2020, la compagnie a distribu\u00e9 25\u00a0000 unit\u00e9s et parcouru plus de 15 millions de kilom\u00e8tres. L\u2019ensemble des v\u00e9hicules tracteurs et l\u2019\u00e9quipement des porte-v\u00e9hicules de notre flotte sont \u00e9quip\u00e9s &hellip;","og_url":"https:\/\/www.transordizia.com\/fr\/services\/vehicules-industriels\/","og_site_name":"Transordizia High &amp; Heavy","article_modified_time":"2021-06-18T09:48:42+00:00","og_image":[{"width":2560,"height":1707,"url":"https:\/\/www.transordizia.com\/wp-content\/uploads\/2021\/05\/03-min-scaled.jpg","type":"image\/jpeg"}],"twitter_card":"summary_large_image","twitter_misc":{"Dur\u00e9e de lecture estim\u00e9e":"2 minutes"},"schema":{"@context":"https:\/\/schema.org","@graph":[{"@type":"Organization","@id":"https:\/\/www.transordizia.com\/#organization","name":"TRANSORDIZIA High and Heavy","url":"https:\/\/www.transordizia.com\/","sameAs":[],"logo":{"@type":"ImageObject","@id":"https:\/\/www.transordizia.com\/#logo","inLanguage":"fr-FR","url":"https:\/\/www.transordizia.com\/wp-content\/uploads\/2021\/06\/TRANSORDIZA-LOGISTIC-GROUP_page-0001-e1624349996162.jpg","contentUrl":"https:\/\/www.transordizia.com\/wp-content\/uploads\/2021\/06\/TRANSORDIZA-LOGISTIC-GROUP_page-0001-e1624349996162.jpg","width":2481,"height":1754,"caption":"TRANSORDIZIA High and Heavy"},"image":{"@id":"https:\/\/www.transordizia.com\/#logo"}},{"@type":"WebSite","@id":"https:\/\/www.transordizia.com\/#website","url":"https:\/\/www.transordizia.com\/","name":"Transordizia High &amp; Heavy","description":"","publisher":{"@id":"https:\/\/www.transordizia.com\/#organization"},"potentialAction":[{"@type":"SearchAction","target":{"@type":"EntryPoint","urlTemplate":"https:\/\/www.transordizia.com\/?s={search_term_string}"},"query-input":"required name=search_term_string"}],"inLanguage":"fr-FR"},{"@type":"ImageObject","@id":"https:\/\/www.transordizia.com\/fr\/services\/vehicules-industriels\/#primaryimage","inLanguage":"fr-FR","url":"https:\/\/www.transordizia.com\/wp-content\/uploads\/2021\/05\/03-min-scaled.jpg","contentUrl":"https:\/\/www.transordizia.com\/wp-content\/uploads\/2021\/05\/03-min-scaled.jpg","width":2560,"height":1707},{"@type":"WebPage","@id":"https:\/\/www.transordizia.com\/fr\/services\/vehicules-industriels\/#webpage","url":"https:\/\/www.transordizia.com\/fr\/services\/vehicules-industriels\/","name":"V\u00e9hicules Industriels - Transordizia High &amp; Heavy","isPartOf":{"@id":"https:\/\/www.transordizia.com\/#website"},"primaryImageOfPage":{"@id":"https:\/\/www.transordizia.com\/fr\/services\/vehicules-industriels\/#primaryimage"},"datePublished":"2015-04-23T10:39:15+00:00","dateModified":"2021-06-18T09:48:42+00:00","breadcrumb":{"@id":"https:\/\/www.transordizia.com\/fr\/services\/vehicules-industriels\/#breadcrumb"},"inLanguage":"fr-FR","potentialAction":[{"@type":"ReadAction","target":["https:\/\/www.transordizia.com\/fr\/services\/vehicules-industriels\/"]}]},{"@type":"BreadcrumbList","@id":"https:\/\/www.transordizia.com\/fr\/services\/vehicules-industriels\/#breadcrumb","itemListElement":[{"@type":"ListItem","position":1,"name":"Portada","item":"https:\/\/www.transordizia.com\/fr\/"},{"@type":"ListItem","position":2,"name":"Services","item":"https:\/\/www.transordizia.com\/fr\/services\/"},{"@type":"ListItem","position":3,"name":"V\u00e9hicules Industriels"}]}]}},"_links":{"self":[{"href":"https:\/\/www.transordizia.com\/fr\/wp-json\/wp\/v2\/pages\/1870"}],"collection":[{"href":"https:\/\/www.transordizia.com\/fr\/wp-json\/wp\/v2\/pages"}],"about":[{"href":"https:\/\/www.transordizia.com\/fr\/wp-json\/wp\/v2\/types\/page"}],"author":[{"embeddable":true,"href":"https:\/\/www.transordizia.com\/fr\/wp-json\/wp\/v2\/users\/1"}],"replies":[{"embeddable":true,"href":"https:\/\/www.transordizia.com\/fr\/wp-json\/wp\/v2\/comments?post=1870"}],"version-history":[{"count":3,"href":"https:\/\/www.transordizia.com\/fr\/wp-json\/wp\/v2\/pages\/1870\/revisions"}],"predecessor-version":[{"id":2202,"href":"https:\/\/www.transordizia.com\/fr\/wp-json\/wp\/v2\/pages\/1870\/revisions\/2202"}],"up":[{"embeddable":true,"href":"https:\/\/www.transordizia.com\/fr\/wp-json\/wp\/v2\/pages\/1892"}],"wp:featuredmedia":[{"embeddable":true,"href":"https:\/\/www.transordizia.com\/fr\/wp-json\/wp\/v2\/media\/1493"}],"wp:attachment":[{"href":"https:\/\/www.transordizia.com\/fr\/wp-json\/wp\/v2\/media?parent=1870"}],"curies":[{"name":"wp","href":"https:\/\/api.w.org\/{rel}","templated":true}]}}