{"id":1867,"date":"2015-05-04T07:30:41","date_gmt":"2015-05-04T05:30:41","guid":{"rendered":"https:\/\/www.transordizia.com\/wp\/contacto-2\/"},"modified":"2021-06-24T12:40:49","modified_gmt":"2021-06-24T10:40:49","slug":"contact","status":"publish","type":"page","link":"https:\/\/www.transordizia.com\/fr\/contact\/","title":{"rendered":"Contact"},"content":{"rendered":"<div id=\"pl-1867\"  class=\"panel-layout\" ><div id=\"pg-1867-0\"  class=\"panel-grid panel-has-style\" ><div class=\"siteorigin-panels-stretch panel-row-style panel-row-style-for-1867-0\" data-stretch-type=\"full-stretched\" ><div id=\"pgc-1867-0-0\"  class=\"panel-grid-cell\" ><div id=\"panel-1867-0-0-0\" class=\"widget_text so-panel widget widget_custom_html panel-first-child panel-last-child\" data-index=\"0\" ><div class=\"textwidget custom-html-widget\"><iframe src=\"https:\/\/www.google.com\/maps\/embed?pb=!1m18!1m12!1m3!1d362.7248336463768!2d-1.7638062933671996!3d43.33940186478663!2m3!1f0!2f0!3f0!3m2!1i1024!2i768!4f13.1!3m3!1m2!1s0xd5109080116f719%3A0x6852611abbb56c70!2sTransordizia%20S.L.!5e0!3m2!1ses!2ses!4v1619075927351!5m2!1ses!2ses\" width=\"100%\" height=\"450\" style=\"border:0;\" allowfullscreen=\"\" loading=\"lazy\"><\/iframe><\/div><\/div><\/div><\/div><\/div><div id=\"pg-1867-1\"  class=\"panel-grid panel-no-style\" ><div id=\"pgc-1867-1-0\"  class=\"panel-grid-cell\" ><div id=\"panel-1867-1-0-0\" class=\"so-panel widget widget_black-studio-tinymce widget_black_studio_tinymce panel-first-child\" data-index=\"1\" ><div class=\"featured-widget panel-widget-style panel-widget-style-for-1867-1-0-0\" ><h3 class=\"widget-title\"><span class=\"widget-title__inline\">INFORMATIONS DE CONTACT<\/span><\/h3><div class=\"textwidget\"><p><strong>Transordizia High &amp; Heavy<\/strong><br \/>\nAntxotxipi Kalea, 4<br \/>\n20305 Irun, Gipuzkoa<\/p>\n<p><span class=\"icon-box__subtitle\">943 633 176 <\/span><br \/>\n<i class=\"fa fa-envelope\"><\/i>\u00a0<a href=\"mailto:info@transordizia.com\">info@transordizia.com<\/a><\/p>\n<\/div><\/div><\/div><div id=\"panel-1867-1-0-1\" class=\"so-panel widget widget_pw_opening_time opening-time panel-last-child\" data-index=\"2\" ><div class=\"featured-widget panel-widget-style panel-widget-style-for-1867-1-0-1\" >\n\n\t<div class=\"time-table\">\n\n\t\t\t<h3><span class=\"icon icons-ornament-left\"><\/span>HEURES DE BUREAU<span class=\"icon icons-ornament-right\"><\/span><\/h3>\n\n\t\t<div class=\"inner-bg\">\n\t\t\t\t<dl class=\"week-day \">\n\t\t\t\t\t<dt>Lundi<\/dt>\n\t\t\t\t\t<dd>8:00 - 18:30<\/dd>\n\t\t\t\t<\/dl>\n\t\t\t\t<dl class=\"week-day  light-bg\">\n\t\t\t\t\t<dt>Mardi<\/dt>\n\t\t\t\t\t<dd>8:00 - 18:30<\/dd>\n\t\t\t\t<\/dl>\n\t\t\t\t<dl class=\"week-day  today\">\n\t\t\t\t\t<dt>Mercredi<\/dt>\n\t\t\t\t\t<dd>8:00 - 18:30<\/dd>\n\t\t\t\t<\/dl>\n\t\t\t\t<dl class=\"week-day  light-bg\">\n\t\t\t\t\t<dt>Jeudi<\/dt>\n\t\t\t\t\t<dd>8:00 - 18:30<\/dd>\n\t\t\t\t<\/dl>\n\t\t\t\t<dl class=\"week-day \">\n\t\t\t\t\t<dt>Vendredi<\/dt>\n\t\t\t\t\t<dd>8:00 - 18:30<\/dd>\n\t\t\t\t<\/dl>\n\t\t\t\t<dl class=\"week-day  light-bg closed\">\n\t\t\t\t\t<dt>Samedi<\/dt>\n\t\t\t\t\t<dd>FERM\u00c9<\/dd>\n\t\t\t\t<\/dl>\n\t\t\t\t<dl class=\"week-day  closed\">\n\t\t\t\t\t<dt>Dimanche<\/dt>\n\t\t\t\t\t<dd>FERM\u00c9<\/dd>\n\t\t\t\t<\/dl>\n\t\t<\/div>\n\n\n\t<\/div>\n\n<\/div><\/div><\/div><div id=\"pgc-1867-1-1\"  class=\"panel-grid-cell\" ><div id=\"panel-1867-1-1-0\" class=\"so-panel widget widget_black-studio-tinymce widget_black_studio_tinymce panel-first-child panel-last-child\" data-index=\"3\" ><h3 class=\"widget-title\"><span class=\"widget-title__inline\">FORMULAIRE DE CONTACT<\/span><\/h3><div class=\"textwidget\"><p>Vous pouvez nous contacter \u00e0 travers notre formulaire de contact, par t\u00e9l\u00e9phone (+34) 943 633 176 ou bien par courriel \u00e0 l\u2019adresse info@transordizia.com<\/p>\n<p><div role=\"form\" class=\"wpcf7\" id=\"wpcf7-f2457-o1\" lang=\"en-US\" dir=\"ltr\">\n<div class=\"screen-reader-response\"><p role=\"status\" aria-live=\"polite\" aria-atomic=\"true\"><\/p> <ul><\/ul><\/div>\n<form action=\"\/fr\/wp-json\/wp\/v2\/pages\/1867#wpcf7-f2457-o1\" method=\"post\" class=\"wpcf7-form init\" novalidate=\"novalidate\" data-status=\"init\">\n<div style=\"display: none;\">\n<input type=\"hidden\" name=\"_wpcf7\" value=\"2457\" \/>\n<input type=\"hidden\" name=\"_wpcf7_version\" value=\"5.5.6\" \/>\n<input type=\"hidden\" name=\"_wpcf7_locale\" value=\"en_US\" \/>\n<input type=\"hidden\" name=\"_wpcf7_unit_tag\" value=\"wpcf7-f2457-o1\" \/>\n<input type=\"hidden\" name=\"_wpcf7_container_post\" value=\"0\" \/>\n<input type=\"hidden\" name=\"_wpcf7_posted_data_hash\" value=\"\" \/>\n<\/div>\n<div class=\"row\">\n<div class=\"col-xs-12  col-md-4\">\n    <span class=\"wpcf7-form-control-wrap nombre\"><input type=\"text\" name=\"nombre\" value=\"\" size=\"40\" class=\"wpcf7-form-control wpcf7-text wpcf7-validates-as-required\" aria-required=\"true\" aria-invalid=\"false\" placeholder=\"Nom\" \/><\/span>\n  <\/div>\n<div class=\"col-xs-12  col-md-4\">\n    <span class=\"wpcf7-form-control-wrap apellido\"><input type=\"text\" name=\"apellido\" value=\"\" size=\"40\" class=\"wpcf7-form-control wpcf7-text\" aria-invalid=\"false\" placeholder=\"Pr\u00e9nom\" \/><\/span>\n  <\/div>\n<\/div>\n<div class=\"row\">\n<div class=\"col-xs-12  col-md-4\">\n    <span class=\"wpcf7-form-control-wrap correo\"><input type=\"email\" name=\"correo\" value=\"\" size=\"40\" class=\"wpcf7-form-control wpcf7-text wpcf7-email wpcf7-validates-as-email\" aria-invalid=\"false\" placeholder=\"Adresse \u00e9lectronique\" \/><\/span>\n  <\/div>\n<div class=\"col-xs-12  col-md-4\">\n    <span class=\"wpcf7-form-control-wrap telefono\"><input type=\"tel\" name=\"telefono\" value=\"\" size=\"40\" class=\"wpcf7-form-control wpcf7-text wpcf7-tel wpcf7-validates-as-required wpcf7-validates-as-tel\" aria-required=\"true\" aria-invalid=\"false\" placeholder=\"T\u00e9l\u00e9phone\" \/><\/span>\n  <\/div>\n<\/div>\n<div class=\"row\">\n<div class=\"col-xs-12  col-md-8\">\n    <span class=\"wpcf7-form-control-wrap asunto\"><input type=\"text\" name=\"asunto\" value=\"\" size=\"40\" class=\"wpcf7-form-control wpcf7-text wpcf7-validates-as-required\" aria-required=\"true\" aria-invalid=\"false\" placeholder=\"Sujet\" \/><\/span>\n  <\/div>\n<div class=\"col-xs-12\">\n    <span class=\"wpcf7-form-control-wrap mensaje\"><textarea name=\"mensaje\" cols=\"40\" rows=\"10\" class=\"wpcf7-form-control wpcf7-textarea wpcf7-validates-as-required\" aria-required=\"true\" aria-invalid=\"false\" placeholder=\"Mensaje\"><\/textarea><\/span><br \/>\n    <input type=\"submit\" value=\"ENVOYER\" class=\"wpcf7-form-control has-spinner wpcf7-submit btn btn-primary\" \/>\n  <\/div>\n<\/div>\n<div class=\"wpcf7-response-output\" aria-hidden=\"true\"><\/div><\/form><\/div><\/p>\n<\/div><\/div><\/div><\/div><\/div>","protected":false},"excerpt":{"rendered":"<p>Transordizia High &amp; Heavy Antxotxipi Kalea, 4 20305 Irun, Gipuzkoa 943 633 176 \u00a0info@transordizia.com Vous pouvez nous contacter \u00e0 travers notre formulaire de contact, par t\u00e9l\u00e9phone (+34) 943 633 176 ou bien par courriel \u00e0 l\u2019adresse info@transordizia.com<\/p>\n","protected":false},"author":1,"featured_media":0,"parent":0,"menu_order":0,"comment_status":"closed","ping_status":"open","template":"","meta":{"_links_to":"","_links_to_target":""},"acf":[],"yoast_head":"<!-- This site is optimized with the Yoast SEO plugin v18.5.1 - https:\/\/yoast.com\/wordpress\/plugins\/seo\/ -->\n<title>Contact - Transordizia High &amp; Heavy<\/title>\n<meta name=\"robots\" content=\"index, follow, max-snippet:-1, max-image-preview:large, max-video-preview:-1\" \/>\n<link rel=\"canonical\" href=\"https:\/\/www.transordizia.com\/fr\/contact\/\" \/>\n<meta property=\"og:locale\" content=\"fr_FR\" \/>\n<meta property=\"og:type\" content=\"article\" \/>\n<meta property=\"og:title\" content=\"Contact - Transordizia High &amp; Heavy\" \/>\n<meta property=\"og:description\" content=\"Transordizia High &amp; Heavy Antxotxipi Kalea, 4 20305 Irun, Gipuzkoa 943 633 176 \u00a0info@transordizia.com Vous pouvez nous contacter \u00e0 travers notre formulaire de contact, par t\u00e9l\u00e9phone (+34) 943 633 176 ou bien par courriel \u00e0 l\u2019adresse info@transordizia.com\" \/>\n<meta property=\"og:url\" content=\"https:\/\/www.transordizia.com\/fr\/contact\/\" \/>\n<meta property=\"og:site_name\" content=\"Transordizia High &amp; Heavy\" \/>\n<meta property=\"article:modified_time\" content=\"2021-06-24T10:40:49+00:00\" \/>\n<meta name=\"twitter:card\" content=\"summary_large_image\" \/>\n<script type=\"application\/ld+json\" class=\"yoast-schema-graph\">{\"@context\":\"https:\/\/schema.org\",\"@graph\":[{\"@type\":\"Organization\",\"@id\":\"https:\/\/www.transordizia.com\/#organization\",\"name\":\"TRANSORDIZIA High and Heavy\",\"url\":\"https:\/\/www.transordizia.com\/\",\"sameAs\":[],\"logo\":{\"@type\":\"ImageObject\",\"@id\":\"https:\/\/www.transordizia.com\/#logo\",\"inLanguage\":\"fr-FR\",\"url\":\"https:\/\/www.transordizia.com\/wp-content\/uploads\/2021\/06\/TRANSORDIZA-LOGISTIC-GROUP_page-0001-e1624349996162.jpg\",\"contentUrl\":\"https:\/\/www.transordizia.com\/wp-content\/uploads\/2021\/06\/TRANSORDIZA-LOGISTIC-GROUP_page-0001-e1624349996162.jpg\",\"width\":2481,\"height\":1754,\"caption\":\"TRANSORDIZIA High and Heavy\"},\"image\":{\"@id\":\"https:\/\/www.transordizia.com\/#logo\"}},{\"@type\":\"WebSite\",\"@id\":\"https:\/\/www.transordizia.com\/#website\",\"url\":\"https:\/\/www.transordizia.com\/\",\"name\":\"Transordizia High &amp; Heavy\",\"description\":\"\",\"publisher\":{\"@id\":\"https:\/\/www.transordizia.com\/#organization\"},\"potentialAction\":[{\"@type\":\"SearchAction\",\"target\":{\"@type\":\"EntryPoint\",\"urlTemplate\":\"https:\/\/www.transordizia.com\/?s={search_term_string}\"},\"query-input\":\"required name=search_term_string\"}],\"inLanguage\":\"fr-FR\"},{\"@type\":\"WebPage\",\"@id\":\"https:\/\/www.transordizia.com\/fr\/contact\/#webpage\",\"url\":\"https:\/\/www.transordizia.com\/fr\/contact\/\",\"name\":\"Contact - Transordizia High &amp; Heavy\",\"isPartOf\":{\"@id\":\"https:\/\/www.transordizia.com\/#website\"},\"datePublished\":\"2015-05-04T05:30:41+00:00\",\"dateModified\":\"2021-06-24T10:40:49+00:00\",\"breadcrumb\":{\"@id\":\"https:\/\/www.transordizia.com\/fr\/contact\/#breadcrumb\"},\"inLanguage\":\"fr-FR\",\"potentialAction\":[{\"@type\":\"ReadAction\",\"target\":[\"https:\/\/www.transordizia.com\/fr\/contact\/\"]}]},{\"@type\":\"BreadcrumbList\",\"@id\":\"https:\/\/www.transordizia.com\/fr\/contact\/#breadcrumb\",\"itemListElement\":[{\"@type\":\"ListItem\",\"position\":1,\"name\":\"Portada\",\"item\":\"https:\/\/www.transordizia.com\/fr\/\"},{\"@type\":\"ListItem\",\"position\":2,\"name\":\"Contact\"}]}]}<\/script>\n<!-- \/ Yoast SEO plugin. -->","yoast_head_json":{"title":"Contact - Transordizia High &amp; Heavy","robots":{"index":"index","follow":"follow","max-snippet":"max-snippet:-1","max-image-preview":"max-image-preview:large","max-video-preview":"max-video-preview:-1"},"canonical":"https:\/\/www.transordizia.com\/fr\/contact\/","og_locale":"fr_FR","og_type":"article","og_title":"Contact - Transordizia High &amp; Heavy","og_description":"Transordizia High &amp; Heavy Antxotxipi Kalea, 4 20305 Irun, Gipuzkoa 943 633 176 \u00a0info@transordizia.com Vous pouvez nous contacter \u00e0 travers notre formulaire de contact, par t\u00e9l\u00e9phone (+34) 943 633 176 ou bien par courriel \u00e0 l\u2019adresse info@transordizia.com","og_url":"https:\/\/www.transordizia.com\/fr\/contact\/","og_site_name":"Transordizia High &amp; Heavy","article_modified_time":"2021-06-24T10:40:49+00:00","twitter_card":"summary_large_image","schema":{"@context":"https:\/\/schema.org","@graph":[{"@type":"Organization","@id":"https:\/\/www.transordizia.com\/#organization","name":"TRANSORDIZIA High and Heavy","url":"https:\/\/www.transordizia.com\/","sameAs":[],"logo":{"@type":"ImageObject","@id":"https:\/\/www.transordizia.com\/#logo","inLanguage":"fr-FR","url":"https:\/\/www.transordizia.com\/wp-content\/uploads\/2021\/06\/TRANSORDIZA-LOGISTIC-GROUP_page-0001-e1624349996162.jpg","contentUrl":"https:\/\/www.transordizia.com\/wp-content\/uploads\/2021\/06\/TRANSORDIZA-LOGISTIC-GROUP_page-0001-e1624349996162.jpg","width":2481,"height":1754,"caption":"TRANSORDIZIA High and Heavy"},"image":{"@id":"https:\/\/www.transordizia.com\/#logo"}},{"@type":"WebSite","@id":"https:\/\/www.transordizia.com\/#website","url":"https:\/\/www.transordizia.com\/","name":"Transordizia High &amp; Heavy","description":"","publisher":{"@id":"https:\/\/www.transordizia.com\/#organization"},"potentialAction":[{"@type":"SearchAction","target":{"@type":"EntryPoint","urlTemplate":"https:\/\/www.transordizia.com\/?s={search_term_string}"},"query-input":"required name=search_term_string"}],"inLanguage":"fr-FR"},{"@type":"WebPage","@id":"https:\/\/www.transordizia.com\/fr\/contact\/#webpage","url":"https:\/\/www.transordizia.com\/fr\/contact\/","name":"Contact - Transordizia High &amp; Heavy","isPartOf":{"@id":"https:\/\/www.transordizia.com\/#website"},"datePublished":"2015-05-04T05:30:41+00:00","dateModified":"2021-06-24T10:40:49+00:00","breadcrumb":{"@id":"https:\/\/www.transordizia.com\/fr\/contact\/#breadcrumb"},"inLanguage":"fr-FR","potentialAction":[{"@type":"ReadAction","target":["https:\/\/www.transordizia.com\/fr\/contact\/"]}]},{"@type":"BreadcrumbList","@id":"https:\/\/www.transordizia.com\/fr\/contact\/#breadcrumb","itemListElement":[{"@type":"ListItem","position":1,"name":"Portada","item":"https:\/\/www.transordizia.com\/fr\/"},{"@type":"ListItem","position":2,"name":"Contact"}]}]}},"_links":{"self":[{"href":"https:\/\/www.transordizia.com\/fr\/wp-json\/wp\/v2\/pages\/1867"}],"collection":[{"href":"https:\/\/www.transordizia.com\/fr\/wp-json\/wp\/v2\/pages"}],"about":[{"href":"https:\/\/www.transordizia.com\/fr\/wp-json\/wp\/v2\/types\/page"}],"author":[{"embeddable":true,"href":"https:\/\/www.transordizia.com\/fr\/wp-json\/wp\/v2\/users\/1"}],"replies":[{"embeddable":true,"href":"https:\/\/www.transordizia.com\/fr\/wp-json\/wp\/v2\/comments?post=1867"}],"version-history":[{"count":21,"href":"https:\/\/www.transordizia.com\/fr\/wp-json\/wp\/v2\/pages\/1867\/revisions"}],"predecessor-version":[{"id":2492,"href":"https:\/\/www.transordizia.com\/fr\/wp-json\/wp\/v2\/pages\/1867\/revisions\/2492"}],"wp:attachment":[{"href":"https:\/\/www.transordizia.com\/fr\/wp-json\/wp\/v2\/media?parent=1867"}],"curies":[{"name":"wp","href":"https:\/\/api.w.org\/{rel}","templated":true}]}}