{"id":1862,"date":"2015-05-07T13:27:36","date_gmt":"2015-05-07T11:27:36","guid":{"rendered":"https:\/\/www.transordizia.com\/wp\/empresa-2\/"},"modified":"2021-07-19T11:51:08","modified_gmt":"2021-07-19T09:51:08","slug":"entreprise","status":"publish","type":"page","link":"https:\/\/www.transordizia.com\/fr\/entreprise\/","title":{"rendered":"Entreprise"},"content":{"rendered":"<div id=\"pl-1862\"  class=\"panel-layout\" ><div id=\"pg-1862-0\"  class=\"panel-grid panel-no-style\" ><div id=\"pgc-1862-0-0\"  class=\"panel-grid-cell\" ><div id=\"panel-1862-0-0-0\" class=\"so-panel widget widget_black-studio-tinymce widget_black_studio_tinymce panel-first-child panel-last-child\" data-index=\"0\" ><div class=\"textwidget\"><p>Depuis 1989, le groupe Transordizia High and Heavy se consacre \u00e0 la distribution logistique internationale de v\u00e9hicules industriels et d\u2019autobus sur l\u2019ensemble du territoire europ\u00e9en. Parmi ses clients, il faut souligner les principaux fabricants et carrossiers d\u2019Europe.<\/p>\n<p>Gr\u00e2ce \u00e0 son pari pour l\u2019innovation et la qualit\u00e9 dans ses services, la compagnie est devenue l\u2019une des grandes r\u00e9f\u00e9rences europ\u00e9ennes dans le secteur de la distribution de v\u00e9hicules industriels.<\/p>\n<p>Sa flotte inclut plus de 110 camions et environ 30 collaborateurs et elle est compos\u00e9e de v\u00e9hicules munis des derni\u00e8res innovations technologiques et m\u00e9caniques, afin de proposer aux clients des solutions de distribution totalement diff\u00e9renci\u00e9es et personnalis\u00e9es.<\/p>\n<p>Avec une gestion bas\u00e9e sur le professionnalisme et la haute qualification de son personnel, ses services poss\u00e8dent une valeur ajout\u00e9e tr\u00e8s appr\u00e9ci\u00e9e par ses clients.<\/p>\n<\/div><\/div><\/div><\/div><div id=\"pg-1862-1\"  class=\"panel-grid panel-no-style\" ><div id=\"pgc-1862-1-0\"  class=\"panel-grid-cell\" ><div id=\"panel-1862-1-0-0\" class=\"so-panel widget widget_black-studio-tinymce widget_black_studio_tinymce panel-first-child panel-last-child\" data-index=\"1\" ><div class=\"textwidget\"><h3 style=\"text-align: left;\"><img class=\"aligncenter wp-image-768 size-medium\" src=\"https:\/\/www.transordizia.com\/wp-content\/uploads\/2021\/04\/paco-min-300x300.jpg\" alt=\"\" width=\"300\" height=\"300\" \/><\/h3>\n<h3 style=\"text-align: center;\">PACO COBO<\/h3>\n<h4 style=\"text-align: center;\"><span style=\"color: #bbbbbb;\">Fondateur et CEO de Transordizia<\/span><\/h4>\n<\/div><\/div><\/div><div id=\"pgc-1862-1-1\"  class=\"panel-grid-cell\" ><div id=\"panel-1862-1-1-0\" class=\"so-panel widget widget_black-studio-tinymce widget_black_studio_tinymce panel-first-child panel-last-child\" data-index=\"2\" ><div class=\"textwidget\"><h3 style=\"text-align: left;\"><img class=\"aligncenter wp-image-769 size-medium\" src=\"https:\/\/www.transordizia.com\/wp-content\/uploads\/2021\/04\/fran-300x300.jpg\" alt=\"\" width=\"300\" height=\"300\" \/><\/h3>\n<h3 style=\"text-align: center;\">FRAN COBO<\/h3>\n<h4 style=\"text-align: center;\"><span style=\"color: #bbbbbb;\">responsable de la flotte et pr\u00e9curseur de v\u00e9hicules de GNL<\/span><\/h4>\n<\/div><\/div><\/div><div id=\"pgc-1862-1-2\"  class=\"panel-grid-cell\" ><div id=\"panel-1862-1-2-0\" class=\"so-panel widget widget_black-studio-tinymce widget_black_studio_tinymce panel-first-child panel-last-child\" data-index=\"3\" ><div class=\"textwidget\"><h3 style=\"text-align: left;\"><img class=\"aligncenter wp-image-770 size-medium\" src=\"https:\/\/www.transordizia.com\/wp-content\/uploads\/2021\/04\/jesus-min-300x300.jpg\" alt=\"\" width=\"300\" height=\"300\" \/><\/h3>\n<h3 style=\"text-align: center;\">JESUS GALINDO<\/h3>\n<h4 style=\"text-align: center;\"><span style=\"color: #bbbbbb;\">G\u00e9rant et chef de trafic<\/span><\/h4>\n<\/div><\/div><\/div><\/div><div id=\"pg-1862-2\"  class=\"panel-grid panel-no-style\" ><div id=\"pgc-1862-2-0\"  class=\"panel-grid-cell\" ><div id=\"panel-1862-2-0-0\" class=\"so-panel widget widget_black-studio-tinymce widget_black_studio_tinymce panel-first-child panel-last-child\" data-index=\"4\" ><div class=\"textwidget\"><h3 style=\"text-align: left;\"><img class=\"aligncenter wp-image-773 size-medium\" src=\"https:\/\/www.transordizia.com\/wp-content\/uploads\/2021\/04\/ander-300x300.jpg\" alt=\"\" width=\"300\" height=\"300\" \/><\/h3>\n<h3 style=\"text-align: center;\">ANDER NAVASCUES<\/h3>\n<h4 style=\"text-align: center;\"><span style=\"color: #bbbbbb;\">Chef m\u00e9canicien<\/span><\/h4>\n<\/div><\/div><\/div><div id=\"pgc-1862-2-1\"  class=\"panel-grid-cell\" ><div id=\"panel-1862-2-1-0\" class=\"so-panel widget widget_black-studio-tinymce widget_black_studio_tinymce panel-first-child panel-last-child\" data-index=\"5\" ><div class=\"textwidget\"><h3 style=\"text-align: left;\"><img class=\"aligncenter wp-image-772 size-medium\" src=\"https:\/\/www.transordizia.com\/wp-content\/uploads\/2021\/04\/josemaria-300x300.jpg\" alt=\"\" width=\"300\" height=\"300\" \/><\/h3>\n<h3 style=\"text-align: center;\">JOSE MARIA PLASENCIA<\/h3>\n<h4 style=\"text-align: center;\"><span style=\"color: #bbbbbb;\">Directeur financier<\/span><\/h4>\n<\/div><\/div><\/div><\/div><\/div>","protected":false},"excerpt":{"rendered":"<p>Depuis 1989, le groupe Transordizia High and Heavy se consacre \u00e0 la distribution logistique internationale de v\u00e9hicules industriels et d\u2019autobus sur l\u2019ensemble du territoire europ\u00e9en. Parmi ses clients, il faut souligner les principaux fabricants et carrossiers d\u2019Europe. Gr\u00e2ce \u00e0 son pari pour l\u2019innovation et la qualit\u00e9 dans ses services, la compagnie est devenue l\u2019une des &hellip;<\/p>\n","protected":false},"author":1,"featured_media":0,"parent":0,"menu_order":0,"comment_status":"closed","ping_status":"open","template":"","meta":{"_links_to":"","_links_to_target":""},"acf":[],"yoast_head":"<!-- This site is optimized with the Yoast SEO plugin v18.5.1 - https:\/\/yoast.com\/wordpress\/plugins\/seo\/ -->\n<title>Entreprise - Transordizia High &amp; Heavy<\/title>\n<meta name=\"robots\" content=\"index, follow, max-snippet:-1, max-image-preview:large, max-video-preview:-1\" \/>\n<link rel=\"canonical\" href=\"https:\/\/www.transordizia.com\/fr\/entreprise\/\" \/>\n<meta property=\"og:locale\" content=\"fr_FR\" \/>\n<meta property=\"og:type\" content=\"article\" \/>\n<meta property=\"og:title\" content=\"Entreprise - Transordizia High &amp; Heavy\" \/>\n<meta property=\"og:description\" content=\"Depuis 1989, le groupe Transordizia High and Heavy se consacre \u00e0 la distribution logistique internationale de v\u00e9hicules industriels et d\u2019autobus sur l\u2019ensemble du territoire europ\u00e9en. Parmi ses clients, il faut souligner les principaux fabricants et carrossiers d\u2019Europe. Gr\u00e2ce \u00e0 son pari pour l\u2019innovation et la qualit\u00e9 dans ses services, la compagnie est devenue l\u2019une des &hellip;\" \/>\n<meta property=\"og:url\" content=\"https:\/\/www.transordizia.com\/fr\/entreprise\/\" \/>\n<meta property=\"og:site_name\" content=\"Transordizia High &amp; Heavy\" \/>\n<meta property=\"article:modified_time\" content=\"2021-07-19T09:51:08+00:00\" \/>\n<meta property=\"og:image\" content=\"https:\/\/www.transordizia.com\/wp-content\/uploads\/2021\/04\/paco-min-300x300.jpg\" \/>\n<meta name=\"twitter:card\" content=\"summary_large_image\" \/>\n<meta name=\"twitter:label1\" content=\"Dur\u00e9e de lecture estim\u00e9e\" \/>\n\t<meta name=\"twitter:data1\" content=\"1 minute\" \/>\n<script type=\"application\/ld+json\" class=\"yoast-schema-graph\">{\"@context\":\"https:\/\/schema.org\",\"@graph\":[{\"@type\":\"Organization\",\"@id\":\"https:\/\/www.transordizia.com\/#organization\",\"name\":\"TRANSORDIZIA High and Heavy\",\"url\":\"https:\/\/www.transordizia.com\/\",\"sameAs\":[],\"logo\":{\"@type\":\"ImageObject\",\"@id\":\"https:\/\/www.transordizia.com\/#logo\",\"inLanguage\":\"fr-FR\",\"url\":\"https:\/\/www.transordizia.com\/wp-content\/uploads\/2021\/06\/TRANSORDIZA-LOGISTIC-GROUP_page-0001-e1624349996162.jpg\",\"contentUrl\":\"https:\/\/www.transordizia.com\/wp-content\/uploads\/2021\/06\/TRANSORDIZA-LOGISTIC-GROUP_page-0001-e1624349996162.jpg\",\"width\":2481,\"height\":1754,\"caption\":\"TRANSORDIZIA High and Heavy\"},\"image\":{\"@id\":\"https:\/\/www.transordizia.com\/#logo\"}},{\"@type\":\"WebSite\",\"@id\":\"https:\/\/www.transordizia.com\/#website\",\"url\":\"https:\/\/www.transordizia.com\/\",\"name\":\"Transordizia High &amp; Heavy\",\"description\":\"\",\"publisher\":{\"@id\":\"https:\/\/www.transordizia.com\/#organization\"},\"potentialAction\":[{\"@type\":\"SearchAction\",\"target\":{\"@type\":\"EntryPoint\",\"urlTemplate\":\"https:\/\/www.transordizia.com\/?s={search_term_string}\"},\"query-input\":\"required name=search_term_string\"}],\"inLanguage\":\"fr-FR\"},{\"@type\":\"ImageObject\",\"@id\":\"https:\/\/www.transordizia.com\/fr\/entreprise\/#primaryimage\",\"inLanguage\":\"fr-FR\",\"url\":\"https:\/\/www.transordizia.com\/wp-content\/uploads\/2021\/04\/paco-min-300x300.jpg\",\"contentUrl\":\"https:\/\/www.transordizia.com\/wp-content\/uploads\/2021\/04\/paco-min-300x300.jpg\"},{\"@type\":\"WebPage\",\"@id\":\"https:\/\/www.transordizia.com\/fr\/entreprise\/#webpage\",\"url\":\"https:\/\/www.transordizia.com\/fr\/entreprise\/\",\"name\":\"Entreprise - Transordizia High &amp; Heavy\",\"isPartOf\":{\"@id\":\"https:\/\/www.transordizia.com\/#website\"},\"primaryImageOfPage\":{\"@id\":\"https:\/\/www.transordizia.com\/fr\/entreprise\/#primaryimage\"},\"datePublished\":\"2015-05-07T11:27:36+00:00\",\"dateModified\":\"2021-07-19T09:51:08+00:00\",\"breadcrumb\":{\"@id\":\"https:\/\/www.transordizia.com\/fr\/entreprise\/#breadcrumb\"},\"inLanguage\":\"fr-FR\",\"potentialAction\":[{\"@type\":\"ReadAction\",\"target\":[\"https:\/\/www.transordizia.com\/fr\/entreprise\/\"]}]},{\"@type\":\"BreadcrumbList\",\"@id\":\"https:\/\/www.transordizia.com\/fr\/entreprise\/#breadcrumb\",\"itemListElement\":[{\"@type\":\"ListItem\",\"position\":1,\"name\":\"Portada\",\"item\":\"https:\/\/www.transordizia.com\/fr\/\"},{\"@type\":\"ListItem\",\"position\":2,\"name\":\"Entreprise\"}]}]}<\/script>\n<!-- \/ Yoast SEO plugin. -->","yoast_head_json":{"title":"Entreprise - Transordizia High &amp; Heavy","robots":{"index":"index","follow":"follow","max-snippet":"max-snippet:-1","max-image-preview":"max-image-preview:large","max-video-preview":"max-video-preview:-1"},"canonical":"https:\/\/www.transordizia.com\/fr\/entreprise\/","og_locale":"fr_FR","og_type":"article","og_title":"Entreprise - Transordizia High &amp; Heavy","og_description":"Depuis 1989, le groupe Transordizia High and Heavy se consacre \u00e0 la distribution logistique internationale de v\u00e9hicules industriels et d\u2019autobus sur l\u2019ensemble du territoire europ\u00e9en. Parmi ses clients, il faut souligner les principaux fabricants et carrossiers d\u2019Europe. Gr\u00e2ce \u00e0 son pari pour l\u2019innovation et la qualit\u00e9 dans ses services, la compagnie est devenue l\u2019une des &hellip;","og_url":"https:\/\/www.transordizia.com\/fr\/entreprise\/","og_site_name":"Transordizia High &amp; Heavy","article_modified_time":"2021-07-19T09:51:08+00:00","og_image":[{"url":"https:\/\/www.transordizia.com\/wp-content\/uploads\/2021\/04\/paco-min-300x300.jpg"}],"twitter_card":"summary_large_image","twitter_misc":{"Dur\u00e9e de lecture estim\u00e9e":"1 minute"},"schema":{"@context":"https:\/\/schema.org","@graph":[{"@type":"Organization","@id":"https:\/\/www.transordizia.com\/#organization","name":"TRANSORDIZIA High and Heavy","url":"https:\/\/www.transordizia.com\/","sameAs":[],"logo":{"@type":"ImageObject","@id":"https:\/\/www.transordizia.com\/#logo","inLanguage":"fr-FR","url":"https:\/\/www.transordizia.com\/wp-content\/uploads\/2021\/06\/TRANSORDIZA-LOGISTIC-GROUP_page-0001-e1624349996162.jpg","contentUrl":"https:\/\/www.transordizia.com\/wp-content\/uploads\/2021\/06\/TRANSORDIZA-LOGISTIC-GROUP_page-0001-e1624349996162.jpg","width":2481,"height":1754,"caption":"TRANSORDIZIA High and Heavy"},"image":{"@id":"https:\/\/www.transordizia.com\/#logo"}},{"@type":"WebSite","@id":"https:\/\/www.transordizia.com\/#website","url":"https:\/\/www.transordizia.com\/","name":"Transordizia High &amp; Heavy","description":"","publisher":{"@id":"https:\/\/www.transordizia.com\/#organization"},"potentialAction":[{"@type":"SearchAction","target":{"@type":"EntryPoint","urlTemplate":"https:\/\/www.transordizia.com\/?s={search_term_string}"},"query-input":"required name=search_term_string"}],"inLanguage":"fr-FR"},{"@type":"ImageObject","@id":"https:\/\/www.transordizia.com\/fr\/entreprise\/#primaryimage","inLanguage":"fr-FR","url":"https:\/\/www.transordizia.com\/wp-content\/uploads\/2021\/04\/paco-min-300x300.jpg","contentUrl":"https:\/\/www.transordizia.com\/wp-content\/uploads\/2021\/04\/paco-min-300x300.jpg"},{"@type":"WebPage","@id":"https:\/\/www.transordizia.com\/fr\/entreprise\/#webpage","url":"https:\/\/www.transordizia.com\/fr\/entreprise\/","name":"Entreprise - Transordizia High &amp; Heavy","isPartOf":{"@id":"https:\/\/www.transordizia.com\/#website"},"primaryImageOfPage":{"@id":"https:\/\/www.transordizia.com\/fr\/entreprise\/#primaryimage"},"datePublished":"2015-05-07T11:27:36+00:00","dateModified":"2021-07-19T09:51:08+00:00","breadcrumb":{"@id":"https:\/\/www.transordizia.com\/fr\/entreprise\/#breadcrumb"},"inLanguage":"fr-FR","potentialAction":[{"@type":"ReadAction","target":["https:\/\/www.transordizia.com\/fr\/entreprise\/"]}]},{"@type":"BreadcrumbList","@id":"https:\/\/www.transordizia.com\/fr\/entreprise\/#breadcrumb","itemListElement":[{"@type":"ListItem","position":1,"name":"Portada","item":"https:\/\/www.transordizia.com\/fr\/"},{"@type":"ListItem","position":2,"name":"Entreprise"}]}]}},"_links":{"self":[{"href":"https:\/\/www.transordizia.com\/fr\/wp-json\/wp\/v2\/pages\/1862"}],"collection":[{"href":"https:\/\/www.transordizia.com\/fr\/wp-json\/wp\/v2\/pages"}],"about":[{"href":"https:\/\/www.transordizia.com\/fr\/wp-json\/wp\/v2\/types\/page"}],"author":[{"embeddable":true,"href":"https:\/\/www.transordizia.com\/fr\/wp-json\/wp\/v2\/users\/1"}],"replies":[{"embeddable":true,"href":"https:\/\/www.transordizia.com\/fr\/wp-json\/wp\/v2\/comments?post=1862"}],"version-history":[{"count":6,"href":"https:\/\/www.transordizia.com\/fr\/wp-json\/wp\/v2\/pages\/1862\/revisions"}],"predecessor-version":[{"id":2593,"href":"https:\/\/www.transordizia.com\/fr\/wp-json\/wp\/v2\/pages\/1862\/revisions\/2593"}],"wp:attachment":[{"href":"https:\/\/www.transordizia.com\/fr\/wp-json\/wp\/v2\/media?parent=1862"}],"curies":[{"name":"wp","href":"https:\/\/api.w.org\/{rel}","templated":true}]}}