{"id":1847,"date":"2021-04-28T12:50:54","date_gmt":"2021-04-28T10:50:54","guid":{"rendered":"https:\/\/www.transordizia.com\/wp\/calidad-2\/"},"modified":"2021-07-20T13:06:51","modified_gmt":"2021-07-20T11:06:51","slug":"qualite","status":"publish","type":"page","link":"https:\/\/www.transordizia.com\/fr\/qualite\/","title":{"rendered":"Qualit\u00e9"},"content":{"rendered":"<div id=\"pl-1847\"  class=\"panel-layout\" ><div id=\"pg-1847-0\"  class=\"panel-grid panel-no-style\" ><div id=\"pgc-1847-0-0\"  class=\"panel-grid-cell\" ><div id=\"panel-1847-0-0-0\" class=\"so-panel widget widget_sow-image panel-first-child panel-last-child\" data-index=\"0\" ><div class=\"so-widget-sow-image so-widget-sow-image-default-2ec334f0a340-1847\">\n\n<div class=\"sow-image-container\">\n\t\t\t<a\n\t\t\thref=\"https:\/\/www.transordizia.com\/wp-content\/uploads\/2021\/04\/9340739-BUP-TRANSORDIZIA-HIGH-HEAVY-S.L.-ESPANOL-fusionado.pdf\"\n\t\t\ttarget=\"_blank\" rel=\"noopener noreferrer\" \t\t>\n\t\t\t<img src=\"https:\/\/www.transordizia.com\/wp-content\/uploads\/2021\/04\/iso9001-300x137.png\" width=\"300\" height=\"137\" srcset=\"https:\/\/www.transordizia.com\/wp-content\/uploads\/2021\/04\/iso9001-300x137.png 300w, https:\/\/www.transordizia.com\/wp-content\/uploads\/2021\/04\/iso9001.png 333w\" sizes=\"(max-width: 300px) 100vw, 300px\" alt=\"\" loading=\"lazy\" \t\tclass=\"so-widget-image\"\/>\n\t<\/a><\/div>\n\n<\/div><\/div><\/div><div id=\"pgc-1847-0-1\"  class=\"panel-grid-cell\" ><div id=\"panel-1847-0-1-0\" class=\"so-panel widget widget_sow-image panel-first-child panel-last-child\" data-index=\"1\" ><div class=\"so-widget-sow-image so-widget-sow-image-default-a5258576d588-1847\">\n\n<div class=\"sow-image-container\">\n\t\t\t<a\n\t\t\thref=\"https:\/\/www.transordizia.com\/wp-content\/uploads\/2021\/04\/9340739-BUQ-TRANSORDIZIA-HIGH-HEAVY-S.L.-ESPANOL-fusionado.pdf\"\n\t\t\ttarget=\"_blank\" rel=\"noopener noreferrer\" \t\t>\n\t\t\t<img src=\"https:\/\/www.transordizia.com\/wp-content\/uploads\/2021\/04\/iso14001-300x138.png\" width=\"300\" height=\"138\" srcset=\"https:\/\/www.transordizia.com\/wp-content\/uploads\/2021\/04\/iso14001-300x138.png 300w, https:\/\/www.transordizia.com\/wp-content\/uploads\/2021\/04\/iso14001.png 332w\" sizes=\"(max-width: 300px) 100vw, 300px\" alt=\"\" loading=\"lazy\" \t\tclass=\"so-widget-image\"\/>\n\t<\/a><\/div>\n\n<\/div><\/div><\/div><\/div><div id=\"pg-1847-1\"  class=\"panel-grid panel-no-style\" ><div id=\"pgc-1847-1-0\"  class=\"panel-grid-cell\" ><div id=\"panel-1847-1-0-0\" class=\"so-panel widget widget_black-studio-tinymce widget_black_studio_tinymce panel-first-child panel-last-child\" data-index=\"2\" ><div class=\"textwidget\"><div class=\"row\">\n<div class=\"col-sm-12\">\n<p>La politique de qualit\u00e9 et environnement de Transordizia High &amp; Heavy a pour objet d\u2019obtenir la satisfaction totale de ses clients \u00e0 travers l\u2019accomplissement des services sollicit\u00e9s, ainsi que la pr\u00e9vention maximale de la pollution environnementale dans l\u2019ensemble de ses activit\u00e9s.<\/p>\n<p>Les principes sur lesquels repose la philosophie du Groupe sont les suivants :<\/p>\n<ul class=\"check\">\n<li>\u00c9coute des besoins particuliers de chaque client, en fournissant les solutions de transport individualis\u00e9es les mieux adapt\u00e9es \u00e0 chaque cas.<\/li>\n<li>Application stricte des dates de ramassage et de livraison.<\/li>\n<li>Soin et supervision de la marchandise dans toutes les phases du transport (charge, d\u00e9charge, transit), en r\u00e9duisant les niveaux de dommages caus\u00e9s lors de la circulation ou de la manipulation.<\/li>\n<li>Information constamment actualis\u00e9e sur la tra\u00e7abilit\u00e9 de la marchandise et service client\u00e8le complet.<\/li>\n<li>Application du principe d\u2019am\u00e9lioration continue dans les aspects environnementaux essentiels dans lesquels la compagnie peut avoir une influence.<\/li>\n<\/ul>\n<p>Cette strat\u00e9gie nous a permis d\u2019am\u00e9liorer jour apr\u00e8s jour notre position sur le march\u00e9, \u00e0 travers une diff\u00e9renciation tr\u00e8s claire du reste de la concurrence.<\/p>\n<p>La Direction de cette Organisation est totalement engag\u00e9e et convaincue du fait que ces principes peuvent uniquement \u00eatre respect\u00e9s \u00e0 travers :<\/p>\n<ul class=\"check\">\n<li>Contact continu avec les clients afin de d\u00e9tecter leurs besoins et de permettre une am\u00e9lioration continue de nos services.<\/li>\n<li>Utilisation de v\u00e9hicules modernes avec une efficacit\u00e9 optimale et une adaptation maximale aux caract\u00e9ristiques du transport, munis des derni\u00e8res innovations technologiques.<\/li>\n<li>Maintenance pr\u00e9ventive et corrective de la flotte.<\/li>\n<li>Volont\u00e9 d\u2019accro\u00eetre la satisfaction du client et de garantir la protection de l\u2019environnement.<\/li>\n<li>Application totale de la l\u00e9gislation nationale et internationale en mati\u00e8re de transport et environnement.<\/li>\n<li>Formation continue du personnel.<\/li>\n<\/ul>\n<p>Cette politique est acquise et assum\u00e9e par l\u2019ensemble des membres de l\u2019Organisation. Dans ce sens, la Direction assume la gestion et le contr\u00f4le de l\u2019application de ces directives \u00e0 travers l\u2019apport des ressources estim\u00e9es n\u00e9cessaires.<\/p>\n<p>Transordizia High &amp; Heavy, \u00e9valuera continuellement les sous-traitants et les fournisseurs en fonction de l\u2019ampleur des non-conformit\u00e9s qu\u2019ils peuvent causer dans la prestation du service et dans la r\u00e9ponse et la solution qu\u2019ils adoptent pour ces derni\u00e8res.<\/p><\/div>\n<\/div>\n<\/div><\/div><\/div><\/div><\/div>","protected":false},"excerpt":{"rendered":"<p>La politique de qualit\u00e9 et environnement de Transordizia High &amp; Heavy a pour objet d\u2019obtenir la satisfaction totale de ses clients \u00e0 travers l\u2019accomplissement des services sollicit\u00e9s, ainsi que la pr\u00e9vention maximale de la pollution environnementale dans l\u2019ensemble de ses activit\u00e9s. Les principes sur lesquels repose la philosophie du Groupe sont les suivants : \u00c9coute &hellip;<\/p>\n","protected":false},"author":1,"featured_media":0,"parent":0,"menu_order":0,"comment_status":"closed","ping_status":"closed","template":"","meta":{"_links_to":"","_links_to_target":""},"acf":[],"yoast_head":"<!-- This site is optimized with the Yoast SEO plugin v18.5.1 - https:\/\/yoast.com\/wordpress\/plugins\/seo\/ -->\n<title>Qualit\u00e9 - Transordizia High &amp; Heavy<\/title>\n<meta name=\"robots\" content=\"index, follow, max-snippet:-1, max-image-preview:large, max-video-preview:-1\" \/>\n<link rel=\"canonical\" href=\"https:\/\/www.transordizia.com\/fr\/qualite\/\" \/>\n<meta property=\"og:locale\" content=\"fr_FR\" \/>\n<meta property=\"og:type\" content=\"article\" \/>\n<meta property=\"og:title\" content=\"Qualit\u00e9 - Transordizia High &amp; Heavy\" \/>\n<meta property=\"og:description\" content=\"La politique de qualit\u00e9 et environnement de Transordizia High &amp; Heavy a pour objet d\u2019obtenir la satisfaction totale de ses clients \u00e0 travers l\u2019accomplissement des services sollicit\u00e9s, ainsi que la pr\u00e9vention maximale de la pollution environnementale dans l\u2019ensemble de ses activit\u00e9s. Les principes sur lesquels repose la philosophie du Groupe sont les suivants : \u00c9coute &hellip;\" \/>\n<meta property=\"og:url\" content=\"https:\/\/www.transordizia.com\/fr\/qualite\/\" \/>\n<meta property=\"og:site_name\" content=\"Transordizia High &amp; Heavy\" \/>\n<meta property=\"article:modified_time\" content=\"2021-07-20T11:06:51+00:00\" \/>\n<meta name=\"twitter:card\" content=\"summary_large_image\" \/>\n<meta name=\"twitter:label1\" content=\"Dur\u00e9e de lecture estim\u00e9e\" \/>\n\t<meta name=\"twitter:data1\" content=\"2 minutes\" \/>\n<script type=\"application\/ld+json\" class=\"yoast-schema-graph\">{\"@context\":\"https:\/\/schema.org\",\"@graph\":[{\"@type\":\"Organization\",\"@id\":\"https:\/\/www.transordizia.com\/#organization\",\"name\":\"TRANSORDIZIA High and Heavy\",\"url\":\"https:\/\/www.transordizia.com\/\",\"sameAs\":[],\"logo\":{\"@type\":\"ImageObject\",\"@id\":\"https:\/\/www.transordizia.com\/#logo\",\"inLanguage\":\"fr-FR\",\"url\":\"https:\/\/www.transordizia.com\/wp-content\/uploads\/2021\/06\/TRANSORDIZA-LOGISTIC-GROUP_page-0001-e1624349996162.jpg\",\"contentUrl\":\"https:\/\/www.transordizia.com\/wp-content\/uploads\/2021\/06\/TRANSORDIZA-LOGISTIC-GROUP_page-0001-e1624349996162.jpg\",\"width\":2481,\"height\":1754,\"caption\":\"TRANSORDIZIA High and Heavy\"},\"image\":{\"@id\":\"https:\/\/www.transordizia.com\/#logo\"}},{\"@type\":\"WebSite\",\"@id\":\"https:\/\/www.transordizia.com\/#website\",\"url\":\"https:\/\/www.transordizia.com\/\",\"name\":\"Transordizia High &amp; Heavy\",\"description\":\"\",\"publisher\":{\"@id\":\"https:\/\/www.transordizia.com\/#organization\"},\"potentialAction\":[{\"@type\":\"SearchAction\",\"target\":{\"@type\":\"EntryPoint\",\"urlTemplate\":\"https:\/\/www.transordizia.com\/?s={search_term_string}\"},\"query-input\":\"required name=search_term_string\"}],\"inLanguage\":\"fr-FR\"},{\"@type\":\"WebPage\",\"@id\":\"https:\/\/www.transordizia.com\/fr\/qualite\/#webpage\",\"url\":\"https:\/\/www.transordizia.com\/fr\/qualite\/\",\"name\":\"Qualit\u00e9 - Transordizia High &amp; Heavy\",\"isPartOf\":{\"@id\":\"https:\/\/www.transordizia.com\/#website\"},\"datePublished\":\"2021-04-28T10:50:54+00:00\",\"dateModified\":\"2021-07-20T11:06:51+00:00\",\"breadcrumb\":{\"@id\":\"https:\/\/www.transordizia.com\/fr\/qualite\/#breadcrumb\"},\"inLanguage\":\"fr-FR\",\"potentialAction\":[{\"@type\":\"ReadAction\",\"target\":[\"https:\/\/www.transordizia.com\/fr\/qualite\/\"]}]},{\"@type\":\"BreadcrumbList\",\"@id\":\"https:\/\/www.transordizia.com\/fr\/qualite\/#breadcrumb\",\"itemListElement\":[{\"@type\":\"ListItem\",\"position\":1,\"name\":\"Portada\",\"item\":\"https:\/\/www.transordizia.com\/fr\/\"},{\"@type\":\"ListItem\",\"position\":2,\"name\":\"Qualit\u00e9\"}]}]}<\/script>\n<!-- \/ Yoast SEO plugin. -->","yoast_head_json":{"title":"Qualit\u00e9 - Transordizia High &amp; Heavy","robots":{"index":"index","follow":"follow","max-snippet":"max-snippet:-1","max-image-preview":"max-image-preview:large","max-video-preview":"max-video-preview:-1"},"canonical":"https:\/\/www.transordizia.com\/fr\/qualite\/","og_locale":"fr_FR","og_type":"article","og_title":"Qualit\u00e9 - Transordizia High &amp; Heavy","og_description":"La politique de qualit\u00e9 et environnement de Transordizia High &amp; Heavy a pour objet d\u2019obtenir la satisfaction totale de ses clients \u00e0 travers l\u2019accomplissement des services sollicit\u00e9s, ainsi que la pr\u00e9vention maximale de la pollution environnementale dans l\u2019ensemble de ses activit\u00e9s. Les principes sur lesquels repose la philosophie du Groupe sont les suivants : \u00c9coute &hellip;","og_url":"https:\/\/www.transordizia.com\/fr\/qualite\/","og_site_name":"Transordizia High &amp; Heavy","article_modified_time":"2021-07-20T11:06:51+00:00","twitter_card":"summary_large_image","twitter_misc":{"Dur\u00e9e de lecture estim\u00e9e":"2 minutes"},"schema":{"@context":"https:\/\/schema.org","@graph":[{"@type":"Organization","@id":"https:\/\/www.transordizia.com\/#organization","name":"TRANSORDIZIA High and Heavy","url":"https:\/\/www.transordizia.com\/","sameAs":[],"logo":{"@type":"ImageObject","@id":"https:\/\/www.transordizia.com\/#logo","inLanguage":"fr-FR","url":"https:\/\/www.transordizia.com\/wp-content\/uploads\/2021\/06\/TRANSORDIZA-LOGISTIC-GROUP_page-0001-e1624349996162.jpg","contentUrl":"https:\/\/www.transordizia.com\/wp-content\/uploads\/2021\/06\/TRANSORDIZA-LOGISTIC-GROUP_page-0001-e1624349996162.jpg","width":2481,"height":1754,"caption":"TRANSORDIZIA High and Heavy"},"image":{"@id":"https:\/\/www.transordizia.com\/#logo"}},{"@type":"WebSite","@id":"https:\/\/www.transordizia.com\/#website","url":"https:\/\/www.transordizia.com\/","name":"Transordizia High &amp; Heavy","description":"","publisher":{"@id":"https:\/\/www.transordizia.com\/#organization"},"potentialAction":[{"@type":"SearchAction","target":{"@type":"EntryPoint","urlTemplate":"https:\/\/www.transordizia.com\/?s={search_term_string}"},"query-input":"required name=search_term_string"}],"inLanguage":"fr-FR"},{"@type":"WebPage","@id":"https:\/\/www.transordizia.com\/fr\/qualite\/#webpage","url":"https:\/\/www.transordizia.com\/fr\/qualite\/","name":"Qualit\u00e9 - Transordizia High &amp; Heavy","isPartOf":{"@id":"https:\/\/www.transordizia.com\/#website"},"datePublished":"2021-04-28T10:50:54+00:00","dateModified":"2021-07-20T11:06:51+00:00","breadcrumb":{"@id":"https:\/\/www.transordizia.com\/fr\/qualite\/#breadcrumb"},"inLanguage":"fr-FR","potentialAction":[{"@type":"ReadAction","target":["https:\/\/www.transordizia.com\/fr\/qualite\/"]}]},{"@type":"BreadcrumbList","@id":"https:\/\/www.transordizia.com\/fr\/qualite\/#breadcrumb","itemListElement":[{"@type":"ListItem","position":1,"name":"Portada","item":"https:\/\/www.transordizia.com\/fr\/"},{"@type":"ListItem","position":2,"name":"Qualit\u00e9"}]}]}},"_links":{"self":[{"href":"https:\/\/www.transordizia.com\/fr\/wp-json\/wp\/v2\/pages\/1847"}],"collection":[{"href":"https:\/\/www.transordizia.com\/fr\/wp-json\/wp\/v2\/pages"}],"about":[{"href":"https:\/\/www.transordizia.com\/fr\/wp-json\/wp\/v2\/types\/page"}],"author":[{"embeddable":true,"href":"https:\/\/www.transordizia.com\/fr\/wp-json\/wp\/v2\/users\/1"}],"replies":[{"embeddable":true,"href":"https:\/\/www.transordizia.com\/fr\/wp-json\/wp\/v2\/comments?post=1847"}],"version-history":[{"count":7,"href":"https:\/\/www.transordizia.com\/fr\/wp-json\/wp\/v2\/pages\/1847\/revisions"}],"predecessor-version":[{"id":2619,"href":"https:\/\/www.transordizia.com\/fr\/wp-json\/wp\/v2\/pages\/1847\/revisions\/2619"}],"wp:attachment":[{"href":"https:\/\/www.transordizia.com\/fr\/wp-json\/wp\/v2\/media?parent=1847"}],"curies":[{"name":"wp","href":"https:\/\/api.w.org\/{rel}","templated":true}]}}