{"id":1449,"date":"2021-04-22T13:22:29","date_gmt":"2021-04-22T11:22:29","guid":{"rendered":"https:\/\/www.transordizia.com\/wp\/politique-de-confidentialite\/"},"modified":"2021-06-21T11:07:09","modified_gmt":"2021-06-21T09:07:09","slug":"politique-confidentialite","status":"publish","type":"page","link":"https:\/\/www.transordizia.com\/fr\/politique-confidentialite\/","title":{"rendered":"Politique de Confidentialit\u00e9"},"content":{"rendered":"<div id=\"pl-1449\"  class=\"panel-layout\" ><div id=\"pg-1449-0\"  class=\"panel-grid panel-no-style\" ><div id=\"pgc-1449-0-0\"  class=\"panel-grid-cell\" ><div id=\"panel-1449-0-0-0\" class=\"so-panel widget widget_text panel-first-child panel-last-child\" data-index=\"0\" >\t\t\t<div class=\"textwidget\"><div class=\"modal-body\">\n<p>Ce site web, propri\u00e9t\u00e9 de Transordizia High &amp; Heavy, garantit la protection totale des donn\u00e9es \u00e0 caract\u00e8re personnel fournies par nos usagers.<\/p>\n<p>Conform\u00e9ment \u00e0 la Loi Organique 15\/1999 relative a la Protection des Donn\u00e9es, nous vous informons que les donn\u00e9es personnelles fournies \u00e0 travers les formulaires du pr\u00e9sent site web ou \u00e0 travers des messages de courrier \u00e9lectronique pourront \u00eatre incorpor\u00e9es \u00e0 un fichier de donn\u00e9es \u00e0 caract\u00e8re personnel, d\u00fbment inscrit \u00e0 l\u2019Agence Espagnole de la Protection des Donn\u00e9es, dont l\u2019objectif sera de recueillir les donn\u00e9es \u00e0 caract\u00e8re personnel obtenues des formulaires de contact disponibles sur le site de l\u2019entreprise afin d\u2019\u00e9tablir les communications n\u00e9cessaires.<\/p>\n<p>\u00c0 travers l\u2019envoi des formulaires repris dans le site, l\u2019exp\u00e9diteur formule son consentement pour l\u2019inclusion de ses donn\u00e9es dans ce fichier. Par ailleurs, nous vous communiquons que depuis ce site il sera possible de recueillir les adresses IP des usagers, qui seront \u00e9galement trait\u00e9es selon la r\u00e9glementation en vigueur.<\/p>\n<p>Vos donn\u00e9es ne seront en aucun cas c\u00e9d\u00e9es \u00e0 autrui sans votre consentement. Transordizia High &amp; Heavy respectera \u00e0 tout moment la confidentialit\u00e9 de vos donn\u00e9es, conform\u00e9ment \u00e0 la Loi Organique 15\/1999 du 13 d\u00e9cembre, relative \u00e0 la Protection des Donn\u00e9es \u00e0 Caract\u00e8re Personnel (LOPD).<\/p>\n<p>Vous pourrez \u00e0 tout moment exercer vos droits d\u2019Acc\u00e8s, Rectification, Annulation et Opposition selon les termes sp\u00e9cifi\u00e9s dans la Loi Organique 15\/1999, relative \u00e0 la Protection des Donn\u00e9es \u00e0 Caract\u00e8re Personnel, d\u2019apr\u00e8s le proc\u00e9d\u00e9 l\u00e9galement \u00e9tabli. Ces droits pourront \u00eatre exerc\u00e9s en adressant un courrier \u00e9lectronique \u00e0 info@transordizia.com.<\/p>\n<\/div>\n<\/div>\n\t\t<\/div><\/div><\/div><\/div>","protected":false},"excerpt":{"rendered":"<p>Ce site web, propri\u00e9t\u00e9 de Transordizia High &amp; Heavy, garantit la protection totale des donn\u00e9es \u00e0 caract\u00e8re personnel fournies par nos usagers. Conform\u00e9ment \u00e0 la Loi Organique 15\/1999 relative a la Protection des Donn\u00e9es, nous vous informons que les donn\u00e9es personnelles fournies \u00e0 travers les formulaires du pr\u00e9sent site web ou \u00e0 travers des messages &hellip;<\/p>\n","protected":false},"author":1,"featured_media":0,"parent":0,"menu_order":0,"comment_status":"closed","ping_status":"closed","template":"","meta":{"_links_to":"","_links_to_target":""},"acf":[],"yoast_head":"<!-- This site is optimized with the Yoast SEO plugin v18.5.1 - https:\/\/yoast.com\/wordpress\/plugins\/seo\/ -->\n<title>Politique de Confidentialit\u00e9 - Transordizia High &amp; Heavy<\/title>\n<meta name=\"robots\" content=\"index, follow, max-snippet:-1, max-image-preview:large, max-video-preview:-1\" \/>\n<link rel=\"canonical\" href=\"https:\/\/www.transordizia.com\/fr\/politique-confidentialite\/\" \/>\n<meta property=\"og:locale\" content=\"fr_FR\" \/>\n<meta property=\"og:type\" content=\"article\" \/>\n<meta property=\"og:title\" content=\"Politique de Confidentialit\u00e9 - Transordizia High &amp; Heavy\" \/>\n<meta property=\"og:description\" content=\"Ce site web, propri\u00e9t\u00e9 de Transordizia High &amp; Heavy, garantit la protection totale des donn\u00e9es \u00e0 caract\u00e8re personnel fournies par nos usagers. Conform\u00e9ment \u00e0 la Loi Organique 15\/1999 relative a la Protection des Donn\u00e9es, nous vous informons que les donn\u00e9es personnelles fournies \u00e0 travers les formulaires du pr\u00e9sent site web ou \u00e0 travers des messages &hellip;\" \/>\n<meta property=\"og:url\" content=\"https:\/\/www.transordizia.com\/fr\/politique-confidentialite\/\" \/>\n<meta property=\"og:site_name\" content=\"Transordizia High &amp; Heavy\" \/>\n<meta property=\"article:modified_time\" content=\"2021-06-21T09:07:09+00:00\" \/>\n<meta name=\"twitter:card\" content=\"summary_large_image\" \/>\n<meta name=\"twitter:label1\" content=\"Dur\u00e9e de lecture estim\u00e9e\" \/>\n\t<meta name=\"twitter:data1\" content=\"1 minute\" \/>\n<script type=\"application\/ld+json\" class=\"yoast-schema-graph\">{\"@context\":\"https:\/\/schema.org\",\"@graph\":[{\"@type\":\"Organization\",\"@id\":\"https:\/\/www.transordizia.com\/#organization\",\"name\":\"TRANSORDIZIA High and Heavy\",\"url\":\"https:\/\/www.transordizia.com\/\",\"sameAs\":[],\"logo\":{\"@type\":\"ImageObject\",\"@id\":\"https:\/\/www.transordizia.com\/#logo\",\"inLanguage\":\"fr-FR\",\"url\":\"https:\/\/www.transordizia.com\/wp-content\/uploads\/2021\/06\/TRANSORDIZA-LOGISTIC-GROUP_page-0001-e1624349996162.jpg\",\"contentUrl\":\"https:\/\/www.transordizia.com\/wp-content\/uploads\/2021\/06\/TRANSORDIZA-LOGISTIC-GROUP_page-0001-e1624349996162.jpg\",\"width\":2481,\"height\":1754,\"caption\":\"TRANSORDIZIA High and Heavy\"},\"image\":{\"@id\":\"https:\/\/www.transordizia.com\/#logo\"}},{\"@type\":\"WebSite\",\"@id\":\"https:\/\/www.transordizia.com\/#website\",\"url\":\"https:\/\/www.transordizia.com\/\",\"name\":\"Transordizia High &amp; Heavy\",\"description\":\"\",\"publisher\":{\"@id\":\"https:\/\/www.transordizia.com\/#organization\"},\"potentialAction\":[{\"@type\":\"SearchAction\",\"target\":{\"@type\":\"EntryPoint\",\"urlTemplate\":\"https:\/\/www.transordizia.com\/?s={search_term_string}\"},\"query-input\":\"required name=search_term_string\"}],\"inLanguage\":\"fr-FR\"},{\"@type\":\"WebPage\",\"@id\":\"https:\/\/www.transordizia.com\/fr\/politique-confidentialite\/#webpage\",\"url\":\"https:\/\/www.transordizia.com\/fr\/politique-confidentialite\/\",\"name\":\"Politique de Confidentialit\u00e9 - Transordizia High &amp; Heavy\",\"isPartOf\":{\"@id\":\"https:\/\/www.transordizia.com\/#website\"},\"datePublished\":\"2021-04-22T11:22:29+00:00\",\"dateModified\":\"2021-06-21T09:07:09+00:00\",\"breadcrumb\":{\"@id\":\"https:\/\/www.transordizia.com\/fr\/politique-confidentialite\/#breadcrumb\"},\"inLanguage\":\"fr-FR\",\"potentialAction\":[{\"@type\":\"ReadAction\",\"target\":[\"https:\/\/www.transordizia.com\/fr\/politique-confidentialite\/\"]}]},{\"@type\":\"BreadcrumbList\",\"@id\":\"https:\/\/www.transordizia.com\/fr\/politique-confidentialite\/#breadcrumb\",\"itemListElement\":[{\"@type\":\"ListItem\",\"position\":1,\"name\":\"Portada\",\"item\":\"https:\/\/www.transordizia.com\/fr\/\"},{\"@type\":\"ListItem\",\"position\":2,\"name\":\"Politique de Confidentialit\u00e9\"}]}]}<\/script>\n<!-- \/ Yoast SEO plugin. -->","yoast_head_json":{"title":"Politique de Confidentialit\u00e9 - Transordizia High &amp; Heavy","robots":{"index":"index","follow":"follow","max-snippet":"max-snippet:-1","max-image-preview":"max-image-preview:large","max-video-preview":"max-video-preview:-1"},"canonical":"https:\/\/www.transordizia.com\/fr\/politique-confidentialite\/","og_locale":"fr_FR","og_type":"article","og_title":"Politique de Confidentialit\u00e9 - Transordizia High &amp; Heavy","og_description":"Ce site web, propri\u00e9t\u00e9 de Transordizia High &amp; Heavy, garantit la protection totale des donn\u00e9es \u00e0 caract\u00e8re personnel fournies par nos usagers. Conform\u00e9ment \u00e0 la Loi Organique 15\/1999 relative a la Protection des Donn\u00e9es, nous vous informons que les donn\u00e9es personnelles fournies \u00e0 travers les formulaires du pr\u00e9sent site web ou \u00e0 travers des messages &hellip;","og_url":"https:\/\/www.transordizia.com\/fr\/politique-confidentialite\/","og_site_name":"Transordizia High &amp; Heavy","article_modified_time":"2021-06-21T09:07:09+00:00","twitter_card":"summary_large_image","twitter_misc":{"Dur\u00e9e de lecture estim\u00e9e":"1 minute"},"schema":{"@context":"https:\/\/schema.org","@graph":[{"@type":"Organization","@id":"https:\/\/www.transordizia.com\/#organization","name":"TRANSORDIZIA High and Heavy","url":"https:\/\/www.transordizia.com\/","sameAs":[],"logo":{"@type":"ImageObject","@id":"https:\/\/www.transordizia.com\/#logo","inLanguage":"fr-FR","url":"https:\/\/www.transordizia.com\/wp-content\/uploads\/2021\/06\/TRANSORDIZA-LOGISTIC-GROUP_page-0001-e1624349996162.jpg","contentUrl":"https:\/\/www.transordizia.com\/wp-content\/uploads\/2021\/06\/TRANSORDIZA-LOGISTIC-GROUP_page-0001-e1624349996162.jpg","width":2481,"height":1754,"caption":"TRANSORDIZIA High and Heavy"},"image":{"@id":"https:\/\/www.transordizia.com\/#logo"}},{"@type":"WebSite","@id":"https:\/\/www.transordizia.com\/#website","url":"https:\/\/www.transordizia.com\/","name":"Transordizia High &amp; Heavy","description":"","publisher":{"@id":"https:\/\/www.transordizia.com\/#organization"},"potentialAction":[{"@type":"SearchAction","target":{"@type":"EntryPoint","urlTemplate":"https:\/\/www.transordizia.com\/?s={search_term_string}"},"query-input":"required name=search_term_string"}],"inLanguage":"fr-FR"},{"@type":"WebPage","@id":"https:\/\/www.transordizia.com\/fr\/politique-confidentialite\/#webpage","url":"https:\/\/www.transordizia.com\/fr\/politique-confidentialite\/","name":"Politique de Confidentialit\u00e9 - Transordizia High &amp; Heavy","isPartOf":{"@id":"https:\/\/www.transordizia.com\/#website"},"datePublished":"2021-04-22T11:22:29+00:00","dateModified":"2021-06-21T09:07:09+00:00","breadcrumb":{"@id":"https:\/\/www.transordizia.com\/fr\/politique-confidentialite\/#breadcrumb"},"inLanguage":"fr-FR","potentialAction":[{"@type":"ReadAction","target":["https:\/\/www.transordizia.com\/fr\/politique-confidentialite\/"]}]},{"@type":"BreadcrumbList","@id":"https:\/\/www.transordizia.com\/fr\/politique-confidentialite\/#breadcrumb","itemListElement":[{"@type":"ListItem","position":1,"name":"Portada","item":"https:\/\/www.transordizia.com\/fr\/"},{"@type":"ListItem","position":2,"name":"Politique de Confidentialit\u00e9"}]}]}},"_links":{"self":[{"href":"https:\/\/www.transordizia.com\/fr\/wp-json\/wp\/v2\/pages\/1449"}],"collection":[{"href":"https:\/\/www.transordizia.com\/fr\/wp-json\/wp\/v2\/pages"}],"about":[{"href":"https:\/\/www.transordizia.com\/fr\/wp-json\/wp\/v2\/types\/page"}],"author":[{"embeddable":true,"href":"https:\/\/www.transordizia.com\/fr\/wp-json\/wp\/v2\/users\/1"}],"replies":[{"embeddable":true,"href":"https:\/\/www.transordizia.com\/fr\/wp-json\/wp\/v2\/comments?post=1449"}],"version-history":[{"count":7,"href":"https:\/\/www.transordizia.com\/fr\/wp-json\/wp\/v2\/pages\/1449\/revisions"}],"predecessor-version":[{"id":2407,"href":"https:\/\/www.transordizia.com\/fr\/wp-json\/wp\/v2\/pages\/1449\/revisions\/2407"}],"wp:attachment":[{"href":"https:\/\/www.transordizia.com\/fr\/wp-json\/wp\/v2\/media?parent=1449"}],"curies":[{"name":"wp","href":"https:\/\/api.w.org\/{rel}","templated":true}]}}