{"id":1439,"date":"2021-04-28T13:09:50","date_gmt":"2021-04-28T11:09:50","guid":{"rendered":"https:\/\/www.transordizia.com\/wp\/environnement\/"},"modified":"2021-06-18T11:36:27","modified_gmt":"2021-06-18T09:36:27","slug":"environnement","status":"publish","type":"page","link":"https:\/\/www.transordizia.com\/fr\/environnement\/","title":{"rendered":"Environnement"},"content":{"rendered":"<div id=\"pl-1439\"  class=\"panel-layout\" ><div id=\"pg-1439-0\"  class=\"panel-grid panel-no-style\" ><div id=\"pgc-1439-0-0\"  class=\"panel-grid-cell\" ><div id=\"panel-1439-0-0-0\" class=\"so-panel widget widget_black-studio-tinymce widget_black_studio_tinymce panel-first-child panel-last-child\" data-index=\"0\" ><div class=\"textwidget\"><p>Il y a sept ans, Transordizia High and Heavy est entr\u00e9e dans le monde des v\u00e9hicules fonctionnant au gaz naturel. \u00ab\u2009Pour nous, le gaz est l\u2019avenir imm\u00e9diat du transport durable. C\u2019est moins cher et vous d\u00e9pensez moins. Il est vrai que le camion est plus cher, mais vous l\u2019amortissez aussi\u2009\u00bb, explique Fran, le pr\u00e9curseur du gaz dans la flotte de l\u2019entreprise. \u00c0 tel point qu\u2019\u00e0 l\u2019heure actuelle, on compte d\u00e9j\u00e0 37 v\u00e9hicules au gaz naturel liqu\u00e9fi\u00e9 sur les 110 camions.<\/p>\n<p>Comme si cela ne suffisait pas, les installations de l\u2019entreprise abritent la premi\u00e8re station-service de gaz \u00e0 r\u00e9servoir souterrain d\u2019Europe, avec un r\u00e9servoir d\u2019une capacit\u00e9 de 80 m\u00e8tres cubes.<\/p>\n<p>Pariant ainsi sur des \u00e9nergies durables et respectueuses de l\u2019environnement, qui r\u00e9duisent l\u2019impact des \u00e9missions polluantes par rapport aux combustibles fossiles.<\/p>\n<\/div><\/div><\/div><\/div><div id=\"pg-1439-1\"  class=\"panel-grid panel-no-style\" ><div id=\"pgc-1439-1-0\"  class=\"panel-grid-cell\" ><div id=\"panel-1439-1-0-0\" class=\"so-panel widget widget_media_image panel-first-child panel-last-child\" data-index=\"1\" ><img width=\"1024\" height=\"768\" src=\"https:\/\/www.transordizia.com\/wp-content\/uploads\/2021\/05\/05-1024x768.jpg\" class=\"image wp-image-1380  attachment-large size-large\" alt=\"\" loading=\"lazy\" style=\"max-width: 100%; height: auto;\" srcset=\"https:\/\/www.transordizia.com\/wp-content\/uploads\/2021\/05\/05-1024x768.jpg 1024w, https:\/\/www.transordizia.com\/wp-content\/uploads\/2021\/05\/05-300x225.jpg 300w, https:\/\/www.transordizia.com\/wp-content\/uploads\/2021\/05\/05-768x576.jpg 768w, https:\/\/www.transordizia.com\/wp-content\/uploads\/2021\/05\/05-1536x1152.jpg 1536w, https:\/\/www.transordizia.com\/wp-content\/uploads\/2021\/05\/05-2048x1536.jpg 2048w\" sizes=\"(max-width: 1024px) 100vw, 1024px\" \/><\/div><\/div><div id=\"pgc-1439-1-1\"  class=\"panel-grid-cell\" ><div id=\"panel-1439-1-1-0\" class=\"so-panel widget widget_media_image panel-first-child panel-last-child\" data-index=\"2\" ><img width=\"1024\" height=\"768\" src=\"https:\/\/www.transordizia.com\/wp-content\/uploads\/2021\/05\/IMG_5340-1024x768.jpg\" class=\"image wp-image-1381  attachment-large size-large\" alt=\"\" loading=\"lazy\" style=\"max-width: 100%; height: auto;\" srcset=\"https:\/\/www.transordizia.com\/wp-content\/uploads\/2021\/05\/IMG_5340-1024x768.jpg 1024w, https:\/\/www.transordizia.com\/wp-content\/uploads\/2021\/05\/IMG_5340-300x225.jpg 300w, https:\/\/www.transordizia.com\/wp-content\/uploads\/2021\/05\/IMG_5340-768x576.jpg 768w, https:\/\/www.transordizia.com\/wp-content\/uploads\/2021\/05\/IMG_5340-1536x1152.jpg 1536w, https:\/\/www.transordizia.com\/wp-content\/uploads\/2021\/05\/IMG_5340-2048x1536.jpg 2048w\" sizes=\"(max-width: 1024px) 100vw, 1024px\" \/><\/div><\/div><\/div><\/div>","protected":false},"excerpt":{"rendered":"<p>Il y a sept ans, Transordizia High and Heavy est entr\u00e9e dans le monde des v\u00e9hicules fonctionnant au gaz naturel. \u00ab\u2009Pour nous, le gaz est l\u2019avenir imm\u00e9diat du transport durable. C\u2019est moins cher et vous d\u00e9pensez moins. Il est vrai que le camion est plus cher, mais vous l\u2019amortissez aussi\u2009\u00bb, explique Fran, le pr\u00e9curseur du &hellip;<\/p>\n","protected":false},"author":1,"featured_media":0,"parent":0,"menu_order":0,"comment_status":"closed","ping_status":"closed","template":"","meta":{"_links_to":"","_links_to_target":""},"acf":[],"yoast_head":"<!-- This site is optimized with the Yoast SEO plugin v18.5.1 - https:\/\/yoast.com\/wordpress\/plugins\/seo\/ -->\n<title>Environnement - Transordizia High &amp; Heavy<\/title>\n<meta name=\"robots\" content=\"index, follow, max-snippet:-1, max-image-preview:large, max-video-preview:-1\" \/>\n<link rel=\"canonical\" href=\"https:\/\/www.transordizia.com\/fr\/environnement\/\" \/>\n<meta property=\"og:locale\" content=\"fr_FR\" \/>\n<meta property=\"og:type\" content=\"article\" \/>\n<meta property=\"og:title\" content=\"Environnement - Transordizia High &amp; Heavy\" \/>\n<meta property=\"og:description\" content=\"Il y a sept ans, Transordizia High and Heavy est entr\u00e9e dans le monde des v\u00e9hicules fonctionnant au gaz naturel. \u00ab\u2009Pour nous, le gaz est l\u2019avenir imm\u00e9diat du transport durable. C\u2019est moins cher et vous d\u00e9pensez moins. Il est vrai que le camion est plus cher, mais vous l\u2019amortissez aussi\u2009\u00bb, explique Fran, le pr\u00e9curseur du &hellip;\" \/>\n<meta property=\"og:url\" content=\"https:\/\/www.transordizia.com\/fr\/environnement\/\" \/>\n<meta property=\"og:site_name\" content=\"Transordizia High &amp; Heavy\" \/>\n<meta property=\"article:modified_time\" content=\"2021-06-18T09:36:27+00:00\" \/>\n<meta name=\"twitter:card\" content=\"summary_large_image\" \/>\n<meta name=\"twitter:label1\" content=\"Dur\u00e9e de lecture estim\u00e9e\" \/>\n\t<meta name=\"twitter:data1\" content=\"1 minute\" \/>\n<script type=\"application\/ld+json\" class=\"yoast-schema-graph\">{\"@context\":\"https:\/\/schema.org\",\"@graph\":[{\"@type\":\"Organization\",\"@id\":\"https:\/\/www.transordizia.com\/#organization\",\"name\":\"TRANSORDIZIA High and Heavy\",\"url\":\"https:\/\/www.transordizia.com\/\",\"sameAs\":[],\"logo\":{\"@type\":\"ImageObject\",\"@id\":\"https:\/\/www.transordizia.com\/#logo\",\"inLanguage\":\"fr-FR\",\"url\":\"https:\/\/www.transordizia.com\/wp-content\/uploads\/2021\/06\/TRANSORDIZA-LOGISTIC-GROUP_page-0001-e1624349996162.jpg\",\"contentUrl\":\"https:\/\/www.transordizia.com\/wp-content\/uploads\/2021\/06\/TRANSORDIZA-LOGISTIC-GROUP_page-0001-e1624349996162.jpg\",\"width\":2481,\"height\":1754,\"caption\":\"TRANSORDIZIA High and Heavy\"},\"image\":{\"@id\":\"https:\/\/www.transordizia.com\/#logo\"}},{\"@type\":\"WebSite\",\"@id\":\"https:\/\/www.transordizia.com\/#website\",\"url\":\"https:\/\/www.transordizia.com\/\",\"name\":\"Transordizia High &amp; Heavy\",\"description\":\"\",\"publisher\":{\"@id\":\"https:\/\/www.transordizia.com\/#organization\"},\"potentialAction\":[{\"@type\":\"SearchAction\",\"target\":{\"@type\":\"EntryPoint\",\"urlTemplate\":\"https:\/\/www.transordizia.com\/?s={search_term_string}\"},\"query-input\":\"required name=search_term_string\"}],\"inLanguage\":\"fr-FR\"},{\"@type\":\"WebPage\",\"@id\":\"https:\/\/www.transordizia.com\/fr\/environnement\/#webpage\",\"url\":\"https:\/\/www.transordizia.com\/fr\/environnement\/\",\"name\":\"Environnement - Transordizia High &amp; Heavy\",\"isPartOf\":{\"@id\":\"https:\/\/www.transordizia.com\/#website\"},\"datePublished\":\"2021-04-28T11:09:50+00:00\",\"dateModified\":\"2021-06-18T09:36:27+00:00\",\"breadcrumb\":{\"@id\":\"https:\/\/www.transordizia.com\/fr\/environnement\/#breadcrumb\"},\"inLanguage\":\"fr-FR\",\"potentialAction\":[{\"@type\":\"ReadAction\",\"target\":[\"https:\/\/www.transordizia.com\/fr\/environnement\/\"]}]},{\"@type\":\"BreadcrumbList\",\"@id\":\"https:\/\/www.transordizia.com\/fr\/environnement\/#breadcrumb\",\"itemListElement\":[{\"@type\":\"ListItem\",\"position\":1,\"name\":\"Portada\",\"item\":\"https:\/\/www.transordizia.com\/fr\/\"},{\"@type\":\"ListItem\",\"position\":2,\"name\":\"Environnement\"}]}]}<\/script>\n<!-- \/ Yoast SEO plugin. -->","yoast_head_json":{"title":"Environnement - Transordizia High &amp; Heavy","robots":{"index":"index","follow":"follow","max-snippet":"max-snippet:-1","max-image-preview":"max-image-preview:large","max-video-preview":"max-video-preview:-1"},"canonical":"https:\/\/www.transordizia.com\/fr\/environnement\/","og_locale":"fr_FR","og_type":"article","og_title":"Environnement - Transordizia High &amp; Heavy","og_description":"Il y a sept ans, Transordizia High and Heavy est entr\u00e9e dans le monde des v\u00e9hicules fonctionnant au gaz naturel. \u00ab\u2009Pour nous, le gaz est l\u2019avenir imm\u00e9diat du transport durable. C\u2019est moins cher et vous d\u00e9pensez moins. Il est vrai que le camion est plus cher, mais vous l\u2019amortissez aussi\u2009\u00bb, explique Fran, le pr\u00e9curseur du &hellip;","og_url":"https:\/\/www.transordizia.com\/fr\/environnement\/","og_site_name":"Transordizia High &amp; Heavy","article_modified_time":"2021-06-18T09:36:27+00:00","twitter_card":"summary_large_image","twitter_misc":{"Dur\u00e9e de lecture estim\u00e9e":"1 minute"},"schema":{"@context":"https:\/\/schema.org","@graph":[{"@type":"Organization","@id":"https:\/\/www.transordizia.com\/#organization","name":"TRANSORDIZIA High and Heavy","url":"https:\/\/www.transordizia.com\/","sameAs":[],"logo":{"@type":"ImageObject","@id":"https:\/\/www.transordizia.com\/#logo","inLanguage":"fr-FR","url":"https:\/\/www.transordizia.com\/wp-content\/uploads\/2021\/06\/TRANSORDIZA-LOGISTIC-GROUP_page-0001-e1624349996162.jpg","contentUrl":"https:\/\/www.transordizia.com\/wp-content\/uploads\/2021\/06\/TRANSORDIZA-LOGISTIC-GROUP_page-0001-e1624349996162.jpg","width":2481,"height":1754,"caption":"TRANSORDIZIA High and Heavy"},"image":{"@id":"https:\/\/www.transordizia.com\/#logo"}},{"@type":"WebSite","@id":"https:\/\/www.transordizia.com\/#website","url":"https:\/\/www.transordizia.com\/","name":"Transordizia High &amp; Heavy","description":"","publisher":{"@id":"https:\/\/www.transordizia.com\/#organization"},"potentialAction":[{"@type":"SearchAction","target":{"@type":"EntryPoint","urlTemplate":"https:\/\/www.transordizia.com\/?s={search_term_string}"},"query-input":"required name=search_term_string"}],"inLanguage":"fr-FR"},{"@type":"WebPage","@id":"https:\/\/www.transordizia.com\/fr\/environnement\/#webpage","url":"https:\/\/www.transordizia.com\/fr\/environnement\/","name":"Environnement - Transordizia High &amp; Heavy","isPartOf":{"@id":"https:\/\/www.transordizia.com\/#website"},"datePublished":"2021-04-28T11:09:50+00:00","dateModified":"2021-06-18T09:36:27+00:00","breadcrumb":{"@id":"https:\/\/www.transordizia.com\/fr\/environnement\/#breadcrumb"},"inLanguage":"fr-FR","potentialAction":[{"@type":"ReadAction","target":["https:\/\/www.transordizia.com\/fr\/environnement\/"]}]},{"@type":"BreadcrumbList","@id":"https:\/\/www.transordizia.com\/fr\/environnement\/#breadcrumb","itemListElement":[{"@type":"ListItem","position":1,"name":"Portada","item":"https:\/\/www.transordizia.com\/fr\/"},{"@type":"ListItem","position":2,"name":"Environnement"}]}]}},"_links":{"self":[{"href":"https:\/\/www.transordizia.com\/fr\/wp-json\/wp\/v2\/pages\/1439"}],"collection":[{"href":"https:\/\/www.transordizia.com\/fr\/wp-json\/wp\/v2\/pages"}],"about":[{"href":"https:\/\/www.transordizia.com\/fr\/wp-json\/wp\/v2\/types\/page"}],"author":[{"embeddable":true,"href":"https:\/\/www.transordizia.com\/fr\/wp-json\/wp\/v2\/users\/1"}],"replies":[{"embeddable":true,"href":"https:\/\/www.transordizia.com\/fr\/wp-json\/wp\/v2\/comments?post=1439"}],"version-history":[{"count":19,"href":"https:\/\/www.transordizia.com\/fr\/wp-json\/wp\/v2\/pages\/1439\/revisions"}],"predecessor-version":[{"id":2327,"href":"https:\/\/www.transordizia.com\/fr\/wp-json\/wp\/v2\/pages\/1439\/revisions\/2327"}],"wp:attachment":[{"href":"https:\/\/www.transordizia.com\/fr\/wp-json\/wp\/v2\/media?parent=1439"}],"curies":[{"name":"wp","href":"https:\/\/api.w.org\/{rel}","templated":true}]}}