{"id":1903,"date":"2015-04-14T10:13:09","date_gmt":"2015-04-14T08:13:09","guid":{"rendered":"https:\/\/www.transordizia.com\/wp\/home-2\/"},"modified":"2021-07-19T13:28:09","modified_gmt":"2021-07-19T11:28:09","slug":"anfang","status":"publish","type":"page","link":"https:\/\/www.transordizia.com\/de\/","title":{"rendered":"Anfang"},"content":{"rendered":"<div id=\"pl-1903\"  class=\"panel-layout\" ><div id=\"pg-1903-0\"  class=\"panel-grid panel-no-style\" ><div id=\"pgc-1903-0-0\"  class=\"panel-grid-cell panel-grid-cell-empty\" ><\/div><\/div><div id=\"pg-1903-1\"  class=\"panel-grid panel-no-style\" ><div id=\"pgc-1903-1-0\"  class=\"panel-grid-cell panel-grid-cell-empty\" ><\/div><\/div><div id=\"pg-1903-2\"  class=\"panel-grid panel-has-style\" ><div class=\"jumbotron-overlap panel-row-style panel-row-style-for-1903-2\" ><div id=\"pgc-1903-2-0\"  class=\"panel-grid-cell\" ><div id=\"panel-1903-2-0-0\" class=\"so-panel widget widget_black-studio-tinymce widget_black_studio_tinymce panel-first-child panel-last-child\" data-index=\"0\" ><div class=\"featured-widget panel-widget-style panel-widget-style-for-1903-2-0-0\" ><h3 class=\"widget-title\"><span class=\"widget-title__inline\">TRANSORDIZIA<\/span><\/h3><div class=\"textwidget\"><p>Seit 1989 widmet sich TRANSORDIZIA High and Heavy der logistischen Distribution von Nutzfahrzeugen und Bussen in ganz Europa. Unter den Kunden befinden sich namhafte Fahrzeug- und Karosseriebauer Europas.<\/p>\n<p><strong><a class=\"read-more\" href=\"\/de\/unternehmen\/\">MEHR LEEN<\/a><\/strong><\/p>\n<\/div><\/div><\/div><\/div><div id=\"pgc-1903-2-1\"  class=\"panel-grid-cell\" ><div id=\"panel-1903-2-1-0\" class=\"so-panel widget widget_pw_featured_page widget-featured-page panel-first-child panel-last-child\" data-index=\"1\" >\n\n\t<div class=\"page-box  page-box--block\">\n\t\t\t<a class=\"page-box__picture\" href=\"https:\/\/www.transordizia.com\/de\/leistungen\/nutzfahrzeuge\/\"><img src=\"https:\/\/www.transordizia.com\/wp-content\/uploads\/2021\/05\/03-min-360x240.jpg\" width=\"360\" height=\"240\" srcset=\"https:\/\/www.transordizia.com\/wp-content\/uploads\/2021\/05\/03-min-360x240.jpg 360w, https:\/\/www.transordizia.com\/wp-content\/uploads\/2021\/05\/03-min-scaled.jpg 2560w\" sizes=\"(min-width: 992px) 360px, calc(100vw - 30px)\" class=\"wp-post-image\" alt=\"Nutzfahrzeuge\"><\/a>\n\t\t<div class=\"page-box__content\">\n\t\t\t<h5 class=\"page-box__title  text-uppercase\"><a href=\"https:\/\/www.transordizia.com\/de\/leistungen\/nutzfahrzeuge\/\">Nutzfahrzeuge<\/a><\/h5>\n\t\t\t<p>TRANSORDIZIA High and Heavy transportiert Nutzfahrzeuge der wichtigsten Hersteller (Man, Iveco, Scania, Volvo Turcks, Renault und Mercedes-Benz) f\u00fcr den Vertrieb in ganz Europa. 2020 wurden 25.000 Einheiten auf \u00fcber 15 Millionen Kilometern &hellip;<\/p>\n\t\t\t\t<p><a href=\"https:\/\/www.transordizia.com\/de\/leistungen\/nutzfahrzeuge\/\" class=\"read-more  read-more--page-box\">\ufeffMEHR LESEN\ufeff<\/a><\/p>\n\t\t<\/div>\n\t<\/div>\n\n<\/div><\/div><div id=\"pgc-1903-2-2\"  class=\"panel-grid-cell\" ><div id=\"panel-1903-2-2-0\" class=\"so-panel widget widget_pw_featured_page widget-featured-page panel-first-child panel-last-child\" data-index=\"2\" >\n\n\t<div class=\"page-box  page-box--block\">\n\t\t\t<a class=\"page-box__picture\" href=\"https:\/\/www.transordizia.com\/de\/leistungen\/autobusse\/\"><img src=\"https:\/\/www.transordizia.com\/wp-content\/uploads\/2021\/04\/15-360x240.jpg\" width=\"360\" height=\"240\" srcset=\"https:\/\/www.transordizia.com\/wp-content\/uploads\/2021\/04\/15-360x240.jpg 360w, https:\/\/www.transordizia.com\/wp-content\/uploads\/2021\/04\/15-scaled.jpg 2560w\" sizes=\"(min-width: 992px) 360px, calc(100vw - 30px)\" class=\"wp-post-image\" alt=\"Autobusse\"><\/a>\n\t\t<div class=\"page-box__content\">\n\t\t\t<h5 class=\"page-box__title  text-uppercase\"><a href=\"https:\/\/www.transordizia.com\/de\/leistungen\/autobusse\/\">Autobusse<\/a><\/h5>\n\t\t\t<p>TRANSORDIZIA High and Heavy erf\u00fcllt es mit Stolz, eine f\u00fchrende Rolle im Transport von Autobussen einzunehmen, sowohl f\u00fcr Karosserien als auch f\u00fcr Komplettfahrzeuge, einschlie\u00dflich st\u00e4dtische Gelenkbusse. Daf\u00fcr hat das Unternehmen modernste &hellip;<\/p>\n\t\t\t\t<p><a href=\"https:\/\/www.transordizia.com\/de\/leistungen\/autobusse\/\" class=\"read-more  read-more--page-box\">\ufeffMEHR LESEN\ufeff<\/a><\/p>\n\t\t<\/div>\n\t<\/div>\n\n<\/div><\/div><div id=\"pgc-1903-2-3\"  class=\"panel-grid-cell\" ><div id=\"panel-1903-2-3-0\" class=\"so-panel widget widget_pw_featured_page widget-featured-page panel-first-child panel-last-child\" data-index=\"3\" >\n\n\t<div class=\"page-box  page-box--block\">\n\t\t\t<a class=\"page-box__picture\" href=\"https:\/\/www.transordizia.com\/de\/leistungen\/wartung-von-nutzfahrzeugen\/\"><img src=\"https:\/\/www.transordizia.com\/wp-content\/uploads\/2021\/06\/portabask-Instalaciones-3_web-1-360x240.jpg\" width=\"360\" height=\"240\" srcset=\"https:\/\/www.transordizia.com\/wp-content\/uploads\/2021\/06\/portabask-Instalaciones-3_web-1-360x240.jpg 360w, https:\/\/www.transordizia.com\/wp-content\/uploads\/2021\/06\/portabask-Instalaciones-3_web-1.jpg 800w\" sizes=\"(min-width: 992px) 360px, calc(100vw - 30px)\" class=\"wp-post-image\" alt=\"Wartung von Nutzfahrzeugen\"><\/a>\n\t\t<div class=\"page-box__content\">\n\t\t\t<h5 class=\"page-box__title  text-uppercase\"><a href=\"https:\/\/www.transordizia.com\/de\/leistungen\/wartung-von-nutzfahrzeugen\/\">Wartung von Nutzfahrzeugen<\/a><\/h5>\n\t\t\t<p>Wir verf\u00fcgen \u00fcber eine eigene Werkstatt mit neuster Anlagentechnik f\u00fcr Flottenwartung und Au\u00dfenarbeiten. Werkstatt und Sitz des Unternehmens befinden sich in ZAISA III, Zentrum f\u00fcr Transportdienstleistungen, nur 200 Meter von der franz\u00f6sischen &hellip;<\/p>\n\t\t\t\t<p><a href=\"https:\/\/www.transordizia.com\/de\/leistungen\/wartung-von-nutzfahrzeugen\/\" class=\"read-more  read-more--page-box\">\ufeffMEHR LESEN\ufeff<\/a><\/p>\n\t\t<\/div>\n\t<\/div>\n\n<\/div><\/div><\/div><\/div><div id=\"pg-1903-3\"  class=\"panel-grid panel-has-style\" ><div class=\"siteorigin-panels-stretch panel-row-style panel-row-style-for-1903-3\" data-stretch-type=\"full\" ><div id=\"pgc-1903-3-0\"  class=\"panel-grid-cell\" ><div id=\"panel-1903-3-0-0\" class=\"so-panel widget widget_pw_latest_news widget-latest-news panel-first-child panel-last-child\" data-index=\"4\" >\n\n\t\t\t<a href=\"https:\/\/www.scania.com\/es\/es\/home\/experience-scania\/news-and-events\/News\/archive\/2020\/06\/primer-Scania-portavehiculos-GNL-transordizia.html\" class=\"latest-news  latest-news--block\">\n\t\t\t\t<div class=\"latest-news__date\">\n\t\t\t\t\t<div class=\"latest-news__date__month\">\n\t\t\t\t\t\tMai\n\t\t\t\t\t<\/div>\n\t\t\t\t\t<div class=\"latest-news__date__day\">\n\t\t\t\t\t\t3\n\t\t\t\t\t<\/div>\n\t\t\t\t<\/div>\n\t\t\t\t<div class=\"latest-news__image\">\n\t\t\t\t\t<img src=\"https:\/\/www.transordizia.com\/wp-content\/uploads\/2021\/05\/scania-360x204.png\" width=\"360\" height=\"204\" srcset=\"https:\/\/www.transordizia.com\/wp-content\/uploads\/2021\/05\/scania-360x204.png 360w, https:\/\/www.transordizia.com\/wp-content\/uploads\/2021\/05\/scania.png 1666w\" sizes=\"(min-width: 781px) 360px, calc(100vw - 30px)\" class=\"wp-post-image\" alt=\"El primer Scania portaveh\u00edculos adaptado de GNL de Europa lo tiene Transordizia\">\n\t\t\t\t<\/div>\n\n\t\t\t\t<div class=\"latest-news__content\">\n\t\t\t\t\t<h4 class=\"latest-news__title\">El primer Scania portaveh\u00edculos adaptado de GNL de Europa lo tiene Transordizia<\/h4>\n\t\t\t\t\t<div class=\"latest-news__author\">\n\t\t\t\t\t\tVon Transordizia\n\t\t\t\t\t<\/div>\n\t\t\t\t<\/div>\n\t\t\t<\/a>\n\n\n<\/div><\/div><div id=\"pgc-1903-3-1\"  class=\"panel-grid-cell\" ><div id=\"panel-1903-3-1-0\" class=\"so-panel widget widget_pw_latest_news widget-latest-news panel-first-child panel-last-child\" data-index=\"5\" >\n\n\t\t\t<a href=\"https:\/\/www.ham.es\/proyecto-yellow-tanque-soterrado-gnl-gnc\/\" class=\"latest-news  latest-news--block\">\n\t\t\t\t<div class=\"latest-news__date\">\n\t\t\t\t\t<div class=\"latest-news__date__month\">\n\t\t\t\t\t\tMai\n\t\t\t\t\t<\/div>\n\t\t\t\t\t<div class=\"latest-news__date__day\">\n\t\t\t\t\t\t3\n\t\t\t\t\t<\/div>\n\t\t\t\t<\/div>\n\t\t\t\t<div class=\"latest-news__image\">\n\t\t\t\t\t<img src=\"https:\/\/www.transordizia.com\/wp-content\/uploads\/2021\/05\/Captura-de-pantalla-de-2021-05-03-09-56-04-360x204.png\" width=\"360\" height=\"204\" srcset=\"https:\/\/www.transordizia.com\/wp-content\/uploads\/2021\/05\/Captura-de-pantalla-de-2021-05-03-09-56-04-360x204.png 360w, https:\/\/www.transordizia.com\/wp-content\/uploads\/2021\/05\/Captura-de-pantalla-de-2021-05-03-09-56-04.png 1231w\" sizes=\"(min-width: 781px) 360px, calc(100vw - 30px)\" class=\"wp-post-image\" alt=\"Pioneros en Europa apostando por Gasineras GNL-GNC con dep\u00f3sito soterrado\">\n\t\t\t\t<\/div>\n\n\t\t\t\t<div class=\"latest-news__content\">\n\t\t\t\t\t<h4 class=\"latest-news__title\">Pioneros en Europa apostando por Gasineras GNL-GNC con dep\u00f3sito soterrado<\/h4>\n\t\t\t\t\t<div class=\"latest-news__author\">\n\t\t\t\t\t\tVon Transordizia\n\t\t\t\t\t<\/div>\n\t\t\t\t<\/div>\n\t\t\t<\/a>\n\n\n<\/div><\/div><div id=\"pgc-1903-3-2\"  class=\"panel-grid-cell\" ><div id=\"panel-1903-3-2-0\" class=\"so-panel widget widget_pw_latest_news widget-latest-news panel-first-child panel-last-child\" data-index=\"6\" >\n\n\n\t\t\t<a href=\"https:\/\/solocamion.es\/transordizia-portavehiculos-pesados-siempre-un-paso-por-delante\/\" class=\"latest-news  latest-news--inline\">\n\t\t\t\t<div class=\"latest-news__content\">\n\t\t\t\t\t<h4 class=\"latest-news__title\">Transordizia, portaveh\u00edculos pesados; siempre un paso por delante<\/h4>\n\t\t\t\t\t\t<div class=\"latest-news__author\">\n\t\t\t\t\t\t\tVon Transordizia\n\t\t\t\t\t\t<\/div>\n\t\t\t\t<\/div>\n\t\t\t<\/a>\n\t\t\t<a href=\"http:\/\/www.todotransporte.com\/transordizia-hace-un-pedido-de-20-iveco-stralis-natural-power-de-gas-natural\/\" class=\"latest-news  latest-news--inline\">\n\t\t\t\t<div class=\"latest-news__content\">\n\t\t\t\t\t<h4 class=\"latest-news__title\">Transordizia compra a Iveco 20 Stralis Natural Power de gas natural licuado<\/h4>\n\t\t\t\t\t\t<div class=\"latest-news__author\">\n\t\t\t\t\t\t\tVon Transordizia\n\t\t\t\t\t\t<\/div>\n\t\t\t\t<\/div>\n\t\t\t<\/a>\n\t\t\t<a href=\"http:\/\/www.todotransporte.com\/transordizia-instala-un-surtidor-de-gnl-en-su-base-de-irun\/\" class=\"latest-news  latest-news--inline\">\n\t\t\t\t<div class=\"latest-news__content\">\n\t\t\t\t\t<h4 class=\"latest-news__title\">Transordizia instala un surtidor de GNL en su base de Ir\u00fan<\/h4>\n\t\t\t\t\t\t<div class=\"latest-news__author\">\n\t\t\t\t\t\t\tVon Transordizia\n\t\t\t\t\t\t<\/div>\n\t\t\t\t<\/div>\n\t\t\t<\/a>\n\n\t\t\t<a href=\"https:\/\/www.transordizia.com\/de\/aktuelles\/\" class=\"latest-news  latest-news--more-news\">\n\t\t\t\tWeitere Nachrichten\n\t\t\t<\/a>\n\n<\/div><\/div><\/div><\/div><div id=\"pg-1903-4\"  class=\"panel-grid panel-no-style\" ><div id=\"pgc-1903-4-0\"  class=\"panel-grid-cell panel-grid-cell-empty\" ><\/div><\/div><div id=\"pg-1903-5\"  class=\"panel-grid panel-no-style\" ><div id=\"pgc-1903-5-0\"  class=\"panel-grid-cell panel-grid-cell-empty\" ><\/div><\/div><div id=\"pg-1903-6\"  class=\"panel-grid panel-no-style\" ><div id=\"pgc-1903-6-0\"  class=\"panel-grid-cell\" ><div id=\"panel-1903-6-0-0\" class=\"so-panel widget widget_sow-image panel-first-child panel-last-child\" data-index=\"7\" ><div class=\"so-widget-sow-image so-widget-sow-image-default-17bc2272b535-1903\">\n\n<div class=\"sow-image-container\">\n\t\t\t<a\n\t\t\thref=\"http:\/\/www.fms-fahrzeugbau.de\/#\/en\/home\"\n\t\t\ttarget=\"_blank\" rel=\"noopener noreferrer\" \t\t>\n\t\t\t<img src=\"https:\/\/www.transordizia.com\/wp-content\/uploads\/2021\/04\/FMS.jpg\" width=\"150\" height=\"54\" sizes=\"(max-width: 150px) 100vw, 150px\" alt=\"\" loading=\"lazy\" \t\tclass=\"so-widget-image\"\/>\n\t<\/a><\/div>\n\n<\/div><\/div><\/div><div id=\"pgc-1903-6-1\"  class=\"panel-grid-cell\" ><div id=\"panel-1903-6-1-0\" class=\"so-panel widget widget_sow-image panel-first-child panel-last-child\" data-index=\"8\" ><div class=\"so-widget-sow-image so-widget-sow-image-default-17bc2272b535-1903\">\n\n<div class=\"sow-image-container\">\n\t\t\t<a\n\t\t\thref=\"https:\/\/www.tuvsud.com\/en\"\n\t\t\ttarget=\"_blank\" rel=\"noopener noreferrer\" \t\t>\n\t\t\t<img src=\"https:\/\/www.transordizia.com\/wp-content\/uploads\/2021\/04\/TUV-e1619695903570.jpg\" width=\"150\" height=\"55\" srcset=\"https:\/\/www.transordizia.com\/wp-content\/uploads\/2021\/04\/TUV-e1619695903570.jpg 319w, https:\/\/www.transordizia.com\/wp-content\/uploads\/2021\/04\/TUV-e1619695903570-300x111.jpg 300w\" sizes=\"(max-width: 150px) 100vw, 150px\" title=\"TUV\" alt=\"\" loading=\"lazy\" \t\tclass=\"so-widget-image\"\/>\n\t<\/a><\/div>\n\n<\/div><\/div><\/div><div id=\"pgc-1903-6-2\"  class=\"panel-grid-cell\" ><div id=\"panel-1903-6-2-0\" class=\"so-panel widget widget_sow-image panel-first-child panel-last-child\" data-index=\"9\" ><div class=\"so-widget-sow-image so-widget-sow-image-default-17bc2272b535-1903\">\n\n<div class=\"sow-image-container\">\n\t\t\t<a\n\t\t\thref=\"https:\/\/www.rolfo.it\/it\/en\"\n\t\t\ttarget=\"_blank\" rel=\"noopener noreferrer\" \t\t>\n\t\t\t<img src=\"https:\/\/www.transordizia.com\/wp-content\/uploads\/2021\/04\/ROLFO.jpg\" width=\"150\" height=\"34\" sizes=\"(max-width: 150px) 100vw, 150px\" alt=\"\" loading=\"lazy\" \t\tclass=\"so-widget-image\"\/>\n\t<\/a><\/div>\n\n<\/div><\/div><\/div><\/div><div id=\"pg-1903-7\"  class=\"panel-grid panel-no-style\" ><div id=\"pgc-1903-7-0\"  class=\"panel-grid-cell panel-grid-cell-empty\" ><\/div><\/div><\/div>","protected":false},"excerpt":{"rendered":"<p>TRANSORDIZIASeit 1989 widmet sich TRANSORDIZIA High and Heavy der logistischen Distribution von Nutzfahrzeugen und Bussen in ganz Europa. Unter den Kunden befinden sich namhafte Fahrzeug- und Karosseriebauer Europas. MEHR LEEN Nutzfahrzeuge TRANSORDIZIA High and Heavy transportiert Nutzfahrzeuge der wichtigsten Hersteller (Man, Iveco, Scania, Volvo Turcks, Renault und Mercedes-Benz) f\u00fcr den Vertrieb in ganz Europa. 2020 &hellip;<\/p>\n","protected":false},"author":1,"featured_media":0,"parent":0,"menu_order":0,"comment_status":"closed","ping_status":"open","template":"template-front-page-slider.php","meta":{"_links_to":"","_links_to_target":""},"acf":[],"yoast_head":"<!-- This site is optimized with the Yoast SEO plugin v18.5.1 - https:\/\/yoast.com\/wordpress\/plugins\/seo\/ -->\n<title>Transordizia High &amp; Heavy<\/title>\n<meta name=\"description\" content=\"Seit 1989 widmet sich TRANSORDIZIA High and Heavy der logistischen Distribution von Nutzfahrzeugen und Bussen...\" \/>\n<meta name=\"robots\" content=\"index, follow, max-snippet:-1, max-image-preview:large, max-video-preview:-1\" \/>\n<link rel=\"canonical\" href=\"https:\/\/www.transordizia.com\/de\/\" \/>\n<meta property=\"og:locale\" content=\"de_DE\" \/>\n<meta property=\"og:type\" content=\"article\" \/>\n<meta property=\"og:title\" content=\"Transordizia High &amp; Heavy\" \/>\n<meta property=\"og:description\" content=\"Seit 1989 widmet sich TRANSORDIZIA High and Heavy der logistischen Distribution von Nutzfahrzeugen und Bussen...\" \/>\n<meta property=\"og:url\" content=\"https:\/\/www.transordizia.com\/de\/\" \/>\n<meta property=\"og:site_name\" content=\"Transordizia High &amp; Heavy\" \/>\n<meta property=\"article:modified_time\" content=\"2021-07-19T11:28:09+00:00\" \/>\n<meta name=\"twitter:card\" content=\"summary_large_image\" \/>\n<meta name=\"twitter:label1\" content=\"Gesch\u00e4tzte Lesezeit\" \/>\n\t<meta name=\"twitter:data1\" content=\"1 Minute\" \/>\n<script type=\"application\/ld+json\" class=\"yoast-schema-graph\">{\"@context\":\"https:\/\/schema.org\",\"@graph\":[{\"@type\":\"Organization\",\"@id\":\"https:\/\/www.transordizia.com\/#organization\",\"name\":\"TRANSORDIZIA High and Heavy\",\"url\":\"https:\/\/www.transordizia.com\/\",\"sameAs\":[],\"logo\":{\"@type\":\"ImageObject\",\"@id\":\"https:\/\/www.transordizia.com\/#logo\",\"inLanguage\":\"de-DE\",\"url\":\"https:\/\/www.transordizia.com\/wp-content\/uploads\/2021\/06\/TRANSORDIZA-LOGISTIC-GROUP_page-0001-e1624349996162.jpg\",\"contentUrl\":\"https:\/\/www.transordizia.com\/wp-content\/uploads\/2021\/06\/TRANSORDIZA-LOGISTIC-GROUP_page-0001-e1624349996162.jpg\",\"width\":2481,\"height\":1754,\"caption\":\"TRANSORDIZIA High and Heavy\"},\"image\":{\"@id\":\"https:\/\/www.transordizia.com\/#logo\"}},{\"@type\":\"WebSite\",\"@id\":\"https:\/\/www.transordizia.com\/#website\",\"url\":\"https:\/\/www.transordizia.com\/\",\"name\":\"Transordizia High &amp; Heavy\",\"description\":\"\",\"publisher\":{\"@id\":\"https:\/\/www.transordizia.com\/#organization\"},\"potentialAction\":[{\"@type\":\"SearchAction\",\"target\":{\"@type\":\"EntryPoint\",\"urlTemplate\":\"https:\/\/www.transordizia.com\/?s={search_term_string}\"},\"query-input\":\"required name=search_term_string\"}],\"inLanguage\":\"de-DE\"},{\"@type\":\"WebPage\",\"@id\":\"https:\/\/www.transordizia.com\/de\/#webpage\",\"url\":\"https:\/\/www.transordizia.com\/de\/\",\"name\":\"Transordizia High &amp; Heavy\",\"isPartOf\":{\"@id\":\"https:\/\/www.transordizia.com\/#website\"},\"datePublished\":\"2015-04-14T08:13:09+00:00\",\"dateModified\":\"2021-07-19T11:28:09+00:00\",\"description\":\"Seit 1989 widmet sich TRANSORDIZIA High and Heavy der logistischen Distribution von Nutzfahrzeugen und Bussen...\",\"breadcrumb\":{\"@id\":\"https:\/\/www.transordizia.com\/de\/#breadcrumb\"},\"inLanguage\":\"de-DE\",\"potentialAction\":[{\"@type\":\"ReadAction\",\"target\":[\"https:\/\/www.transordizia.com\/de\/\"]}]},{\"@type\":\"BreadcrumbList\",\"@id\":\"https:\/\/www.transordizia.com\/de\/#breadcrumb\",\"itemListElement\":[{\"@type\":\"ListItem\",\"position\":1,\"name\":\"Portada\",\"item\":\"https:\/\/www.transordizia.com\/de\/\"},{\"@type\":\"ListItem\",\"position\":2,\"name\":\"Anfang\"}]}]}<\/script>\n<!-- \/ Yoast SEO plugin. -->","yoast_head_json":{"title":"Transordizia High &amp; Heavy","description":"Seit 1989 widmet sich TRANSORDIZIA High and Heavy der logistischen Distribution von Nutzfahrzeugen und Bussen...","robots":{"index":"index","follow":"follow","max-snippet":"max-snippet:-1","max-image-preview":"max-image-preview:large","max-video-preview":"max-video-preview:-1"},"canonical":"https:\/\/www.transordizia.com\/de\/","og_locale":"de_DE","og_type":"article","og_title":"Transordizia High &amp; Heavy","og_description":"Seit 1989 widmet sich TRANSORDIZIA High and Heavy der logistischen Distribution von Nutzfahrzeugen und Bussen...","og_url":"https:\/\/www.transordizia.com\/de\/","og_site_name":"Transordizia High &amp; Heavy","article_modified_time":"2021-07-19T11:28:09+00:00","twitter_card":"summary_large_image","twitter_misc":{"Gesch\u00e4tzte Lesezeit":"1 Minute"},"schema":{"@context":"https:\/\/schema.org","@graph":[{"@type":"Organization","@id":"https:\/\/www.transordizia.com\/#organization","name":"TRANSORDIZIA High and Heavy","url":"https:\/\/www.transordizia.com\/","sameAs":[],"logo":{"@type":"ImageObject","@id":"https:\/\/www.transordizia.com\/#logo","inLanguage":"de-DE","url":"https:\/\/www.transordizia.com\/wp-content\/uploads\/2021\/06\/TRANSORDIZA-LOGISTIC-GROUP_page-0001-e1624349996162.jpg","contentUrl":"https:\/\/www.transordizia.com\/wp-content\/uploads\/2021\/06\/TRANSORDIZA-LOGISTIC-GROUP_page-0001-e1624349996162.jpg","width":2481,"height":1754,"caption":"TRANSORDIZIA High and Heavy"},"image":{"@id":"https:\/\/www.transordizia.com\/#logo"}},{"@type":"WebSite","@id":"https:\/\/www.transordizia.com\/#website","url":"https:\/\/www.transordizia.com\/","name":"Transordizia High &amp; Heavy","description":"","publisher":{"@id":"https:\/\/www.transordizia.com\/#organization"},"potentialAction":[{"@type":"SearchAction","target":{"@type":"EntryPoint","urlTemplate":"https:\/\/www.transordizia.com\/?s={search_term_string}"},"query-input":"required name=search_term_string"}],"inLanguage":"de-DE"},{"@type":"WebPage","@id":"https:\/\/www.transordizia.com\/de\/#webpage","url":"https:\/\/www.transordizia.com\/de\/","name":"Transordizia High &amp; Heavy","isPartOf":{"@id":"https:\/\/www.transordizia.com\/#website"},"datePublished":"2015-04-14T08:13:09+00:00","dateModified":"2021-07-19T11:28:09+00:00","description":"Seit 1989 widmet sich TRANSORDIZIA High and Heavy der logistischen Distribution von Nutzfahrzeugen und Bussen...","breadcrumb":{"@id":"https:\/\/www.transordizia.com\/de\/#breadcrumb"},"inLanguage":"de-DE","potentialAction":[{"@type":"ReadAction","target":["https:\/\/www.transordizia.com\/de\/"]}]},{"@type":"BreadcrumbList","@id":"https:\/\/www.transordizia.com\/de\/#breadcrumb","itemListElement":[{"@type":"ListItem","position":1,"name":"Portada","item":"https:\/\/www.transordizia.com\/de\/"},{"@type":"ListItem","position":2,"name":"Anfang"}]}]}},"_links":{"self":[{"href":"https:\/\/www.transordizia.com\/de\/wp-json\/wp\/v2\/pages\/1903"}],"collection":[{"href":"https:\/\/www.transordizia.com\/de\/wp-json\/wp\/v2\/pages"}],"about":[{"href":"https:\/\/www.transordizia.com\/de\/wp-json\/wp\/v2\/types\/page"}],"author":[{"embeddable":true,"href":"https:\/\/www.transordizia.com\/de\/wp-json\/wp\/v2\/users\/1"}],"replies":[{"embeddable":true,"href":"https:\/\/www.transordizia.com\/de\/wp-json\/wp\/v2\/comments?post=1903"}],"version-history":[{"count":15,"href":"https:\/\/www.transordizia.com\/de\/wp-json\/wp\/v2\/pages\/1903\/revisions"}],"predecessor-version":[{"id":2602,"href":"https:\/\/www.transordizia.com\/de\/wp-json\/wp\/v2\/pages\/1903\/revisions\/2602"}],"wp:attachment":[{"href":"https:\/\/www.transordizia.com\/de\/wp-json\/wp\/v2\/media?parent=1903"}],"curies":[{"name":"wp","href":"https:\/\/api.w.org\/{rel}","templated":true}]}}