{"id":1889,"date":"2015-04-23T11:04:51","date_gmt":"2015-04-23T09:04:51","guid":{"rendered":"https:\/\/www.transordizia.com\/wp\/servicios-2\/"},"modified":"2021-06-21T10:37:39","modified_gmt":"2021-06-21T08:37:39","slug":"leistungen","status":"publish","type":"page","link":"https:\/\/www.transordizia.com\/de\/leistungen\/","title":{"rendered":"Leistungen"},"content":{"rendered":"<div id=\"pl-1889\"  class=\"panel-layout\" ><div id=\"pg-1889-0\"  class=\"panel-grid panel-no-style\" ><div id=\"pgc-1889-0-0\"  class=\"panel-grid-cell\" ><div id=\"panel-1889-0-0-0\" class=\"so-panel widget widget_pw_featured_page widget-featured-page panel-first-child panel-last-child\" data-index=\"0\" >\n\n\t<div class=\"page-box  page-box--block\">\n\t\t\t<a class=\"page-box__picture\" href=\"https:\/\/www.transordizia.com\/de\/leistungen\/nutzfahrzeuge\/\"><img src=\"https:\/\/www.transordizia.com\/wp-content\/uploads\/2021\/05\/03-min-360x240.jpg\" width=\"360\" height=\"240\" srcset=\"https:\/\/www.transordizia.com\/wp-content\/uploads\/2021\/05\/03-min-360x240.jpg 360w, https:\/\/www.transordizia.com\/wp-content\/uploads\/2021\/05\/03-min-scaled.jpg 2560w\" sizes=\"(min-width: 992px) 360px, calc(100vw - 30px)\" class=\"wp-post-image\" alt=\"Nutzfahrzeuge\"><\/a>\n\t\t<div class=\"page-box__content\">\n\t\t\t<h5 class=\"page-box__title  text-uppercase\"><a href=\"https:\/\/www.transordizia.com\/de\/leistungen\/nutzfahrzeuge\/\">Nutzfahrzeuge<\/a><\/h5>\n\t\t\t<p>TRANSORDIZIA High and Heavy transportiert Nutzfahrzeuge der wichtigsten Hersteller (Man, Iveco, Scania, Volvo Turcks, Renault und Mercedes-Benz) f\u00fcr den Vertrieb in ganz Europa. 2020 wurden 25.000 Einheiten auf \u00fcber 15 Millionen Kilometern &hellip;<\/p>\n\t\t\t\t<p><a href=\"https:\/\/www.transordizia.com\/de\/leistungen\/nutzfahrzeuge\/\" class=\"read-more  read-more--page-box\">Mehr lesen<\/a><\/p>\n\t\t<\/div>\n\t<\/div>\n\n<\/div><\/div><div id=\"pgc-1889-0-1\"  class=\"panel-grid-cell\" ><div id=\"panel-1889-0-1-0\" class=\"so-panel widget widget_pw_featured_page widget-featured-page panel-first-child panel-last-child\" data-index=\"1\" >\n\n\t<div class=\"page-box  page-box--block\">\n\t\t\t<a class=\"page-box__picture\" href=\"https:\/\/www.transordizia.com\/de\/leistungen\/autobusse\/\"><img src=\"https:\/\/www.transordizia.com\/wp-content\/uploads\/2021\/04\/15-360x240.jpg\" width=\"360\" height=\"240\" srcset=\"https:\/\/www.transordizia.com\/wp-content\/uploads\/2021\/04\/15-360x240.jpg 360w, https:\/\/www.transordizia.com\/wp-content\/uploads\/2021\/04\/15-scaled.jpg 2560w\" sizes=\"(min-width: 992px) 360px, calc(100vw - 30px)\" class=\"wp-post-image\" alt=\"Autobusse\"><\/a>\n\t\t<div class=\"page-box__content\">\n\t\t\t<h5 class=\"page-box__title  text-uppercase\"><a href=\"https:\/\/www.transordizia.com\/de\/leistungen\/autobusse\/\">Autobusse<\/a><\/h5>\n\t\t\t<p>TRANSORDIZIA High and Heavy erf\u00fcllt es mit Stolz, eine f\u00fchrende Rolle im Transport von Autobussen einzunehmen, sowohl f\u00fcr Karosserien als auch f\u00fcr Komplettfahrzeuge, einschlie\u00dflich st\u00e4dtische Gelenkbusse. Daf\u00fcr hat das Unternehmen modernste &hellip;<\/p>\n\t\t\t\t<p><a href=\"https:\/\/www.transordizia.com\/de\/leistungen\/autobusse\/\" class=\"read-more  read-more--page-box\">Mehr lesen<\/a><\/p>\n\t\t<\/div>\n\t<\/div>\n\n<\/div><\/div><div id=\"pgc-1889-0-2\"  class=\"panel-grid-cell\" ><div id=\"panel-1889-0-2-0\" class=\"so-panel widget widget_pw_featured_page widget-featured-page panel-first-child panel-last-child\" data-index=\"2\" >\n\n\t<div class=\"page-box  page-box--block\">\n\t\t\t<a class=\"page-box__picture\" href=\"https:\/\/www.transordizia.com\/de\/leistungen\/wartung-von-nutzfahrzeugen\/\"><img src=\"https:\/\/www.transordizia.com\/wp-content\/uploads\/2021\/06\/portabask-Instalaciones-3_web-1-360x240.jpg\" width=\"360\" height=\"240\" srcset=\"https:\/\/www.transordizia.com\/wp-content\/uploads\/2021\/06\/portabask-Instalaciones-3_web-1-360x240.jpg 360w, https:\/\/www.transordizia.com\/wp-content\/uploads\/2021\/06\/portabask-Instalaciones-3_web-1.jpg 800w\" sizes=\"(min-width: 992px) 360px, calc(100vw - 30px)\" class=\"wp-post-image\" alt=\"Wartung von Nutzfahrzeugen\"><\/a>\n\t\t<div class=\"page-box__content\">\n\t\t\t<h5 class=\"page-box__title  text-uppercase\"><a href=\"https:\/\/www.transordizia.com\/de\/leistungen\/wartung-von-nutzfahrzeugen\/\">Wartung von Nutzfahrzeugen<\/a><\/h5>\n\t\t\t<p>Wir verf\u00fcgen \u00fcber eine eigene Werkstatt mit neuster Anlagentechnik f\u00fcr Flottenwartung und Au\u00dfenarbeiten. Werkstatt und Sitz des Unternehmens befinden sich in ZAISA III, Zentrum f\u00fcr Transportdienstleistungen, nur 200 Meter von der franz\u00f6sischen &hellip;<\/p>\n\t\t\t\t<p><a href=\"https:\/\/www.transordizia.com\/de\/leistungen\/wartung-von-nutzfahrzeugen\/\" class=\"read-more  read-more--page-box\">Mehr lesen<\/a><\/p>\n\t\t<\/div>\n\t<\/div>\n\n<\/div><\/div><\/div><\/div>","protected":false},"excerpt":{"rendered":"<p>Nutzfahrzeuge TRANSORDIZIA High and Heavy transportiert Nutzfahrzeuge der wichtigsten Hersteller (Man, Iveco, Scania, Volvo Turcks, Renault und Mercedes-Benz) f\u00fcr den Vertrieb in ganz Europa. 2020 wurden 25.000 Einheiten auf \u00fcber 15 Millionen Kilometern &hellip; Mehr lesen Autobusse TRANSORDIZIA High and Heavy erf\u00fcllt es mit Stolz, eine f\u00fchrende Rolle im Transport von Autobussen einzunehmen, sowohl f\u00fcr &hellip;<\/p>\n","protected":false},"author":1,"featured_media":0,"parent":0,"menu_order":0,"comment_status":"closed","ping_status":"open","template":"","meta":{"_links_to":"","_links_to_target":""},"acf":[],"yoast_head":"<!-- This site is optimized with the Yoast SEO plugin v18.5.1 - https:\/\/yoast.com\/wordpress\/plugins\/seo\/ -->\n<title>Leistungen - Transordizia High &amp; Heavy<\/title>\n<meta name=\"robots\" content=\"index, follow, max-snippet:-1, max-image-preview:large, max-video-preview:-1\" \/>\n<link rel=\"canonical\" href=\"https:\/\/www.transordizia.com\/de\/leistungen\/\" \/>\n<meta property=\"og:locale\" content=\"de_DE\" \/>\n<meta property=\"og:type\" content=\"article\" \/>\n<meta property=\"og:title\" content=\"Leistungen - Transordizia High &amp; Heavy\" \/>\n<meta property=\"og:description\" content=\"Nutzfahrzeuge TRANSORDIZIA High and Heavy transportiert Nutzfahrzeuge der wichtigsten Hersteller (Man, Iveco, Scania, Volvo Turcks, Renault und Mercedes-Benz) f\u00fcr den Vertrieb in ganz Europa. 2020 wurden 25.000 Einheiten auf \u00fcber 15 Millionen Kilometern &hellip; Mehr lesen Autobusse TRANSORDIZIA High and Heavy erf\u00fcllt es mit Stolz, eine f\u00fchrende Rolle im Transport von Autobussen einzunehmen, sowohl f\u00fcr &hellip;\" \/>\n<meta property=\"og:url\" content=\"https:\/\/www.transordizia.com\/de\/leistungen\/\" \/>\n<meta property=\"og:site_name\" content=\"Transordizia High &amp; Heavy\" \/>\n<meta property=\"article:modified_time\" content=\"2021-06-21T08:37:39+00:00\" \/>\n<meta name=\"twitter:card\" content=\"summary_large_image\" \/>\n<script type=\"application\/ld+json\" class=\"yoast-schema-graph\">{\"@context\":\"https:\/\/schema.org\",\"@graph\":[{\"@type\":\"Organization\",\"@id\":\"https:\/\/www.transordizia.com\/#organization\",\"name\":\"TRANSORDIZIA High and Heavy\",\"url\":\"https:\/\/www.transordizia.com\/\",\"sameAs\":[],\"logo\":{\"@type\":\"ImageObject\",\"@id\":\"https:\/\/www.transordizia.com\/#logo\",\"inLanguage\":\"de-DE\",\"url\":\"https:\/\/www.transordizia.com\/wp-content\/uploads\/2021\/06\/TRANSORDIZA-LOGISTIC-GROUP_page-0001-e1624349996162.jpg\",\"contentUrl\":\"https:\/\/www.transordizia.com\/wp-content\/uploads\/2021\/06\/TRANSORDIZA-LOGISTIC-GROUP_page-0001-e1624349996162.jpg\",\"width\":2481,\"height\":1754,\"caption\":\"TRANSORDIZIA High and Heavy\"},\"image\":{\"@id\":\"https:\/\/www.transordizia.com\/#logo\"}},{\"@type\":\"WebSite\",\"@id\":\"https:\/\/www.transordizia.com\/#website\",\"url\":\"https:\/\/www.transordizia.com\/\",\"name\":\"Transordizia High &amp; Heavy\",\"description\":\"\",\"publisher\":{\"@id\":\"https:\/\/www.transordizia.com\/#organization\"},\"potentialAction\":[{\"@type\":\"SearchAction\",\"target\":{\"@type\":\"EntryPoint\",\"urlTemplate\":\"https:\/\/www.transordizia.com\/?s={search_term_string}\"},\"query-input\":\"required name=search_term_string\"}],\"inLanguage\":\"de-DE\"},{\"@type\":\"WebPage\",\"@id\":\"https:\/\/www.transordizia.com\/de\/leistungen\/#webpage\",\"url\":\"https:\/\/www.transordizia.com\/de\/leistungen\/\",\"name\":\"Leistungen - Transordizia High &amp; Heavy\",\"isPartOf\":{\"@id\":\"https:\/\/www.transordizia.com\/#website\"},\"datePublished\":\"2015-04-23T09:04:51+00:00\",\"dateModified\":\"2021-06-21T08:37:39+00:00\",\"breadcrumb\":{\"@id\":\"https:\/\/www.transordizia.com\/de\/leistungen\/#breadcrumb\"},\"inLanguage\":\"de-DE\",\"potentialAction\":[{\"@type\":\"ReadAction\",\"target\":[\"https:\/\/www.transordizia.com\/de\/leistungen\/\"]}]},{\"@type\":\"BreadcrumbList\",\"@id\":\"https:\/\/www.transordizia.com\/de\/leistungen\/#breadcrumb\",\"itemListElement\":[{\"@type\":\"ListItem\",\"position\":1,\"name\":\"Portada\",\"item\":\"https:\/\/www.transordizia.com\/de\/\"},{\"@type\":\"ListItem\",\"position\":2,\"name\":\"Leistungen\"}]}]}<\/script>\n<!-- \/ Yoast SEO plugin. -->","yoast_head_json":{"title":"Leistungen - Transordizia High &amp; Heavy","robots":{"index":"index","follow":"follow","max-snippet":"max-snippet:-1","max-image-preview":"max-image-preview:large","max-video-preview":"max-video-preview:-1"},"canonical":"https:\/\/www.transordizia.com\/de\/leistungen\/","og_locale":"de_DE","og_type":"article","og_title":"Leistungen - Transordizia High &amp; Heavy","og_description":"Nutzfahrzeuge TRANSORDIZIA High and Heavy transportiert Nutzfahrzeuge der wichtigsten Hersteller (Man, Iveco, Scania, Volvo Turcks, Renault und Mercedes-Benz) f\u00fcr den Vertrieb in ganz Europa. 2020 wurden 25.000 Einheiten auf \u00fcber 15 Millionen Kilometern &hellip; Mehr lesen Autobusse TRANSORDIZIA High and Heavy erf\u00fcllt es mit Stolz, eine f\u00fchrende Rolle im Transport von Autobussen einzunehmen, sowohl f\u00fcr &hellip;","og_url":"https:\/\/www.transordizia.com\/de\/leistungen\/","og_site_name":"Transordizia High &amp; Heavy","article_modified_time":"2021-06-21T08:37:39+00:00","twitter_card":"summary_large_image","schema":{"@context":"https:\/\/schema.org","@graph":[{"@type":"Organization","@id":"https:\/\/www.transordizia.com\/#organization","name":"TRANSORDIZIA High and Heavy","url":"https:\/\/www.transordizia.com\/","sameAs":[],"logo":{"@type":"ImageObject","@id":"https:\/\/www.transordizia.com\/#logo","inLanguage":"de-DE","url":"https:\/\/www.transordizia.com\/wp-content\/uploads\/2021\/06\/TRANSORDIZA-LOGISTIC-GROUP_page-0001-e1624349996162.jpg","contentUrl":"https:\/\/www.transordizia.com\/wp-content\/uploads\/2021\/06\/TRANSORDIZA-LOGISTIC-GROUP_page-0001-e1624349996162.jpg","width":2481,"height":1754,"caption":"TRANSORDIZIA High and Heavy"},"image":{"@id":"https:\/\/www.transordizia.com\/#logo"}},{"@type":"WebSite","@id":"https:\/\/www.transordizia.com\/#website","url":"https:\/\/www.transordizia.com\/","name":"Transordizia High &amp; Heavy","description":"","publisher":{"@id":"https:\/\/www.transordizia.com\/#organization"},"potentialAction":[{"@type":"SearchAction","target":{"@type":"EntryPoint","urlTemplate":"https:\/\/www.transordizia.com\/?s={search_term_string}"},"query-input":"required name=search_term_string"}],"inLanguage":"de-DE"},{"@type":"WebPage","@id":"https:\/\/www.transordizia.com\/de\/leistungen\/#webpage","url":"https:\/\/www.transordizia.com\/de\/leistungen\/","name":"Leistungen - Transordizia High &amp; Heavy","isPartOf":{"@id":"https:\/\/www.transordizia.com\/#website"},"datePublished":"2015-04-23T09:04:51+00:00","dateModified":"2021-06-21T08:37:39+00:00","breadcrumb":{"@id":"https:\/\/www.transordizia.com\/de\/leistungen\/#breadcrumb"},"inLanguage":"de-DE","potentialAction":[{"@type":"ReadAction","target":["https:\/\/www.transordizia.com\/de\/leistungen\/"]}]},{"@type":"BreadcrumbList","@id":"https:\/\/www.transordizia.com\/de\/leistungen\/#breadcrumb","itemListElement":[{"@type":"ListItem","position":1,"name":"Portada","item":"https:\/\/www.transordizia.com\/de\/"},{"@type":"ListItem","position":2,"name":"Leistungen"}]}]}},"_links":{"self":[{"href":"https:\/\/www.transordizia.com\/de\/wp-json\/wp\/v2\/pages\/1889"}],"collection":[{"href":"https:\/\/www.transordizia.com\/de\/wp-json\/wp\/v2\/pages"}],"about":[{"href":"https:\/\/www.transordizia.com\/de\/wp-json\/wp\/v2\/types\/page"}],"author":[{"embeddable":true,"href":"https:\/\/www.transordizia.com\/de\/wp-json\/wp\/v2\/users\/1"}],"replies":[{"embeddable":true,"href":"https:\/\/www.transordizia.com\/de\/wp-json\/wp\/v2\/comments?post=1889"}],"version-history":[{"count":7,"href":"https:\/\/www.transordizia.com\/de\/wp-json\/wp\/v2\/pages\/1889\/revisions"}],"predecessor-version":[{"id":2399,"href":"https:\/\/www.transordizia.com\/de\/wp-json\/wp\/v2\/pages\/1889\/revisions\/2399"}],"wp:attachment":[{"href":"https:\/\/www.transordizia.com\/de\/wp-json\/wp\/v2\/media?parent=1889"}],"curies":[{"name":"wp","href":"https:\/\/api.w.org\/{rel}","templated":true}]}}