{"id":1882,"date":"2015-04-23T12:32:53","date_gmt":"2015-04-23T10:32:53","guid":{"rendered":"https:\/\/www.transordizia.com\/wp\/mantenimiento-vehiculos-industriales-2\/"},"modified":"2021-07-27T12:05:00","modified_gmt":"2021-07-27T10:05:00","slug":"wartung-von-nutzfahrzeugen","status":"publish","type":"page","link":"https:\/\/www.transordizia.com\/de\/leistungen\/wartung-von-nutzfahrzeugen\/","title":{"rendered":"Wartung von Nutzfahrzeugen"},"content":{"rendered":"<div id=\"pl-1882\"  class=\"panel-layout\" ><div id=\"pg-1882-0\"  class=\"panel-grid panel-no-style\" ><div id=\"pgc-1882-0-0\"  class=\"panel-grid-cell\" ><div id=\"panel-1882-0-0-0\" class=\"so-panel widget widget_black-studio-tinymce widget_black_studio_tinymce panel-first-child panel-last-child\" data-index=\"0\" ><div class=\"textwidget\"><p>Wir verf\u00fcgen \u00fcber eine eigene Werkstatt mit neuster Anlagentechnik f\u00fcr Flottenwartung und Au\u00dfenarbeiten. Werkstatt und Sitz des Unternehmens befinden sich in ZAISA III, Zentrum f\u00fcr Transportdienstleistungen, nur 200 Meter von der franz\u00f6sischen Grenze in Ir\u00fan (Autobahn A1) entfernt, genau auf halbem Weg der Verkehrsachse Atlantik \u2013 Spanien Mitte und Nordeuropa.<\/p>\n<p>Unser hochqualifiziertes Mitarbeiterteam unterst\u00fctzt Kunden mit seiner umfangreichen Erfahrung in der Wartung von Nutzfahrzeugen und Karosserien und garantiert einen Top-Service in Rekordzeit.<\/p>\n<h3>Einrichtungen<\/h3>\n<ul>\n<li>Werkstatt mit 4.000\u00a0m<sup>2<\/sup>. Abstellfl\u00e4che mit 18.000\u00a0m<sup>2<\/sup><\/li>\n<li>Br\u00fcckenkran, Vorab-T.\u00dc.V.-Anlage, Gabelstapler f\u00fcr 8\u00a0t, Waschanlage<\/li>\n<li>Lackier-\/Trockenanlage (der Marke Geinsa)<\/li>\n<li>Valcarce-Zapfs\u00e4ule<\/li>\n<li>Gastankstelle mit unterirdischem Reservoir HAM<\/li>\n<\/ul>\n<h3 id=\"tw-target-text\" class=\"tw-data-text tw-text-large XcVN5d tw-ta\" dir=\"ltr\" data-placeholder=\"Traducci\u00f3n\"><span class=\"Y2IQFc\" lang=\"de\">Telefonkontakt<\/span><\/h3>\n<ul>\n<li>+34 943 63 31 84<\/li>\n<\/ul>\n<\/div><\/div><\/div><\/div><div id=\"pg-1882-1\"  class=\"panel-grid panel-no-style\" ><div id=\"pgc-1882-1-0\"  class=\"panel-grid-cell\" ><div id=\"panel-1882-1-0-0\" class=\"so-panel widget widget_media_image panel-first-child panel-last-child\" data-index=\"1\" ><img width=\"800\" height=\"600\" src=\"https:\/\/www.transordizia.com\/wp-content\/uploads\/2021\/06\/portabask-Instalaciones-3_web-1.jpg\" class=\"image wp-image-2543  attachment-full size-full\" alt=\"\" loading=\"lazy\" style=\"max-width: 100%; height: auto;\" srcset=\"https:\/\/www.transordizia.com\/wp-content\/uploads\/2021\/06\/portabask-Instalaciones-3_web-1.jpg 800w, https:\/\/www.transordizia.com\/wp-content\/uploads\/2021\/06\/portabask-Instalaciones-3_web-1-300x225.jpg 300w, https:\/\/www.transordizia.com\/wp-content\/uploads\/2021\/06\/portabask-Instalaciones-3_web-1-768x576.jpg 768w\" sizes=\"(max-width: 800px) 100vw, 800px\" \/><\/div><\/div><\/div><\/div>","protected":false},"excerpt":{"rendered":"<p>Wir verf\u00fcgen \u00fcber eine eigene Werkstatt mit neuster Anlagentechnik f\u00fcr Flottenwartung und Au\u00dfenarbeiten. Werkstatt und Sitz des Unternehmens befinden sich in ZAISA III, Zentrum f\u00fcr Transportdienstleistungen, nur 200 Meter von der franz\u00f6sischen Grenze in Ir\u00fan (Autobahn A1) entfernt, genau auf halbem Weg der Verkehrsachse Atlantik \u2013 Spanien Mitte und Nordeuropa. Unser hochqualifiziertes Mitarbeiterteam unterst\u00fctzt Kunden &hellip;<\/p>\n","protected":false},"author":1,"featured_media":2543,"parent":1889,"menu_order":0,"comment_status":"closed","ping_status":"open","template":"","meta":{"_links_to":"","_links_to_target":""},"acf":[],"yoast_head":"<!-- This site is optimized with the Yoast SEO plugin v18.5.1 - https:\/\/yoast.com\/wordpress\/plugins\/seo\/ -->\n<title>Wartung von Nutzfahrzeugen - Transordizia High &amp; Heavy<\/title>\n<meta name=\"robots\" content=\"index, follow, max-snippet:-1, max-image-preview:large, max-video-preview:-1\" \/>\n<link rel=\"canonical\" href=\"https:\/\/www.transordizia.com\/de\/leistungen\/wartung-von-nutzfahrzeugen\/\" \/>\n<meta property=\"og:locale\" content=\"de_DE\" \/>\n<meta property=\"og:type\" content=\"article\" \/>\n<meta property=\"og:title\" content=\"Wartung von Nutzfahrzeugen - Transordizia High &amp; Heavy\" \/>\n<meta property=\"og:description\" content=\"Wir verf\u00fcgen \u00fcber eine eigene Werkstatt mit neuster Anlagentechnik f\u00fcr Flottenwartung und Au\u00dfenarbeiten. Werkstatt und Sitz des Unternehmens befinden sich in ZAISA III, Zentrum f\u00fcr Transportdienstleistungen, nur 200 Meter von der franz\u00f6sischen Grenze in Ir\u00fan (Autobahn A1) entfernt, genau auf halbem Weg der Verkehrsachse Atlantik \u2013 Spanien Mitte und Nordeuropa. Unser hochqualifiziertes Mitarbeiterteam unterst\u00fctzt Kunden &hellip;\" \/>\n<meta property=\"og:url\" content=\"https:\/\/www.transordizia.com\/de\/leistungen\/wartung-von-nutzfahrzeugen\/\" \/>\n<meta property=\"og:site_name\" content=\"Transordizia High &amp; Heavy\" \/>\n<meta property=\"article:modified_time\" content=\"2021-07-27T10:05:00+00:00\" \/>\n<meta property=\"og:image\" content=\"https:\/\/www.transordizia.com\/wp-content\/uploads\/2021\/06\/portabask-Instalaciones-3_web-1.jpg\" \/>\n\t<meta property=\"og:image:width\" content=\"800\" \/>\n\t<meta property=\"og:image:height\" content=\"600\" \/>\n\t<meta property=\"og:image:type\" content=\"image\/jpeg\" \/>\n<meta name=\"twitter:card\" content=\"summary_large_image\" \/>\n<meta name=\"twitter:label1\" content=\"Gesch\u00e4tzte Lesezeit\" \/>\n\t<meta name=\"twitter:data1\" content=\"1 Minute\" \/>\n<script type=\"application\/ld+json\" class=\"yoast-schema-graph\">{\"@context\":\"https:\/\/schema.org\",\"@graph\":[{\"@type\":\"Organization\",\"@id\":\"https:\/\/www.transordizia.com\/#organization\",\"name\":\"TRANSORDIZIA High and Heavy\",\"url\":\"https:\/\/www.transordizia.com\/\",\"sameAs\":[],\"logo\":{\"@type\":\"ImageObject\",\"@id\":\"https:\/\/www.transordizia.com\/#logo\",\"inLanguage\":\"de-DE\",\"url\":\"https:\/\/www.transordizia.com\/wp-content\/uploads\/2021\/06\/TRANSORDIZA-LOGISTIC-GROUP_page-0001-e1624349996162.jpg\",\"contentUrl\":\"https:\/\/www.transordizia.com\/wp-content\/uploads\/2021\/06\/TRANSORDIZA-LOGISTIC-GROUP_page-0001-e1624349996162.jpg\",\"width\":2481,\"height\":1754,\"caption\":\"TRANSORDIZIA High and Heavy\"},\"image\":{\"@id\":\"https:\/\/www.transordizia.com\/#logo\"}},{\"@type\":\"WebSite\",\"@id\":\"https:\/\/www.transordizia.com\/#website\",\"url\":\"https:\/\/www.transordizia.com\/\",\"name\":\"Transordizia High &amp; Heavy\",\"description\":\"\",\"publisher\":{\"@id\":\"https:\/\/www.transordizia.com\/#organization\"},\"potentialAction\":[{\"@type\":\"SearchAction\",\"target\":{\"@type\":\"EntryPoint\",\"urlTemplate\":\"https:\/\/www.transordizia.com\/?s={search_term_string}\"},\"query-input\":\"required name=search_term_string\"}],\"inLanguage\":\"de-DE\"},{\"@type\":\"ImageObject\",\"@id\":\"https:\/\/www.transordizia.com\/de\/leistungen\/wartung-von-nutzfahrzeugen\/#primaryimage\",\"inLanguage\":\"de-DE\",\"url\":\"https:\/\/www.transordizia.com\/wp-content\/uploads\/2021\/06\/portabask-Instalaciones-3_web-1.jpg\",\"contentUrl\":\"https:\/\/www.transordizia.com\/wp-content\/uploads\/2021\/06\/portabask-Instalaciones-3_web-1.jpg\",\"width\":800,\"height\":600},{\"@type\":\"WebPage\",\"@id\":\"https:\/\/www.transordizia.com\/de\/leistungen\/wartung-von-nutzfahrzeugen\/#webpage\",\"url\":\"https:\/\/www.transordizia.com\/de\/leistungen\/wartung-von-nutzfahrzeugen\/\",\"name\":\"Wartung von Nutzfahrzeugen - Transordizia High &amp; Heavy\",\"isPartOf\":{\"@id\":\"https:\/\/www.transordizia.com\/#website\"},\"primaryImageOfPage\":{\"@id\":\"https:\/\/www.transordizia.com\/de\/leistungen\/wartung-von-nutzfahrzeugen\/#primaryimage\"},\"datePublished\":\"2015-04-23T10:32:53+00:00\",\"dateModified\":\"2021-07-27T10:05:00+00:00\",\"breadcrumb\":{\"@id\":\"https:\/\/www.transordizia.com\/de\/leistungen\/wartung-von-nutzfahrzeugen\/#breadcrumb\"},\"inLanguage\":\"de-DE\",\"potentialAction\":[{\"@type\":\"ReadAction\",\"target\":[\"https:\/\/www.transordizia.com\/de\/leistungen\/wartung-von-nutzfahrzeugen\/\"]}]},{\"@type\":\"BreadcrumbList\",\"@id\":\"https:\/\/www.transordizia.com\/de\/leistungen\/wartung-von-nutzfahrzeugen\/#breadcrumb\",\"itemListElement\":[{\"@type\":\"ListItem\",\"position\":1,\"name\":\"Portada\",\"item\":\"https:\/\/www.transordizia.com\/de\/\"},{\"@type\":\"ListItem\",\"position\":2,\"name\":\"Leistungen\",\"item\":\"https:\/\/www.transordizia.com\/de\/leistungen\/\"},{\"@type\":\"ListItem\",\"position\":3,\"name\":\"Wartung von Nutzfahrzeugen\"}]}]}<\/script>\n<!-- \/ Yoast SEO plugin. -->","yoast_head_json":{"title":"Wartung von Nutzfahrzeugen - Transordizia High &amp; Heavy","robots":{"index":"index","follow":"follow","max-snippet":"max-snippet:-1","max-image-preview":"max-image-preview:large","max-video-preview":"max-video-preview:-1"},"canonical":"https:\/\/www.transordizia.com\/de\/leistungen\/wartung-von-nutzfahrzeugen\/","og_locale":"de_DE","og_type":"article","og_title":"Wartung von Nutzfahrzeugen - Transordizia High &amp; Heavy","og_description":"Wir verf\u00fcgen \u00fcber eine eigene Werkstatt mit neuster Anlagentechnik f\u00fcr Flottenwartung und Au\u00dfenarbeiten. Werkstatt und Sitz des Unternehmens befinden sich in ZAISA III, Zentrum f\u00fcr Transportdienstleistungen, nur 200 Meter von der franz\u00f6sischen Grenze in Ir\u00fan (Autobahn A1) entfernt, genau auf halbem Weg der Verkehrsachse Atlantik \u2013 Spanien Mitte und Nordeuropa. Unser hochqualifiziertes Mitarbeiterteam unterst\u00fctzt Kunden &hellip;","og_url":"https:\/\/www.transordizia.com\/de\/leistungen\/wartung-von-nutzfahrzeugen\/","og_site_name":"Transordizia High &amp; Heavy","article_modified_time":"2021-07-27T10:05:00+00:00","og_image":[{"width":800,"height":600,"url":"https:\/\/www.transordizia.com\/wp-content\/uploads\/2021\/06\/portabask-Instalaciones-3_web-1.jpg","type":"image\/jpeg"}],"twitter_card":"summary_large_image","twitter_misc":{"Gesch\u00e4tzte Lesezeit":"1 Minute"},"schema":{"@context":"https:\/\/schema.org","@graph":[{"@type":"Organization","@id":"https:\/\/www.transordizia.com\/#organization","name":"TRANSORDIZIA High and Heavy","url":"https:\/\/www.transordizia.com\/","sameAs":[],"logo":{"@type":"ImageObject","@id":"https:\/\/www.transordizia.com\/#logo","inLanguage":"de-DE","url":"https:\/\/www.transordizia.com\/wp-content\/uploads\/2021\/06\/TRANSORDIZA-LOGISTIC-GROUP_page-0001-e1624349996162.jpg","contentUrl":"https:\/\/www.transordizia.com\/wp-content\/uploads\/2021\/06\/TRANSORDIZA-LOGISTIC-GROUP_page-0001-e1624349996162.jpg","width":2481,"height":1754,"caption":"TRANSORDIZIA High and Heavy"},"image":{"@id":"https:\/\/www.transordizia.com\/#logo"}},{"@type":"WebSite","@id":"https:\/\/www.transordizia.com\/#website","url":"https:\/\/www.transordizia.com\/","name":"Transordizia High &amp; Heavy","description":"","publisher":{"@id":"https:\/\/www.transordizia.com\/#organization"},"potentialAction":[{"@type":"SearchAction","target":{"@type":"EntryPoint","urlTemplate":"https:\/\/www.transordizia.com\/?s={search_term_string}"},"query-input":"required name=search_term_string"}],"inLanguage":"de-DE"},{"@type":"ImageObject","@id":"https:\/\/www.transordizia.com\/de\/leistungen\/wartung-von-nutzfahrzeugen\/#primaryimage","inLanguage":"de-DE","url":"https:\/\/www.transordizia.com\/wp-content\/uploads\/2021\/06\/portabask-Instalaciones-3_web-1.jpg","contentUrl":"https:\/\/www.transordizia.com\/wp-content\/uploads\/2021\/06\/portabask-Instalaciones-3_web-1.jpg","width":800,"height":600},{"@type":"WebPage","@id":"https:\/\/www.transordizia.com\/de\/leistungen\/wartung-von-nutzfahrzeugen\/#webpage","url":"https:\/\/www.transordizia.com\/de\/leistungen\/wartung-von-nutzfahrzeugen\/","name":"Wartung von Nutzfahrzeugen - Transordizia High &amp; Heavy","isPartOf":{"@id":"https:\/\/www.transordizia.com\/#website"},"primaryImageOfPage":{"@id":"https:\/\/www.transordizia.com\/de\/leistungen\/wartung-von-nutzfahrzeugen\/#primaryimage"},"datePublished":"2015-04-23T10:32:53+00:00","dateModified":"2021-07-27T10:05:00+00:00","breadcrumb":{"@id":"https:\/\/www.transordizia.com\/de\/leistungen\/wartung-von-nutzfahrzeugen\/#breadcrumb"},"inLanguage":"de-DE","potentialAction":[{"@type":"ReadAction","target":["https:\/\/www.transordizia.com\/de\/leistungen\/wartung-von-nutzfahrzeugen\/"]}]},{"@type":"BreadcrumbList","@id":"https:\/\/www.transordizia.com\/de\/leistungen\/wartung-von-nutzfahrzeugen\/#breadcrumb","itemListElement":[{"@type":"ListItem","position":1,"name":"Portada","item":"https:\/\/www.transordizia.com\/de\/"},{"@type":"ListItem","position":2,"name":"Leistungen","item":"https:\/\/www.transordizia.com\/de\/leistungen\/"},{"@type":"ListItem","position":3,"name":"Wartung von Nutzfahrzeugen"}]}]}},"_links":{"self":[{"href":"https:\/\/www.transordizia.com\/de\/wp-json\/wp\/v2\/pages\/1882"}],"collection":[{"href":"https:\/\/www.transordizia.com\/de\/wp-json\/wp\/v2\/pages"}],"about":[{"href":"https:\/\/www.transordizia.com\/de\/wp-json\/wp\/v2\/types\/page"}],"author":[{"embeddable":true,"href":"https:\/\/www.transordizia.com\/de\/wp-json\/wp\/v2\/users\/1"}],"replies":[{"embeddable":true,"href":"https:\/\/www.transordizia.com\/de\/wp-json\/wp\/v2\/comments?post=1882"}],"version-history":[{"count":8,"href":"https:\/\/www.transordizia.com\/de\/wp-json\/wp\/v2\/pages\/1882\/revisions"}],"predecessor-version":[{"id":2646,"href":"https:\/\/www.transordizia.com\/de\/wp-json\/wp\/v2\/pages\/1882\/revisions\/2646"}],"up":[{"embeddable":true,"href":"https:\/\/www.transordizia.com\/de\/wp-json\/wp\/v2\/pages\/1889"}],"wp:featuredmedia":[{"embeddable":true,"href":"https:\/\/www.transordizia.com\/de\/wp-json\/wp\/v2\/media\/2543"}],"wp:attachment":[{"href":"https:\/\/www.transordizia.com\/de\/wp-json\/wp\/v2\/media?parent=1882"}],"curies":[{"name":"wp","href":"https:\/\/api.w.org\/{rel}","templated":true}]}}