{"id":1848,"date":"2021-04-28T12:50:54","date_gmt":"2021-04-28T10:50:54","guid":{"rendered":"https:\/\/www.transordizia.com\/wp\/calidad-2\/"},"modified":"2024-06-20T17:18:59","modified_gmt":"2024-06-20T15:18:59","slug":"qualitat","status":"publish","type":"page","link":"https:\/\/www.transordizia.com\/de\/qualitat\/","title":{"rendered":"Qualit\u00e4t"},"content":{"rendered":"<div id=\"pl-1848\"  class=\"panel-layout\" ><div id=\"pg-1848-0\"  class=\"panel-grid panel-no-style\" ><div id=\"pgc-1848-0-0\"  class=\"panel-grid-cell\" ><div id=\"panel-1848-0-0-0\" class=\"so-panel widget widget_sow-image panel-first-child panel-last-child\" data-index=\"0\" ><div class=\"so-widget-sow-image so-widget-sow-image-default-2ec334f0a340-1848\">\n\n<div class=\"sow-image-container\">\n\t\t\t<a\n\t\t\thref=\"https:\/\/www.transordizia.com\/wp-content\/uploads\/2024\/06\/18896584-BUP-TRANSORDIZIA-HIGH-HEAVY-S.L.-ALEMAN-9001.pdf\"\n\t\t\ttarget=\"_blank\" rel=\"noopener noreferrer\" \t\t>\n\t\t\t<img src=\"https:\/\/www.transordizia.com\/wp-content\/uploads\/2021\/04\/iso9001-300x137.png\" width=\"300\" height=\"137\" srcset=\"https:\/\/www.transordizia.com\/wp-content\/uploads\/2021\/04\/iso9001-300x137.png 300w, https:\/\/www.transordizia.com\/wp-content\/uploads\/2021\/04\/iso9001.png 333w\" sizes=\"(max-width: 300px) 100vw, 300px\" alt=\"\" loading=\"lazy\" \t\tclass=\"so-widget-image\"\/>\n\t<\/a><\/div>\n\n<\/div><\/div><\/div><div id=\"pgc-1848-0-1\"  class=\"panel-grid-cell\" ><div id=\"panel-1848-0-1-0\" class=\"so-panel widget widget_sow-image panel-first-child panel-last-child\" data-index=\"1\" ><div class=\"so-widget-sow-image so-widget-sow-image-default-a5258576d588-1848\">\n\n<div class=\"sow-image-container\">\n\t\t\t<a\n\t\t\thref=\"https:\/\/www.transordizia.com\/wp-content\/uploads\/2024\/06\/18896584-BUQ-TRANSORDIZIA-HIGH-HEAVY-S.L.-ALEMAN14001.pdf\"\n\t\t\ttarget=\"_blank\" rel=\"noopener noreferrer\" \t\t>\n\t\t\t<img src=\"https:\/\/www.transordizia.com\/wp-content\/uploads\/2021\/04\/iso14001-300x138.png\" width=\"300\" height=\"138\" srcset=\"https:\/\/www.transordizia.com\/wp-content\/uploads\/2021\/04\/iso14001-300x138.png 300w, https:\/\/www.transordizia.com\/wp-content\/uploads\/2021\/04\/iso14001.png 332w\" sizes=\"(max-width: 300px) 100vw, 300px\" alt=\"\" loading=\"lazy\" \t\tclass=\"so-widget-image\"\/>\n\t<\/a><\/div>\n\n<\/div><\/div><\/div><\/div><div id=\"pg-1848-1\"  class=\"panel-grid panel-no-style\" ><div id=\"pgc-1848-1-0\"  class=\"panel-grid-cell\" ><div id=\"panel-1848-1-0-0\" class=\"so-panel widget widget_black-studio-tinymce widget_black_studio_tinymce panel-first-child panel-last-child\" data-index=\"2\" ><div class=\"textwidget\"><div class=\"row\">\n<div class=\"col-sm-12\">\n<p>Die Qualit\u00e4ts- und Umweltpolitik von Transordizia High &amp; Heavy hat zum Ziel, die umf\u00e4ngliche Zufriedenheit ihrer Kunden durch die Erf\u00fcllung der beauftragten Dienstleistungen sowie der bestm\u00f6glichen Vorbeugung von Umweltverschmutzung infolge aller ihrer Aktivit\u00e4ten zu erzielen.<\/p>\n<p>Die Philosophie der Gruppe basiert auf folgenden Grundprinzipien:<\/p>\n<ul class=\"check\">\n<li>Es wird auf die spezifischen Bed\u00fcrfnisse eines jeden Kunden eingegangen und f\u00fcr jeden Fall die am besten geeignete Transportl\u00f6sung bereitgestellt.<\/li>\n<li>Strikte Einhaltung der Abhol- und Ausliefertermine.<\/li>\n<li>Pflege und \u00dcberwachung der Nutzlast in allen Transportphasen (Beladung, Entladung, Transit) bei Minimierung der Anzahl der Besch\u00e4digungen infolge Verkehr oder Handhabung.<\/li>\n<li>Permanente, aktualisierte Nachverfolgung der Nutzlast und umf\u00e4nglicher Kundenservice.<\/li>\n<li>Anwendung des Prinzips der kontinuierlichen Verbesserung der wesentlichen Umweltbelange, die das Unternehmen beeinflussen kann.<\/li>\n<\/ul>\n<p>Aufgrund dieser Gesch\u00e4ftsstrategie haben wir tagt\u00e4glich unsere Marktposition infolge einer klaren Differenzierung von unserem Wettbewerbern ausbauen k\u00f6nnen.<\/p>\n<p>Die Unternehmensleitung ist davon \u00fcberzeugt, dass diese Prinzipien nur folgenderma\u00dfen umzusetzen sind:<\/p>\n<ul class=\"check\">\n<li>Kontinuierlicher Kundenkontakt zur Erkennung von Anforderungen als Grundlage f\u00fcr die kontinuierliche Verbesserung unserer Dienstleistungen.<\/li>\n<li>Verwendung moderner Fahrzeuge, effizient und an die Transportanforderungen angepasst, ausgestattet mit den neusten technologischen Innovationen.<\/li>\n<li>Vorbeugende und korrektive Instandhaltung der Flotte.<\/li>\n<li>St\u00e4ndige Sorge um die Erh\u00f6hung der Kundenzufriedenheit und des Umweltschutzes.<\/li>\n<li>Umf\u00e4ngliche Erf\u00fcllung der inl\u00e4ndischen und internationalen Vorschriften hinsichtlich Verkehr und Umwelt.<\/li>\n<li>Kontinuierliche Fortbildung des Personals.<\/li>\n<\/ul>\n<p>Diese Politik wird von der gesamten Organisation verstanden und angenommen. Die Gesch\u00e4ftsf\u00fchrung ist sich Ihrer Verantwortung und Vorbildfunktion bewusst, um die Erf\u00fcllung dieser Richtlinien sicherzustellen und stellt die dazu erforderlichen Ressourcen zur Verf\u00fcgung.<\/p>\n<p>Die G\u00fcte der Auftragserf\u00fcllung und Lieferanten wird von Transordizia High &amp; Heavy kontinuierlich bewertet. Bei Nichterf\u00fcllung der Vorgaben wird der betriebene Aufwand zur Nachbesserung und Behebung ber\u00fccksichtigt.<\/p><\/div>\n<\/div>\n<\/div><\/div><\/div><\/div><\/div>","protected":false},"excerpt":{"rendered":"<p>Die Qualit\u00e4ts- und Umweltpolitik von Transordizia High &amp; Heavy hat zum Ziel, die umf\u00e4ngliche Zufriedenheit ihrer Kunden durch die Erf\u00fcllung der beauftragten Dienstleistungen sowie der bestm\u00f6glichen Vorbeugung von Umweltverschmutzung infolge aller ihrer Aktivit\u00e4ten zu erzielen. Die Philosophie der Gruppe basiert auf folgenden Grundprinzipien: Es wird auf die spezifischen Bed\u00fcrfnisse eines jeden Kunden eingegangen und f\u00fcr &hellip;<\/p>\n","protected":false},"author":1,"featured_media":0,"parent":0,"menu_order":0,"comment_status":"closed","ping_status":"closed","template":"","meta":{"_links_to":"","_links_to_target":""},"acf":[],"yoast_head":"<!-- This site is optimized with the Yoast SEO plugin v18.5.1 - https:\/\/yoast.com\/wordpress\/plugins\/seo\/ -->\n<title>Qualit\u00e4t - Transordizia High &amp; Heavy<\/title>\n<meta name=\"robots\" content=\"index, follow, max-snippet:-1, max-image-preview:large, max-video-preview:-1\" \/>\n<link rel=\"canonical\" href=\"https:\/\/www.transordizia.com\/de\/qualitat\/\" \/>\n<meta property=\"og:locale\" content=\"de_DE\" \/>\n<meta property=\"og:type\" content=\"article\" \/>\n<meta property=\"og:title\" content=\"Qualit\u00e4t - Transordizia High &amp; Heavy\" \/>\n<meta property=\"og:description\" content=\"Die Qualit\u00e4ts- und Umweltpolitik von Transordizia High &amp; Heavy hat zum Ziel, die umf\u00e4ngliche Zufriedenheit ihrer Kunden durch die Erf\u00fcllung der beauftragten Dienstleistungen sowie der bestm\u00f6glichen Vorbeugung von Umweltverschmutzung infolge aller ihrer Aktivit\u00e4ten zu erzielen. Die Philosophie der Gruppe basiert auf folgenden Grundprinzipien: Es wird auf die spezifischen Bed\u00fcrfnisse eines jeden Kunden eingegangen und f\u00fcr &hellip;\" \/>\n<meta property=\"og:url\" content=\"https:\/\/www.transordizia.com\/de\/qualitat\/\" \/>\n<meta property=\"og:site_name\" content=\"Transordizia High &amp; Heavy\" \/>\n<meta property=\"article:modified_time\" content=\"2024-06-20T15:18:59+00:00\" \/>\n<meta name=\"twitter:card\" content=\"summary_large_image\" \/>\n<meta name=\"twitter:label1\" content=\"Gesch\u00e4tzte Lesezeit\" \/>\n\t<meta name=\"twitter:data1\" content=\"2 Minuten\" \/>\n<script type=\"application\/ld+json\" class=\"yoast-schema-graph\">{\"@context\":\"https:\/\/schema.org\",\"@graph\":[{\"@type\":\"Organization\",\"@id\":\"https:\/\/www.transordizia.com\/#organization\",\"name\":\"TRANSORDIZIA High and Heavy\",\"url\":\"https:\/\/www.transordizia.com\/\",\"sameAs\":[],\"logo\":{\"@type\":\"ImageObject\",\"@id\":\"https:\/\/www.transordizia.com\/#logo\",\"inLanguage\":\"de-DE\",\"url\":\"https:\/\/www.transordizia.com\/wp-content\/uploads\/2021\/06\/TRANSORDIZA-LOGISTIC-GROUP_page-0001-e1624349996162.jpg\",\"contentUrl\":\"https:\/\/www.transordizia.com\/wp-content\/uploads\/2021\/06\/TRANSORDIZA-LOGISTIC-GROUP_page-0001-e1624349996162.jpg\",\"width\":2481,\"height\":1754,\"caption\":\"TRANSORDIZIA High and Heavy\"},\"image\":{\"@id\":\"https:\/\/www.transordizia.com\/#logo\"}},{\"@type\":\"WebSite\",\"@id\":\"https:\/\/www.transordizia.com\/#website\",\"url\":\"https:\/\/www.transordizia.com\/\",\"name\":\"Transordizia High &amp; Heavy\",\"description\":\"\",\"publisher\":{\"@id\":\"https:\/\/www.transordizia.com\/#organization\"},\"potentialAction\":[{\"@type\":\"SearchAction\",\"target\":{\"@type\":\"EntryPoint\",\"urlTemplate\":\"https:\/\/www.transordizia.com\/?s={search_term_string}\"},\"query-input\":\"required name=search_term_string\"}],\"inLanguage\":\"de-DE\"},{\"@type\":\"WebPage\",\"@id\":\"https:\/\/www.transordizia.com\/de\/qualitat\/#webpage\",\"url\":\"https:\/\/www.transordizia.com\/de\/qualitat\/\",\"name\":\"Qualit\u00e4t - Transordizia High &amp; Heavy\",\"isPartOf\":{\"@id\":\"https:\/\/www.transordizia.com\/#website\"},\"datePublished\":\"2021-04-28T10:50:54+00:00\",\"dateModified\":\"2024-06-20T15:18:59+00:00\",\"breadcrumb\":{\"@id\":\"https:\/\/www.transordizia.com\/de\/qualitat\/#breadcrumb\"},\"inLanguage\":\"de-DE\",\"potentialAction\":[{\"@type\":\"ReadAction\",\"target\":[\"https:\/\/www.transordizia.com\/de\/qualitat\/\"]}]},{\"@type\":\"BreadcrumbList\",\"@id\":\"https:\/\/www.transordizia.com\/de\/qualitat\/#breadcrumb\",\"itemListElement\":[{\"@type\":\"ListItem\",\"position\":1,\"name\":\"Portada\",\"item\":\"https:\/\/www.transordizia.com\/de\/\"},{\"@type\":\"ListItem\",\"position\":2,\"name\":\"Qualit\u00e4t\"}]}]}<\/script>\n<!-- \/ Yoast SEO plugin. -->","yoast_head_json":{"title":"Qualit\u00e4t - Transordizia High &amp; Heavy","robots":{"index":"index","follow":"follow","max-snippet":"max-snippet:-1","max-image-preview":"max-image-preview:large","max-video-preview":"max-video-preview:-1"},"canonical":"https:\/\/www.transordizia.com\/de\/qualitat\/","og_locale":"de_DE","og_type":"article","og_title":"Qualit\u00e4t - Transordizia High &amp; Heavy","og_description":"Die Qualit\u00e4ts- und Umweltpolitik von Transordizia High &amp; Heavy hat zum Ziel, die umf\u00e4ngliche Zufriedenheit ihrer Kunden durch die Erf\u00fcllung der beauftragten Dienstleistungen sowie der bestm\u00f6glichen Vorbeugung von Umweltverschmutzung infolge aller ihrer Aktivit\u00e4ten zu erzielen. Die Philosophie der Gruppe basiert auf folgenden Grundprinzipien: Es wird auf die spezifischen Bed\u00fcrfnisse eines jeden Kunden eingegangen und f\u00fcr &hellip;","og_url":"https:\/\/www.transordizia.com\/de\/qualitat\/","og_site_name":"Transordizia High &amp; Heavy","article_modified_time":"2024-06-20T15:18:59+00:00","twitter_card":"summary_large_image","twitter_misc":{"Gesch\u00e4tzte Lesezeit":"2 Minuten"},"schema":{"@context":"https:\/\/schema.org","@graph":[{"@type":"Organization","@id":"https:\/\/www.transordizia.com\/#organization","name":"TRANSORDIZIA High and Heavy","url":"https:\/\/www.transordizia.com\/","sameAs":[],"logo":{"@type":"ImageObject","@id":"https:\/\/www.transordizia.com\/#logo","inLanguage":"de-DE","url":"https:\/\/www.transordizia.com\/wp-content\/uploads\/2021\/06\/TRANSORDIZA-LOGISTIC-GROUP_page-0001-e1624349996162.jpg","contentUrl":"https:\/\/www.transordizia.com\/wp-content\/uploads\/2021\/06\/TRANSORDIZA-LOGISTIC-GROUP_page-0001-e1624349996162.jpg","width":2481,"height":1754,"caption":"TRANSORDIZIA High and Heavy"},"image":{"@id":"https:\/\/www.transordizia.com\/#logo"}},{"@type":"WebSite","@id":"https:\/\/www.transordizia.com\/#website","url":"https:\/\/www.transordizia.com\/","name":"Transordizia High &amp; Heavy","description":"","publisher":{"@id":"https:\/\/www.transordizia.com\/#organization"},"potentialAction":[{"@type":"SearchAction","target":{"@type":"EntryPoint","urlTemplate":"https:\/\/www.transordizia.com\/?s={search_term_string}"},"query-input":"required name=search_term_string"}],"inLanguage":"de-DE"},{"@type":"WebPage","@id":"https:\/\/www.transordizia.com\/de\/qualitat\/#webpage","url":"https:\/\/www.transordizia.com\/de\/qualitat\/","name":"Qualit\u00e4t - Transordizia High &amp; Heavy","isPartOf":{"@id":"https:\/\/www.transordizia.com\/#website"},"datePublished":"2021-04-28T10:50:54+00:00","dateModified":"2024-06-20T15:18:59+00:00","breadcrumb":{"@id":"https:\/\/www.transordizia.com\/de\/qualitat\/#breadcrumb"},"inLanguage":"de-DE","potentialAction":[{"@type":"ReadAction","target":["https:\/\/www.transordizia.com\/de\/qualitat\/"]}]},{"@type":"BreadcrumbList","@id":"https:\/\/www.transordizia.com\/de\/qualitat\/#breadcrumb","itemListElement":[{"@type":"ListItem","position":1,"name":"Portada","item":"https:\/\/www.transordizia.com\/de\/"},{"@type":"ListItem","position":2,"name":"Qualit\u00e4t"}]}]}},"_links":{"self":[{"href":"https:\/\/www.transordizia.com\/de\/wp-json\/wp\/v2\/pages\/1848"}],"collection":[{"href":"https:\/\/www.transordizia.com\/de\/wp-json\/wp\/v2\/pages"}],"about":[{"href":"https:\/\/www.transordizia.com\/de\/wp-json\/wp\/v2\/types\/page"}],"author":[{"embeddable":true,"href":"https:\/\/www.transordizia.com\/de\/wp-json\/wp\/v2\/users\/1"}],"replies":[{"embeddable":true,"href":"https:\/\/www.transordizia.com\/de\/wp-json\/wp\/v2\/comments?post=1848"}],"version-history":[{"count":8,"href":"https:\/\/www.transordizia.com\/de\/wp-json\/wp\/v2\/pages\/1848\/revisions"}],"predecessor-version":[{"id":2786,"href":"https:\/\/www.transordizia.com\/de\/wp-json\/wp\/v2\/pages\/1848\/revisions\/2786"}],"wp:attachment":[{"href":"https:\/\/www.transordizia.com\/de\/wp-json\/wp\/v2\/media?parent=1848"}],"curies":[{"name":"wp","href":"https:\/\/api.w.org\/{rel}","templated":true}]}}