{"id":1459,"date":"2015-05-07T13:27:36","date_gmt":"2015-05-07T11:27:36","guid":{"rendered":"https:\/\/www.transordizia.com\/wp\/unternehmen\/"},"modified":"2021-07-19T11:55:14","modified_gmt":"2021-07-19T09:55:14","slug":"unternehmen","status":"publish","type":"page","link":"https:\/\/www.transordizia.com\/de\/unternehmen\/","title":{"rendered":"Unternehmen"},"content":{"rendered":"<div id=\"pl-1459\"  class=\"panel-layout\" ><div id=\"pg-1459-0\"  class=\"panel-grid panel-no-style\" ><div id=\"pgc-1459-0-0\"  class=\"panel-grid-cell\" ><div id=\"panel-1459-0-0-0\" class=\"so-panel widget widget_black-studio-tinymce widget_black_studio_tinymce panel-first-child panel-last-child\" data-index=\"0\" ><div class=\"textwidget\"><p>Seit 1989 widmet sich TRANSORDIZIA High and Heavy der logistischen Distribution von Nutzfahrzeugen und Bussen in ganz Europa. Unter den Kunden befinden sich namhafte Fahrzeug- und Karosseriebauer Europas.<\/p>\n<p>Das Unternehmen setzt konsequent auf Innovation und Qualit\u00e4t und hat sich so zu einem ma\u00dfgeblichen europ\u00e4ischen Dienstleister im Bereich der Nutzfahrzeuglogistik entwickelt.<\/p>\n<p>Die Flotte umfasst mehr als 110 Lkws und rund 30 Auftragnehmer, die mit den neusten Technologien und Ger\u00e4ten ausgestattet sind. Die L\u00f6sungen lassen sich an jegliche Anforderungen anpassen. Gerne gehen wir auf kundenspezifische W\u00fcnsche ein.<\/p>\n<p>Unsere professionellen und hochqualifizierten Mitarbeitenden k\u00fcmmern sich um jedes Anliegen, um dem Kunden einen hochwertigen Service zu bieten.<\/p>\n<\/div><\/div><\/div><\/div><div id=\"pg-1459-1\"  class=\"panel-grid panel-no-style\" ><div id=\"pgc-1459-1-0\"  class=\"panel-grid-cell\" ><div id=\"panel-1459-1-0-0\" class=\"so-panel widget widget_black-studio-tinymce widget_black_studio_tinymce panel-first-child panel-last-child\" data-index=\"1\" ><div class=\"textwidget\"><h3 style=\"text-align: left;\"><img class=\"aligncenter wp-image-768 size-medium\" src=\"https:\/\/www.transordizia.com\/wp-content\/uploads\/2021\/04\/paco-min-300x300.jpg\" alt=\"\" width=\"300\" height=\"300\" \/><\/h3>\n<h3 style=\"text-align: center;\">PACO COBO<\/h3>\n<h4 style=\"text-align: center;\"><span style=\"color: #bbbbbb;\">Gr\u00fcnder und CEO von Transordizia<\/span><\/h4>\n<\/div><\/div><\/div><div id=\"pgc-1459-1-1\"  class=\"panel-grid-cell\" ><div id=\"panel-1459-1-1-0\" class=\"so-panel widget widget_black-studio-tinymce widget_black_studio_tinymce panel-first-child panel-last-child\" data-index=\"2\" ><div class=\"textwidget\"><h3 style=\"text-align: left;\"><img class=\"aligncenter wp-image-769 size-medium\" src=\"https:\/\/www.transordizia.com\/wp-content\/uploads\/2021\/04\/fran-300x300.jpg\" alt=\"\" width=\"300\" height=\"300\" \/><\/h3>\n<h3 style=\"text-align: center;\">FRAN COBO<\/h3>\n<h4 style=\"text-align: center;\"><span style=\"color: #bbbbbb;\">Flottenmanager und Fahrzeug-Precursor f\u00fcr GNL<\/span><\/h4>\n<\/div><\/div><\/div><div id=\"pgc-1459-1-2\"  class=\"panel-grid-cell\" ><div id=\"panel-1459-1-2-0\" class=\"so-panel widget widget_black-studio-tinymce widget_black_studio_tinymce panel-first-child panel-last-child\" data-index=\"3\" ><div class=\"textwidget\"><h3 style=\"text-align: left;\"><img class=\"aligncenter wp-image-770 size-medium\" src=\"https:\/\/www.transordizia.com\/wp-content\/uploads\/2021\/04\/jesus-min-300x300.jpg\" alt=\"\" width=\"300\" height=\"300\" \/><\/h3>\n<h3 style=\"text-align: center;\">JESUS GALINDO<\/h3>\n<h4 style=\"text-align: center;\"><span style=\"color: #bbbbbb;\">Gesch\u00e4ftsf\u00fchrer und Verkehrsleiter<\/span><\/h4>\n<\/div><\/div><\/div><\/div><div id=\"pg-1459-2\"  class=\"panel-grid panel-no-style\" ><div id=\"pgc-1459-2-0\"  class=\"panel-grid-cell\" ><div id=\"panel-1459-2-0-0\" class=\"so-panel widget widget_black-studio-tinymce widget_black_studio_tinymce panel-first-child panel-last-child\" data-index=\"4\" ><div class=\"textwidget\"><h3 style=\"text-align: left;\"><img class=\"aligncenter wp-image-773 size-medium\" src=\"https:\/\/www.transordizia.com\/wp-content\/uploads\/2021\/04\/ander-300x300.jpg\" alt=\"\" width=\"300\" height=\"300\" \/><\/h3>\n<h3 style=\"text-align: center;\">ANDER NAVASCUES<\/h3>\n<h4 style=\"text-align: center;\"><span style=\"color: #bbbbbb;\">Werkstattleiter<\/span><\/h4>\n<\/div><\/div><\/div><div id=\"pgc-1459-2-1\"  class=\"panel-grid-cell\" ><div id=\"panel-1459-2-1-0\" class=\"so-panel widget widget_black-studio-tinymce widget_black_studio_tinymce panel-first-child panel-last-child\" data-index=\"5\" ><div class=\"textwidget\"><h3 style=\"text-align: left;\"><img class=\"aligncenter wp-image-772 size-medium\" src=\"https:\/\/www.transordizia.com\/wp-content\/uploads\/2021\/04\/josemaria-300x300.jpg\" alt=\"\" width=\"300\" height=\"300\" \/><\/h3>\n<h3 style=\"text-align: center;\">JOSE MARIA PLASENCIA<\/h3>\n<h4 style=\"text-align: center;\"><span style=\"color: #bbbbbb;\">Finance Manager<\/span><\/h4>\n<\/div><\/div><\/div><\/div><\/div>","protected":false},"excerpt":{"rendered":"<p>Seit 1989 widmet sich TRANSORDIZIA High and Heavy der logistischen Distribution von Nutzfahrzeugen und Bussen in ganz Europa. Unter den Kunden befinden sich namhafte Fahrzeug- und Karosseriebauer Europas. Das Unternehmen setzt konsequent auf Innovation und Qualit\u00e4t und hat sich so zu einem ma\u00dfgeblichen europ\u00e4ischen Dienstleister im Bereich der Nutzfahrzeuglogistik entwickelt. Die Flotte umfasst mehr als &hellip;<\/p>\n","protected":false},"author":1,"featured_media":0,"parent":0,"menu_order":0,"comment_status":"closed","ping_status":"open","template":"","meta":{"_links_to":"","_links_to_target":""},"acf":[],"yoast_head":"<!-- This site is optimized with the Yoast SEO plugin v18.5.1 - https:\/\/yoast.com\/wordpress\/plugins\/seo\/ -->\n<title>Unternehmen - Transordizia High &amp; Heavy<\/title>\n<meta name=\"robots\" content=\"index, follow, max-snippet:-1, max-image-preview:large, max-video-preview:-1\" \/>\n<link rel=\"canonical\" href=\"https:\/\/www.transordizia.com\/de\/unternehmen\/\" \/>\n<meta property=\"og:locale\" content=\"de_DE\" \/>\n<meta property=\"og:type\" content=\"article\" \/>\n<meta property=\"og:title\" content=\"Unternehmen - Transordizia High &amp; Heavy\" \/>\n<meta property=\"og:description\" content=\"Seit 1989 widmet sich TRANSORDIZIA High and Heavy der logistischen Distribution von Nutzfahrzeugen und Bussen in ganz Europa. Unter den Kunden befinden sich namhafte Fahrzeug- und Karosseriebauer Europas. Das Unternehmen setzt konsequent auf Innovation und Qualit\u00e4t und hat sich so zu einem ma\u00dfgeblichen europ\u00e4ischen Dienstleister im Bereich der Nutzfahrzeuglogistik entwickelt. Die Flotte umfasst mehr als &hellip;\" \/>\n<meta property=\"og:url\" content=\"https:\/\/www.transordizia.com\/de\/unternehmen\/\" \/>\n<meta property=\"og:site_name\" content=\"Transordizia High &amp; Heavy\" \/>\n<meta property=\"article:modified_time\" content=\"2021-07-19T09:55:14+00:00\" \/>\n<meta property=\"og:image\" content=\"https:\/\/www.transordizia.com\/wp-content\/uploads\/2021\/04\/paco-min-300x300.jpg\" \/>\n<meta name=\"twitter:card\" content=\"summary_large_image\" \/>\n<meta name=\"twitter:label1\" content=\"Gesch\u00e4tzte Lesezeit\" \/>\n\t<meta name=\"twitter:data1\" content=\"1 Minute\" \/>\n<script type=\"application\/ld+json\" class=\"yoast-schema-graph\">{\"@context\":\"https:\/\/schema.org\",\"@graph\":[{\"@type\":\"Organization\",\"@id\":\"https:\/\/www.transordizia.com\/#organization\",\"name\":\"TRANSORDIZIA High and Heavy\",\"url\":\"https:\/\/www.transordizia.com\/\",\"sameAs\":[],\"logo\":{\"@type\":\"ImageObject\",\"@id\":\"https:\/\/www.transordizia.com\/#logo\",\"inLanguage\":\"de-DE\",\"url\":\"https:\/\/www.transordizia.com\/wp-content\/uploads\/2021\/06\/TRANSORDIZA-LOGISTIC-GROUP_page-0001-e1624349996162.jpg\",\"contentUrl\":\"https:\/\/www.transordizia.com\/wp-content\/uploads\/2021\/06\/TRANSORDIZA-LOGISTIC-GROUP_page-0001-e1624349996162.jpg\",\"width\":2481,\"height\":1754,\"caption\":\"TRANSORDIZIA High and Heavy\"},\"image\":{\"@id\":\"https:\/\/www.transordizia.com\/#logo\"}},{\"@type\":\"WebSite\",\"@id\":\"https:\/\/www.transordizia.com\/#website\",\"url\":\"https:\/\/www.transordizia.com\/\",\"name\":\"Transordizia High &amp; Heavy\",\"description\":\"\",\"publisher\":{\"@id\":\"https:\/\/www.transordizia.com\/#organization\"},\"potentialAction\":[{\"@type\":\"SearchAction\",\"target\":{\"@type\":\"EntryPoint\",\"urlTemplate\":\"https:\/\/www.transordizia.com\/?s={search_term_string}\"},\"query-input\":\"required name=search_term_string\"}],\"inLanguage\":\"de-DE\"},{\"@type\":\"ImageObject\",\"@id\":\"https:\/\/www.transordizia.com\/de\/unternehmen\/#primaryimage\",\"inLanguage\":\"de-DE\",\"url\":\"https:\/\/www.transordizia.com\/wp-content\/uploads\/2021\/04\/paco-min-300x300.jpg\",\"contentUrl\":\"https:\/\/www.transordizia.com\/wp-content\/uploads\/2021\/04\/paco-min-300x300.jpg\"},{\"@type\":\"WebPage\",\"@id\":\"https:\/\/www.transordizia.com\/de\/unternehmen\/#webpage\",\"url\":\"https:\/\/www.transordizia.com\/de\/unternehmen\/\",\"name\":\"Unternehmen - Transordizia High &amp; Heavy\",\"isPartOf\":{\"@id\":\"https:\/\/www.transordizia.com\/#website\"},\"primaryImageOfPage\":{\"@id\":\"https:\/\/www.transordizia.com\/de\/unternehmen\/#primaryimage\"},\"datePublished\":\"2015-05-07T11:27:36+00:00\",\"dateModified\":\"2021-07-19T09:55:14+00:00\",\"breadcrumb\":{\"@id\":\"https:\/\/www.transordizia.com\/de\/unternehmen\/#breadcrumb\"},\"inLanguage\":\"de-DE\",\"potentialAction\":[{\"@type\":\"ReadAction\",\"target\":[\"https:\/\/www.transordizia.com\/de\/unternehmen\/\"]}]},{\"@type\":\"BreadcrumbList\",\"@id\":\"https:\/\/www.transordizia.com\/de\/unternehmen\/#breadcrumb\",\"itemListElement\":[{\"@type\":\"ListItem\",\"position\":1,\"name\":\"Portada\",\"item\":\"https:\/\/www.transordizia.com\/de\/\"},{\"@type\":\"ListItem\",\"position\":2,\"name\":\"Unternehmen\"}]}]}<\/script>\n<!-- \/ Yoast SEO plugin. -->","yoast_head_json":{"title":"Unternehmen - Transordizia High &amp; Heavy","robots":{"index":"index","follow":"follow","max-snippet":"max-snippet:-1","max-image-preview":"max-image-preview:large","max-video-preview":"max-video-preview:-1"},"canonical":"https:\/\/www.transordizia.com\/de\/unternehmen\/","og_locale":"de_DE","og_type":"article","og_title":"Unternehmen - Transordizia High &amp; Heavy","og_description":"Seit 1989 widmet sich TRANSORDIZIA High and Heavy der logistischen Distribution von Nutzfahrzeugen und Bussen in ganz Europa. Unter den Kunden befinden sich namhafte Fahrzeug- und Karosseriebauer Europas. Das Unternehmen setzt konsequent auf Innovation und Qualit\u00e4t und hat sich so zu einem ma\u00dfgeblichen europ\u00e4ischen Dienstleister im Bereich der Nutzfahrzeuglogistik entwickelt. Die Flotte umfasst mehr als &hellip;","og_url":"https:\/\/www.transordizia.com\/de\/unternehmen\/","og_site_name":"Transordizia High &amp; Heavy","article_modified_time":"2021-07-19T09:55:14+00:00","og_image":[{"url":"https:\/\/www.transordizia.com\/wp-content\/uploads\/2021\/04\/paco-min-300x300.jpg"}],"twitter_card":"summary_large_image","twitter_misc":{"Gesch\u00e4tzte Lesezeit":"1 Minute"},"schema":{"@context":"https:\/\/schema.org","@graph":[{"@type":"Organization","@id":"https:\/\/www.transordizia.com\/#organization","name":"TRANSORDIZIA High and Heavy","url":"https:\/\/www.transordizia.com\/","sameAs":[],"logo":{"@type":"ImageObject","@id":"https:\/\/www.transordizia.com\/#logo","inLanguage":"de-DE","url":"https:\/\/www.transordizia.com\/wp-content\/uploads\/2021\/06\/TRANSORDIZA-LOGISTIC-GROUP_page-0001-e1624349996162.jpg","contentUrl":"https:\/\/www.transordizia.com\/wp-content\/uploads\/2021\/06\/TRANSORDIZA-LOGISTIC-GROUP_page-0001-e1624349996162.jpg","width":2481,"height":1754,"caption":"TRANSORDIZIA High and Heavy"},"image":{"@id":"https:\/\/www.transordizia.com\/#logo"}},{"@type":"WebSite","@id":"https:\/\/www.transordizia.com\/#website","url":"https:\/\/www.transordizia.com\/","name":"Transordizia High &amp; Heavy","description":"","publisher":{"@id":"https:\/\/www.transordizia.com\/#organization"},"potentialAction":[{"@type":"SearchAction","target":{"@type":"EntryPoint","urlTemplate":"https:\/\/www.transordizia.com\/?s={search_term_string}"},"query-input":"required name=search_term_string"}],"inLanguage":"de-DE"},{"@type":"ImageObject","@id":"https:\/\/www.transordizia.com\/de\/unternehmen\/#primaryimage","inLanguage":"de-DE","url":"https:\/\/www.transordizia.com\/wp-content\/uploads\/2021\/04\/paco-min-300x300.jpg","contentUrl":"https:\/\/www.transordizia.com\/wp-content\/uploads\/2021\/04\/paco-min-300x300.jpg"},{"@type":"WebPage","@id":"https:\/\/www.transordizia.com\/de\/unternehmen\/#webpage","url":"https:\/\/www.transordizia.com\/de\/unternehmen\/","name":"Unternehmen - Transordizia High &amp; Heavy","isPartOf":{"@id":"https:\/\/www.transordizia.com\/#website"},"primaryImageOfPage":{"@id":"https:\/\/www.transordizia.com\/de\/unternehmen\/#primaryimage"},"datePublished":"2015-05-07T11:27:36+00:00","dateModified":"2021-07-19T09:55:14+00:00","breadcrumb":{"@id":"https:\/\/www.transordizia.com\/de\/unternehmen\/#breadcrumb"},"inLanguage":"de-DE","potentialAction":[{"@type":"ReadAction","target":["https:\/\/www.transordizia.com\/de\/unternehmen\/"]}]},{"@type":"BreadcrumbList","@id":"https:\/\/www.transordizia.com\/de\/unternehmen\/#breadcrumb","itemListElement":[{"@type":"ListItem","position":1,"name":"Portada","item":"https:\/\/www.transordizia.com\/de\/"},{"@type":"ListItem","position":2,"name":"Unternehmen"}]}]}},"_links":{"self":[{"href":"https:\/\/www.transordizia.com\/de\/wp-json\/wp\/v2\/pages\/1459"}],"collection":[{"href":"https:\/\/www.transordizia.com\/de\/wp-json\/wp\/v2\/pages"}],"about":[{"href":"https:\/\/www.transordizia.com\/de\/wp-json\/wp\/v2\/types\/page"}],"author":[{"embeddable":true,"href":"https:\/\/www.transordizia.com\/de\/wp-json\/wp\/v2\/users\/1"}],"replies":[{"embeddable":true,"href":"https:\/\/www.transordizia.com\/de\/wp-json\/wp\/v2\/comments?post=1459"}],"version-history":[{"count":6,"href":"https:\/\/www.transordizia.com\/de\/wp-json\/wp\/v2\/pages\/1459\/revisions"}],"predecessor-version":[{"id":2594,"href":"https:\/\/www.transordizia.com\/de\/wp-json\/wp\/v2\/pages\/1459\/revisions\/2594"}],"wp:attachment":[{"href":"https:\/\/www.transordizia.com\/de\/wp-json\/wp\/v2\/media?parent=1459"}],"curies":[{"name":"wp","href":"https:\/\/api.w.org\/{rel}","templated":true}]}}