{"id":1445,"date":"2021-04-22T13:22:29","date_gmt":"2021-04-22T11:22:29","guid":{"rendered":"https:\/\/www.transordizia.com\/wp\/datenschutz\/"},"modified":"2021-06-21T11:03:49","modified_gmt":"2021-06-21T09:03:49","slug":"datenschutz","status":"publish","type":"page","link":"https:\/\/www.transordizia.com\/de\/datenschutz\/","title":{"rendered":"Datenschutz"},"content":{"rendered":"<div id=\"pl-1445\"  class=\"panel-layout\" ><div id=\"pg-1445-0\"  class=\"panel-grid panel-no-style\" ><div id=\"pgc-1445-0-0\"  class=\"panel-grid-cell\" ><div id=\"panel-1445-0-0-0\" class=\"so-panel widget widget_text panel-first-child panel-last-child\" data-index=\"0\" >\t\t\t<div class=\"textwidget\"><div class=\"modal-body\">\n<p>Auf dieser Webseite, Eigentum von Transordizia High &amp; Heavy, ist der umf\u00e4ngliche Schutz der von unseren Benutzern angegebenen pers\u00f6nlichen Daten gew\u00e4hrleistet.<\/p>\n<p>In Erf\u00fcllung der Bestimmungen der, Ley Org\u00e1nica 15\/1999 (organisches Gesetz) zum Schutz der pers\u00f6nlichen Daten setzen wir Sie dar\u00fcber in Kenntnis, dass die \u00fcber die auf dieser Webseite enthaltenen Formulare oder E-Mails erhaltenen pers\u00f6nlichen Daten in eine Datei f\u00fcr pers\u00f6nliche Daten aufgenommen werden k\u00f6nnen. Diese Datei ist ordnungsgem\u00e4\u00df bei der &#8218;Agencia Espa\u00f1ola de Protecci\u00f3n de Datos&#8216; (Spanische Agentur f\u00fcr Datenschutz) registriert, und Zweck dieser Datei ist die Erhebung pers\u00f6nlicher Daten \u00fcber die auf der Webseite verf\u00fcgbaren Kontaktformulare, um mit den Benutzern kommunizieren zu k\u00f6nnen.<\/p>\n<p>Durch Absenden der auf dieser Webseite existierenden Formulare erkl\u00e4rt der Absender sein Einverst\u00e4ndnis zu der Aufnahme seiner pers\u00f6nlichen Daten in besagte Datei. Gleicherma\u00dfen informieren wir Sie, dass durch den Besuch unserer Webseite die IP-Adressen der Benutzer gespeichert werden k\u00f6nnen, die ebenfalls nach den g\u00fcltigen Rechtsvorschriften verarbeitet werden.<\/p>\n<p>Ihre Daten werden nicht ohne Ihr Einverst\u00e4ndnis an Dritte weitergeleitet. Transordizia High &amp; Heavy unterliegt jederzeit der Geheimhaltungspflicht hinsichtlich Ihrer pers\u00f6nlichen Daten, entsprechend der, Ley Org\u00e1nica 15\/1999 (organisches Gesetz) vom 13. Dezember zum Schutz der pers\u00f6nlichen Daten.<\/p>\n<p>Sie k\u00f6nnen jederzeit Ihre Rechte auf Auskunft, Berichtigung, Aufhebung und Widerspruch gem\u00e4\u00df den Bestimmungen der, Ley Org\u00e1nica 15\/1999 (organisches Gesetz) vom 13. Dezember zum Schutz der pers\u00f6nlichen Daten aus\u00fcben. Die Aus\u00fcbung dieser Reche erfolgt durch Zusendung einer E&#8211;Mail an info@transordizia.com.<\/p>\n<\/div>\n<\/div>\n\t\t<\/div><\/div><\/div><\/div>","protected":false},"excerpt":{"rendered":"<p>Auf dieser Webseite, Eigentum von Transordizia High &amp; Heavy, ist der umf\u00e4ngliche Schutz der von unseren Benutzern angegebenen pers\u00f6nlichen Daten gew\u00e4hrleistet. In Erf\u00fcllung der Bestimmungen der, Ley Org\u00e1nica 15\/1999 (organisches Gesetz) zum Schutz der pers\u00f6nlichen Daten setzen wir Sie dar\u00fcber in Kenntnis, dass die \u00fcber die auf dieser Webseite enthaltenen Formulare oder E-Mails erhaltenen pers\u00f6nlichen &hellip;<\/p>\n","protected":false},"author":1,"featured_media":0,"parent":0,"menu_order":0,"comment_status":"closed","ping_status":"closed","template":"","meta":{"_links_to":"","_links_to_target":""},"acf":[],"yoast_head":"<!-- This site is optimized with the Yoast SEO plugin v18.5.1 - https:\/\/yoast.com\/wordpress\/plugins\/seo\/ -->\n<title>Datenschutz - Transordizia High &amp; Heavy<\/title>\n<meta name=\"robots\" content=\"index, follow, max-snippet:-1, max-image-preview:large, max-video-preview:-1\" \/>\n<link rel=\"canonical\" href=\"https:\/\/www.transordizia.com\/de\/datenschutz\/\" \/>\n<meta property=\"og:locale\" content=\"de_DE\" \/>\n<meta property=\"og:type\" content=\"article\" \/>\n<meta property=\"og:title\" content=\"Datenschutz - Transordizia High &amp; Heavy\" \/>\n<meta property=\"og:description\" content=\"Auf dieser Webseite, Eigentum von Transordizia High &amp; Heavy, ist der umf\u00e4ngliche Schutz der von unseren Benutzern angegebenen pers\u00f6nlichen Daten gew\u00e4hrleistet. In Erf\u00fcllung der Bestimmungen der, Ley Org\u00e1nica 15\/1999 (organisches Gesetz) zum Schutz der pers\u00f6nlichen Daten setzen wir Sie dar\u00fcber in Kenntnis, dass die \u00fcber die auf dieser Webseite enthaltenen Formulare oder E-Mails erhaltenen pers\u00f6nlichen &hellip;\" \/>\n<meta property=\"og:url\" content=\"https:\/\/www.transordizia.com\/de\/datenschutz\/\" \/>\n<meta property=\"og:site_name\" content=\"Transordizia High &amp; Heavy\" \/>\n<meta property=\"article:modified_time\" content=\"2021-06-21T09:03:49+00:00\" \/>\n<meta name=\"twitter:card\" content=\"summary_large_image\" \/>\n<meta name=\"twitter:label1\" content=\"Gesch\u00e4tzte Lesezeit\" \/>\n\t<meta name=\"twitter:data1\" content=\"1 Minute\" \/>\n<script type=\"application\/ld+json\" class=\"yoast-schema-graph\">{\"@context\":\"https:\/\/schema.org\",\"@graph\":[{\"@type\":\"Organization\",\"@id\":\"https:\/\/www.transordizia.com\/#organization\",\"name\":\"TRANSORDIZIA High and Heavy\",\"url\":\"https:\/\/www.transordizia.com\/\",\"sameAs\":[],\"logo\":{\"@type\":\"ImageObject\",\"@id\":\"https:\/\/www.transordizia.com\/#logo\",\"inLanguage\":\"de-DE\",\"url\":\"https:\/\/www.transordizia.com\/wp-content\/uploads\/2021\/06\/TRANSORDIZA-LOGISTIC-GROUP_page-0001-e1624349996162.jpg\",\"contentUrl\":\"https:\/\/www.transordizia.com\/wp-content\/uploads\/2021\/06\/TRANSORDIZA-LOGISTIC-GROUP_page-0001-e1624349996162.jpg\",\"width\":2481,\"height\":1754,\"caption\":\"TRANSORDIZIA High and Heavy\"},\"image\":{\"@id\":\"https:\/\/www.transordizia.com\/#logo\"}},{\"@type\":\"WebSite\",\"@id\":\"https:\/\/www.transordizia.com\/#website\",\"url\":\"https:\/\/www.transordizia.com\/\",\"name\":\"Transordizia High &amp; Heavy\",\"description\":\"\",\"publisher\":{\"@id\":\"https:\/\/www.transordizia.com\/#organization\"},\"potentialAction\":[{\"@type\":\"SearchAction\",\"target\":{\"@type\":\"EntryPoint\",\"urlTemplate\":\"https:\/\/www.transordizia.com\/?s={search_term_string}\"},\"query-input\":\"required name=search_term_string\"}],\"inLanguage\":\"de-DE\"},{\"@type\":\"WebPage\",\"@id\":\"https:\/\/www.transordizia.com\/de\/datenschutz\/#webpage\",\"url\":\"https:\/\/www.transordizia.com\/de\/datenschutz\/\",\"name\":\"Datenschutz - Transordizia High &amp; Heavy\",\"isPartOf\":{\"@id\":\"https:\/\/www.transordizia.com\/#website\"},\"datePublished\":\"2021-04-22T11:22:29+00:00\",\"dateModified\":\"2021-06-21T09:03:49+00:00\",\"breadcrumb\":{\"@id\":\"https:\/\/www.transordizia.com\/de\/datenschutz\/#breadcrumb\"},\"inLanguage\":\"de-DE\",\"potentialAction\":[{\"@type\":\"ReadAction\",\"target\":[\"https:\/\/www.transordizia.com\/de\/datenschutz\/\"]}]},{\"@type\":\"BreadcrumbList\",\"@id\":\"https:\/\/www.transordizia.com\/de\/datenschutz\/#breadcrumb\",\"itemListElement\":[{\"@type\":\"ListItem\",\"position\":1,\"name\":\"Portada\",\"item\":\"https:\/\/www.transordizia.com\/de\/\"},{\"@type\":\"ListItem\",\"position\":2,\"name\":\"Datenschutz\"}]}]}<\/script>\n<!-- \/ Yoast SEO plugin. -->","yoast_head_json":{"title":"Datenschutz - Transordizia High &amp; Heavy","robots":{"index":"index","follow":"follow","max-snippet":"max-snippet:-1","max-image-preview":"max-image-preview:large","max-video-preview":"max-video-preview:-1"},"canonical":"https:\/\/www.transordizia.com\/de\/datenschutz\/","og_locale":"de_DE","og_type":"article","og_title":"Datenschutz - Transordizia High &amp; Heavy","og_description":"Auf dieser Webseite, Eigentum von Transordizia High &amp; Heavy, ist der umf\u00e4ngliche Schutz der von unseren Benutzern angegebenen pers\u00f6nlichen Daten gew\u00e4hrleistet. In Erf\u00fcllung der Bestimmungen der, Ley Org\u00e1nica 15\/1999 (organisches Gesetz) zum Schutz der pers\u00f6nlichen Daten setzen wir Sie dar\u00fcber in Kenntnis, dass die \u00fcber die auf dieser Webseite enthaltenen Formulare oder E-Mails erhaltenen pers\u00f6nlichen &hellip;","og_url":"https:\/\/www.transordizia.com\/de\/datenschutz\/","og_site_name":"Transordizia High &amp; Heavy","article_modified_time":"2021-06-21T09:03:49+00:00","twitter_card":"summary_large_image","twitter_misc":{"Gesch\u00e4tzte Lesezeit":"1 Minute"},"schema":{"@context":"https:\/\/schema.org","@graph":[{"@type":"Organization","@id":"https:\/\/www.transordizia.com\/#organization","name":"TRANSORDIZIA High and Heavy","url":"https:\/\/www.transordizia.com\/","sameAs":[],"logo":{"@type":"ImageObject","@id":"https:\/\/www.transordizia.com\/#logo","inLanguage":"de-DE","url":"https:\/\/www.transordizia.com\/wp-content\/uploads\/2021\/06\/TRANSORDIZA-LOGISTIC-GROUP_page-0001-e1624349996162.jpg","contentUrl":"https:\/\/www.transordizia.com\/wp-content\/uploads\/2021\/06\/TRANSORDIZA-LOGISTIC-GROUP_page-0001-e1624349996162.jpg","width":2481,"height":1754,"caption":"TRANSORDIZIA High and Heavy"},"image":{"@id":"https:\/\/www.transordizia.com\/#logo"}},{"@type":"WebSite","@id":"https:\/\/www.transordizia.com\/#website","url":"https:\/\/www.transordizia.com\/","name":"Transordizia High &amp; Heavy","description":"","publisher":{"@id":"https:\/\/www.transordizia.com\/#organization"},"potentialAction":[{"@type":"SearchAction","target":{"@type":"EntryPoint","urlTemplate":"https:\/\/www.transordizia.com\/?s={search_term_string}"},"query-input":"required name=search_term_string"}],"inLanguage":"de-DE"},{"@type":"WebPage","@id":"https:\/\/www.transordizia.com\/de\/datenschutz\/#webpage","url":"https:\/\/www.transordizia.com\/de\/datenschutz\/","name":"Datenschutz - Transordizia High &amp; Heavy","isPartOf":{"@id":"https:\/\/www.transordizia.com\/#website"},"datePublished":"2021-04-22T11:22:29+00:00","dateModified":"2021-06-21T09:03:49+00:00","breadcrumb":{"@id":"https:\/\/www.transordizia.com\/de\/datenschutz\/#breadcrumb"},"inLanguage":"de-DE","potentialAction":[{"@type":"ReadAction","target":["https:\/\/www.transordizia.com\/de\/datenschutz\/"]}]},{"@type":"BreadcrumbList","@id":"https:\/\/www.transordizia.com\/de\/datenschutz\/#breadcrumb","itemListElement":[{"@type":"ListItem","position":1,"name":"Portada","item":"https:\/\/www.transordizia.com\/de\/"},{"@type":"ListItem","position":2,"name":"Datenschutz"}]}]}},"_links":{"self":[{"href":"https:\/\/www.transordizia.com\/de\/wp-json\/wp\/v2\/pages\/1445"}],"collection":[{"href":"https:\/\/www.transordizia.com\/de\/wp-json\/wp\/v2\/pages"}],"about":[{"href":"https:\/\/www.transordizia.com\/de\/wp-json\/wp\/v2\/types\/page"}],"author":[{"embeddable":true,"href":"https:\/\/www.transordizia.com\/de\/wp-json\/wp\/v2\/users\/1"}],"replies":[{"embeddable":true,"href":"https:\/\/www.transordizia.com\/de\/wp-json\/wp\/v2\/comments?post=1445"}],"version-history":[{"count":12,"href":"https:\/\/www.transordizia.com\/de\/wp-json\/wp\/v2\/pages\/1445\/revisions"}],"predecessor-version":[{"id":2413,"href":"https:\/\/www.transordizia.com\/de\/wp-json\/wp\/v2\/pages\/1445\/revisions\/2413"}],"wp:attachment":[{"href":"https:\/\/www.transordizia.com\/de\/wp-json\/wp\/v2\/media?parent=1445"}],"curies":[{"name":"wp","href":"https:\/\/api.w.org\/{rel}","templated":true}]}}